{"id":2223,"date":"2024-10-20T11:39:01","date_gmt":"2024-10-20T09:39:01","guid":{"rendered":"https:\/\/arkaute.innobask.net\/?page_id=2223"},"modified":"2025-02-28T13:07:19","modified_gmt":"2025-02-28T12:07:19","slug":"tk-gune","status":"publish","type":"page","link":"https:\/\/www.arkaute.net\/eu\/enpresa-zara\/tk-gune\/","title":{"rendered":"TK Gune"},"content":{"rendered":"<div class=\"wpb-content-wrapper\"><p>[vc_row gap=&#8221;35&#8243; css_animation=&#8221;fadeInLeft&#8221; css=&#8221;.vc_custom_1730827939592{margin-bottom: 35px !important;}&#8221;][vc_column width=&#8221;2\/3&#8243;][vc_column_text css=&#8221;.vc_custom_1737308072361{margin-top: 0px !important;margin-bottom: 0px !important;padding-top: 0px !important;}&#8221;]<\/p>\n<h3>Zure enpresan berrikuntza bultzatu nahi baduzu, lehiakorragoa izango dela bermatuz, <strong><a href=\"https:\/\/tkgune.eus\/\" target=\"_blank\" rel=\"noopener\">Teknikaren TK-Gune programak<\/a><\/strong>, Arkaute Nekazaritza LHIIrekin lankidetzan, lagunduko dizu.<\/h3>\n<p>Gure ikastetxean ezagutzen dugu\u00a0 gure irakasleen gaitasunak eguneratzearen eta ikasleen trebetasunak hobetzearen garrantzia, enpresekin lotutako dinamiken bidez.<\/p>\n<p>Teknikaren TK-Gune programak ematen digu aukera hori, LHko zentroen eta enpresen artean ezagutzaren aldebiko transferentzia sortuz.<\/p>\n<p>Gakoa berrikuntza- eta hobekuntza-proiektuak garatzea da, bai enpresa txiki eta ertainetan, eta proiektu horiek bien beharretara egokitzea. Horretarako, ikastetxeak enpresen eskura jartzen du gure ingurune estrategikoaren indargunea.[\/vc_column_text][\/vc_column][vc_column width=&#8221;1\/3&#8243; el_class=&#8221;destacados_hierba&#8221;][vc_single_image image=&#8221;635&#8243; img_size=&#8221;300&#215;200&#8243; css=&#8221;.vc_custom_1734082659919{margin-bottom: 0px !important;padding-top: 35px !important;}&#8221;][vc_column_text css=&#8221;&#8221;]<a href=\"https:\/\/www.arkaute.net\/wp-content\/uploads\/2024\/12\/CIFP_Agrario_Arkaute-TKgune.pdf\" target=\"_blank\" rel=\"noopener\">Gure katalogoa deskargatu<\/a>[\/vc_column_text][vc_column_text css=&#8221;&#8221;]<a href=\"https:\/\/tkgune.eus\/eu\/\" target=\"_blank\" rel=\"noopener\">TK-Gune<\/a>[\/vc_column_text][\/vc_column][\/vc_row][vc_row gap=&#8221;35&#8243; css_animation=&#8221;fadeInRight&#8221; css=&#8221;.vc_custom_1732989117784{margin-bottom: 35px !important;}&#8221;][vc_column][vc_column_text css=&#8221;.vc_custom_1740403690298{margin-top: 0px !important;padding-top: 0px !important;}&#8221;]<\/p>\n<h3>Nekazaritza sektorean dugun eragin-eremuaren barruan, instalazio eta tresna metodologiko hauek eskaintzen ditugu:<\/h3>\n<p>[\/vc_column_text][vc_row_inner equal_height=&#8221;yes&#8221;][vc_column_inner el_class=&#8221;destacados_hierba_2BC&#8221; width=&#8221;1\/2&#8243; css=&#8221;.vc_custom_1730897952642{padding-top: 0px !important;padding-bottom: 20px !important;}&#8221;][vc_single_image image=&#8221;856&#8243; img_size=&#8221;full&#8221; css=&#8221;.vc_custom_1730897742917{margin-bottom: 0px !important;padding-bottom: 0px !important;}&#8221;][vc_column_text css=&#8221;.vc_custom_1740403819192{margin-top: 0px !important;margin-bottom: 0px !important;padding-top: 0px !important;}&#8221;]<\/p>\n<h3><strong>Nekazaritza-sektorea eta industria-sektorea<\/strong><\/h3>\n<ul>\n<li>GPSa eta autogidatua duten traktoreak.<\/li>\n<li>Lanabesak egokitzeko tailer mekanikoa.<\/li>\n<li>Laboreak, makineria eta lanabesak testatzeko finkak.<\/li>\n<li>Makinentzako berariazko esposizio-eremua.<\/li>\n<li>Laboreetarako lanabesak.<\/li>\n<li>Berotegi egokituak.<\/li>\n<\/ul>\n<p>[\/vc_column_text][\/vc_column_inner][vc_column_inner el_class=&#8221;destacados_hierba_2BC&#8221; width=&#8221;1\/2&#8243; css=&#8221;.vc_custom_1730897960917{padding-top: 0px !important;padding-bottom: 20px !important;}&#8221;][vc_single_image image=&#8221;858&#8243; img_size=&#8221;full&#8221; css=&#8221;.vc_custom_1730897750581{margin-bottom: 0px !important;padding-bottom: 0px !important;}&#8221;][vc_column_text css=&#8221;.vc_custom_1740403886458{margin-top: 0px !important;margin-bottom: 0px !important;padding-top: 0px !important;}&#8221;]<\/p>\n<h3><strong>Abeltzaintza-sektorea<\/strong><\/h3>\n<ul>\n<li>Larre sailak.<\/li>\n<li>Abeltzaintzako makineria espezifikoa.<\/li>\n<li>Hesi birtualerako lepokoak.<\/li>\n<\/ul>\n<p>[\/vc_column_text][\/vc_column_inner][\/vc_row_inner][vc_row_inner equal_height=&#8221;yes&#8221;][vc_column_inner el_class=&#8221;destacados_hierba_2BC&#8221; width=&#8221;1\/2&#8243; css=&#8221;.vc_custom_1730897967773{padding-top: 0px !important;padding-bottom: 20px !important;}&#8221;][vc_single_image image=&#8221;860&#8243; img_size=&#8221;full&#8221; css=&#8221;.vc_custom_1730897758005{margin-bottom: 0px !important;padding-bottom: 0px !important;}&#8221;][vc_column_text css=&#8221;.vc_custom_1740403942644{margin-bottom: 0px !important;}&#8221;]<\/p>\n<h3><strong>Lorezaintza-sektorea<br \/>\n<\/strong><\/h3>\n<ul>\n<li>Makinak, instalazioak eta landare apaingarriak testatzeko lorategi-espazioak.<\/li>\n<li>Lanabesak egokitzeko tailer mekanikoa.<\/li>\n<li>Makinentzako berariazko esposizio-eremua.<\/li>\n<li>Berotegi egokituak.<\/li>\n<\/ul>\n<p>[\/vc_column_text][\/vc_column_inner][vc_column_inner el_class=&#8221;destacados_hierba_2BC&#8221; width=&#8221;1\/2&#8243; css=&#8221;.vc_custom_1730897974526{padding-top: 0px !important;padding-bottom: 20px !important;}&#8221;][vc_single_image image=&#8221;862&#8243; img_size=&#8221;full&#8221; css=&#8221;.vc_custom_1730897764508{margin-bottom: 0px !important;padding-bottom: 0px !important;}&#8221;][vc_column_text css=&#8221;.vc_custom_1740404027369{margin-bottom: 0px !important;}&#8221;]<\/p>\n<h3><strong>Loradendako sektorea<br \/>\n<\/strong><\/h3>\n<ul>\n<li>Loradendako ikasgela-tailerra &#8220;tramer&#8221; erakustokiarekin eta argiztapen egokituarekin.<\/li>\n<\/ul>\n<p>[\/vc_column_text][\/vc_column_inner][\/vc_row_inner][\/vc_column][\/vc_row][vc_row full_width=&#8221;stretch_row&#8221; parallax=&#8221;content-moving&#8221; parallax_image=&#8221;373&#8243; parallax_speed_bg=&#8221;2&#8243; css_animation=&#8221;bounceInRight&#8221; disable_element=&#8221;yes&#8221; css=&#8221;.vc_custom_1732989417740{background-color: #F6F8F7 !important;}&#8221;][vc_column][vc_column_text css=&#8221;&#8221;]<\/p>\n<h3>Proyectos que se han llevado a cabo o que se podr\u00edan llevar a cabo con TK-Gune en Agrario Arkaute<\/h3>\n<p>[\/vc_column_text][\/vc_column][\/vc_row][vc_row full_width=&#8221;stretch_row&#8221; gap=&#8221;35&#8243; css_animation=&#8221;bounceInRight&#8221; css=&#8221;.vc_custom_1730372500537{margin-top: 30px !important;background-color: #FFFFFF !important;}&#8221;][vc_column el_class=&#8221;destacado-mov-oscilante&#8221;][vc_column_text css=&#8221;&#8221;]<\/p>\n<h3 style=\"text-align: center;\">Enpresa bat zara eta Arkaute Nekazaritza LHrekin berrikuntza aplikatuaren proiektu batean parte hartu nahi duzu?<\/h3>\n<p>[\/vc_column_text][vc_row_inner content_placement=&#8221;top&#8221; css=&#8221;.vc_custom_1730316415236{margin-bottom: 0px !important;padding-bottom: 0px !important;}&#8221;][vc_column_inner width=&#8221;1\/3&#8243;][\/vc_column_inner][vc_column_inner width=&#8221;1\/3&#8243;][vc_column_text css=&#8221;&#8221;]<\/p>\n<p style=\"text-align: center;\"><a href=\"mailto:tkgune@arkaute.net\" target=\"_blank\" rel=\"noopener\">tkgune@arkaute.net<\/a><\/p>\n<p>[\/vc_column_text][\/vc_column_inner][vc_column_inner width=&#8221;1\/3&#8243;][\/vc_column_inner][\/vc_row_inner][\/vc_column][\/vc_row][vc_row full_width=&#8221;stretch_row&#8221; parallax=&#8221;content-moving&#8221; parallax_image=&#8221;379&#8243; parallax_speed_bg=&#8221;2&#8243; css_animation=&#8221;bounceInRight&#8221; disable_element=&#8221;yes&#8221; css=&#8221;.vc_custom_1730891138204{background-color: #F6F8F7 !important;}&#8221;][vc_column][vc_column_text css=&#8221;.vc_custom_1730648885524{border-bottom-width: 20px !important;}&#8221; el_class=&#8221;listadososcuro&#8221;]<\/p>\n<h2>C\u00f3mo funciona<\/h2>\n<p>[\/vc_column_text]<div class=\"cq-expandgrid cq-circular- cq-expandgrid- cq-expandgrid-avatar-40 cq-expandgrid-close-yes cq-expandgrid-in4  \" data-itemheight=\"\" data-autoslide=\"no\" data-itemsize=\"\" data-transparentitem=\"yes\" data-openfirst=\"\" data-labelfontsize=\"\" data-nocircular=\"\" data-subfontsize=\"\" data-scrollto=\"\" data-scrolloffset=\"0\"><div class=\"cq-expandgrid-item cq-expandgrid-initstate customized\" data-image=\"https:\/\/www.arkaute.net\/wp-content\/uploads\/2024\/10\/hierba-background-8.jpg\" data-bgstyle=\"customized\" data-backgroundcolor=\"#ADFA3A\" data-backgroundhovercolor=\"\" data-avatartype=\"icon\" data-avatar=\"\" data-contentcolor=\"#000000\" data-iconcolor=\"#000000\" data-iconsize=\"60px\" data-labelcolor=\"#000000\" data-subtitlecolor=\"#000000\" title=\"\"><div class=\"cq-expandgrid-face cq-expandgrid-toggle\" style=\"background-color: #ADFA3A\"><div class=\"cq-expandgrid-facecontent\"><i class=\"cq-expandgrid-icon fas fa-eye\"><\/i><span class=\"cq-expandgrid-title\">1 - Identificaci\u00f3n del proyecto de colaboraci\u00f3n<\/span> <\/div><div class=\"cq-expandgrid-arrow\" style=\"border-bottom:15px solid #ADFA3A\"><\/div><\/div><div class=\"cq-expandgrid-content\" style=\"background-color: #ADFA3A\"><div class=\"cq-expandgrid-text\"><p>Las empresas se acercan a los centros debido a la relaci\u00f3n previa existente o TK-Gune se acerca a las empresas ofreciendo proyectos de colaboraci\u00f3n. Se re\u00fanen con las empresas, identifican sus necesidades y valoran posibles proyectos de colaboraci\u00f3n.<\/p>\n<\/div><i class=\"fa fa-close cq-expandgrid-close\"><\/i><\/div><\/div><div class=\"cq-expandgrid-item cq-expandgrid-initstate customized\" data-image=\"https:\/\/www.arkaute.net\/wp-content\/uploads\/2024\/10\/hierba-background-8.jpg\" data-bgstyle=\"customized\" data-backgroundcolor=\"#ADFA3A\" data-backgroundhovercolor=\"\" data-avatartype=\"icon\" data-avatar=\"\" data-contentcolor=\"#000000\" data-iconcolor=\"#000000\" data-iconsize=\"60px\" data-labelcolor=\"#000000\" data-subtitlecolor=\"#000000\" title=\"\"><div class=\"cq-expandgrid-face cq-expandgrid-toggle\" style=\"background-color: #ADFA3A\"><div class=\"cq-expandgrid-facecontent\"><i class=\"cq-expandgrid-icon fas fa-edit\"><\/i><span class=\"cq-expandgrid-title\">2 - Definici\u00f3n del proyecto de colaboraci\u00f3n<\/span> <\/div><div class=\"cq-expandgrid-arrow\" style=\"border-bottom:15px solid #ADFA3A\"><\/div><\/div><div class=\"cq-expandgrid-content\" style=\"background-color: #ADFA3A\"><div class=\"cq-expandgrid-text\"><p>Se concreta un proyecto para dar respuesta a las carencias detectadas. Se define el proyecto a llevar a cabo (participantes, recursos, equipos, plazos&#8230;). Se acuerda un presupuesto y se firma con la empresa.<\/p>\n<\/div><i class=\"fa fa-close cq-expandgrid-close\"><\/i><\/div><\/div><div class=\"cq-expandgrid-item cq-expandgrid-initstate customized\" data-image=\"https:\/\/www.arkaute.net\/wp-content\/uploads\/2024\/10\/hierba-background-8.jpg\" data-bgstyle=\"customized\" data-backgroundcolor=\"#ADFA3A\" data-backgroundhovercolor=\"\" data-avatartype=\"icon\" data-avatar=\"\" data-contentcolor=\"#6D7174\" data-iconcolor=\"#000000\" data-iconsize=\"60PX\" data-labelcolor=\"#000000\" data-subtitlecolor=\"#000000\" title=\"\"><div class=\"cq-expandgrid-face cq-expandgrid-toggle\" style=\"background-color: #ADFA3A\"><div class=\"cq-expandgrid-facecontent\"><i class=\"cq-expandgrid-icon fas fa-cogs\"><\/i><span class=\"cq-expandgrid-title\">3 - Desarrollo del proyecto de colaboraci\u00f3n<\/span> <\/div><div class=\"cq-expandgrid-arrow\" style=\"border-bottom:15px solid #ADFA3A\"><\/div><\/div><div class=\"cq-expandgrid-content\" style=\"background-color: #ADFA3A\"><div class=\"cq-expandgrid-text\"><p>Se da inicio al proyecto y se hace un seguimiento durante todo el proceso. Al cumplir los compromisos de ambas partes, se factura el servicio y se da por concluido. Se da el cierre al proyecto y se analiza el cumplimiento de los objetivos y el grado de satisfacci\u00f3n.<\/p>\n<\/div><i class=\"fa fa-close cq-expandgrid-close\"><\/i><\/div><\/div><div class=\"cq-expandgrid-item cq-expandgrid-initstate customized\" data-image=\"https:\/\/www.arkaute.net\/wp-content\/uploads\/2024\/10\/hierba-background-8.jpg\" data-bgstyle=\"customized\" data-backgroundcolor=\"#ADFA3A\" data-backgroundhovercolor=\"\" data-avatartype=\"icon\" data-avatar=\"\" data-contentcolor=\"#6D7174\" data-iconcolor=\"#000000\" data-iconsize=\"60PX\" data-labelcolor=\"#000000\" data-subtitlecolor=\"#000000\" title=\"\"><div class=\"cq-expandgrid-face cq-expandgrid-toggle\" style=\"background-color: #ADFA3A\"><div class=\"cq-expandgrid-facecontent\"><i class=\"cq-expandgrid-icon fas fa-paper-plane\"><\/i><span class=\"cq-expandgrid-title\">4 - Transferencia de conocimientos<\/span> <\/div><div class=\"cq-expandgrid-arrow\" style=\"border-bottom:15px solid #ADFA3A\"><\/div><\/div><div class=\"cq-expandgrid-content\" style=\"background-color: #ADFA3A\"><div class=\"cq-expandgrid-text\"><p>Se realiza la difusi\u00f3n del proyecto de colaboraci\u00f3n, realizando la transferencia interna y externa en los t\u00e9rminos acordados con la empresa. Los contenidos trabajados en el proyecto se difunden en el centro, posibilitando as\u00ed la actualizaci\u00f3n de los conocimientos del profesorado y el alumnado.<br \/>\nDifusi\u00f3n de los contenidos hacia la empresa, poniendo a su alcance todo el conocimiento adquirido en el proyecto.<\/p>\n<\/div><i class=\"fa fa-close cq-expandgrid-close\"><\/i><\/div><\/div><\/div>[\/vc_column][\/vc_row]<\/p>\n<\/div>","protected":false},"excerpt":{"rendered":"<p>[vc_row gap=&#8221;35&#8243; css_animation=&#8221;fadeInLeft&#8221; css=&#8221;.vc_custom_1730827939592{margin-bottom: 35px !important;}&#8221;][vc_column width=&#8221;2\/3&#8243;][vc_column_text css=&#8221;.vc_custom_1737308072361{margin-top: 0px !important;margin-bottom: 0px !important;padding-top: 0px !important;}&#8221;] Zure enpresan berrikuntza bultzatu nahi baduzu, lehiakorragoa izango dela bermatuz, Teknikaren TK-Gune<span class=\"excerpt-hellip\"> [\u2026]<\/span><\/p>\n","protected":false},"author":2,"featured_media":0,"parent":2221,"menu_order":0,"comment_status":"closed","ping_status":"closed","template":"","meta":{"footnotes":""},"categories":[],"tags":[],"class_list":["post-2223","page","type-page","status-publish","hentry"],"_links":{"self":[{"href":"https:\/\/www.arkaute.net\/eu\/wp-json\/wp\/v2\/pages\/2223","targetHints":{"allow":["GET"]}}],"collection":[{"href":"https:\/\/www.arkaute.net\/eu\/wp-json\/wp\/v2\/pages"}],"about":[{"href":"https:\/\/www.arkaute.net\/eu\/wp-json\/wp\/v2\/types\/page"}],"author":[{"embeddable":true,"href":"https:\/\/www.arkaute.net\/eu\/wp-json\/wp\/v2\/users\/2"}],"replies":[{"embeddable":true,"href":"https:\/\/www.arkaute.net\/eu\/wp-json\/wp\/v2\/comments?post=2223"}],"version-history":[{"count":6,"href":"https:\/\/www.arkaute.net\/eu\/wp-json\/wp\/v2\/pages\/2223\/revisions"}],"predecessor-version":[{"id":2906,"href":"https:\/\/www.arkaute.net\/eu\/wp-json\/wp\/v2\/pages\/2223\/revisions\/2906"}],"up":[{"embeddable":true,"href":"https:\/\/www.arkaute.net\/eu\/wp-json\/wp\/v2\/pages\/2221"}],"wp:attachment":[{"href":"https:\/\/www.arkaute.net\/eu\/wp-json\/wp\/v2\/media?parent=2223"}],"wp:term":[{"taxonomy":"category","embeddable":true,"href":"https:\/\/www.arkaute.net\/eu\/wp-json\/wp\/v2\/categories?post=2223"},{"taxonomy":"post_tag","embeddable":true,"href":"https:\/\/www.arkaute.net\/eu\/wp-json\/wp\/v2\/tags?post=2223"}],"curies":[{"name":"wp","href":"https:\/\/api.w.org\/{rel}","templated":true}]}}