{"id":2188,"date":"2024-10-20T11:32:38","date_gmt":"2024-10-20T09:32:38","guid":{"rendered":"https:\/\/arkaute.innobask.net\/?page_id=2188"},"modified":"2025-10-23T11:29:20","modified_gmt":"2025-10-23T09:29:20","slug":"ziurtagiriak","status":"publish","type":"page","link":"https:\/\/www.arkaute.net\/eu\/ezagutu-gaitzazu\/ziurtagiriak\/","title":{"rendered":"Ziurtagiriak"},"content":{"rendered":"<div class=\"wpb-content-wrapper\"><p>[vc_row full_width=&#8221;stretch_row&#8221; css_animation=&#8221;bounceInLeft&#8221; css=&#8221;.vc_custom_1730706899367{margin-bottom: 0px !important;}&#8221;][vc_column][vc_column_text css=&#8221;.vc_custom_1736754073273{margin-top: 0px !important;margin-bottom: 35px !important;padding-top: 0px !important;}&#8221;]<\/p>\n<h2>KALITATE ZIURTAGIRIA<\/h2>\n<p>[\/vc_column_text][vc_row_inner css=&#8221;.vc_custom_1730706920076{margin-bottom: 0px !important;padding-bottom: 0px !important;}&#8221;][vc_column_inner width=&#8221;2\/3&#8243;][vc_column_text css=&#8221;.vc_custom_1761210630770{margin-top: 0px !important;margin-bottom: 35px !important;padding-top: 0px !important;}&#8221;]EL<strong>\u00a0CIFP Agrario Arkaute<\/strong>\u00a0entiende la calidad como parte fundamental de su filosof\u00eda y de su estrategia. Por ello se responsabiliza y adquiere el compromiso de establecer, desarrollar y mejorar continuamente un sistema de Calidad basado en la norma UNE-EN ISO 9001:2015, con el fin de conseguir su objetivo fundamental:<\/p>\n<p><em>\u201csatisfacer las necesidades y expectativas de sus clientes y de los grupos de inter\u00e9s conforme a la Misi\u00f3n y al Proyecto Estrat\u00e9gico de la entidad\u201d<\/em><\/p>\n<p>El compromiso con la calidad afecta a toda la organizaci\u00f3n. Todas las personas del centro entienden y aceptan este compromiso y su responsabilidad en el cumplimiento de los requisitos establecidos, y participan activamente en la mejora continua de la calidad y de la gesti\u00f3n, y en el logro de los objetivos institucionales.<\/p>\n<p>La Direcci\u00f3n facilitar\u00e1 los medios y la formaci\u00f3n necesarios para el desarrollo exitoso de las actividades.<\/p>\n<p>La filosof\u00eda y estrategia del CIFP Agrario Arkaute, fundamentada en la calidad, se identifica con las siguientes directrices:<\/p>\n<ul>\n<li>El trabajo bien hecho y la mejora continua de nuestras actividades, de los servicios que prestamos y de los procesos de trabajo.<\/li>\n<li>La aportaci\u00f3n de valor al alumnado, a los grupos de inter\u00e9s, al personal del centro y al personal colaborador externo, escuchando su voz y procurando satisfacer sus expectativas.<\/li>\n<li>El alineamiento de nuestros procesos y de nuestros proyectos con la misi\u00f3n, su visi\u00f3n y sus estrategias, procurando actuar conforme a las conductas que se recogen en la formulaci\u00f3n de los valores.<\/li>\n<li>La adopci\u00f3n de metodolog\u00edas de trabajo basadas en la cultura de la evidencia, la gesti\u00f3n a partir de datos y la disciplina del trabajo en equipo.<\/li>\n<li>La gesti\u00f3n de los procesos orientada a la mejora continua mediante la planificaci\u00f3n, el desarrollo y la revisi\u00f3n y mejora de los mismos.<\/li>\n<li>La mejora de los resultados definiendo los indicadores y objetivos y evaluando el nivel de logro de los mismos.<\/li>\n<\/ul>\n<p>Estas directrices se despliegan a trav\u00e9s de los siguientes procesos y proyectos:<\/p>\n<ul>\n<li>A trav\u00e9s de la formulaci\u00f3n Planes de Anuales y el cumplimiento de los objetivos.<\/li>\n<li>Implantaci\u00f3n y desarrollo de un sistema de la calidad seg\u00fan los requisitos de la norma UNE-EN ISO 9001:2015.<\/li>\n<li>Cumplimiento de requisitos legales y reglamentarios que afectan a nuestra actividad.<\/li>\n<li>Medici\u00f3n y an\u00e1lisis peri\u00f3dico de la satisfacci\u00f3n de clientes.<\/li>\n<li>Revisi\u00f3n del sistema de la calidad y mejora contin\u00faa de procesos.<\/li>\n<li>Auditor\u00edas internas y externas del sistema de la calidad.<\/li>\n<\/ul>\n<p>Reconociendo que los recursos y una prestaci\u00f3n del servicio basada en la calidad y la mejora continua es indispensable para nuestro futuro, el abajo firmante, en representaci\u00f3n de todo el personal que integra el CIFP Agrario Arkaute se compromete a ofrecer servicios que respondan a lo requerido por nuestros clientes.[\/vc_column_text]<div class=\"cq-buttoncontainer  \"><div class=\"animatetype-2\"><div><a href=\"https:\/\/arkaute.net\/wp-content\/uploads\/2024\/11\/aenor-grande.jpg\" title=\"\" target=\"_blank\" style=\"color:#000000;background-color:#ADFA3A;\" class=\"btn cqbtn-1\"><span class=\"txt\">Ziurtagiria deskargatu<\/span><span class=\"round\"><i style=\"margin-top:-9px;margin-left:-9px;\" class=\"fa fa-arrow-right\"><\/i><\/span><\/a><\/div><\/div><\/div>[\/vc_column_inner][vc_column_inner width=&#8221;1\/3&#8243;][vc_single_image image=&#8221;3413&#8243; img_size=&#8221;full&#8221; onclick=&#8221;link_image&#8221; css=&#8221;&#8221;][vc_single_image image=&#8221;3415&#8243; img_size=&#8221;full&#8221; onclick=&#8221;link_image&#8221; css=&#8221;&#8221;][\/vc_column_inner][\/vc_row_inner][\/vc_column][\/vc_row][vc_row full_width=&#8221;stretch_row&#8221; parallax=&#8221;content-moving&#8221; parallax_image=&#8221;373&#8243; css_animation=&#8221;bounceInRight&#8221; css=&#8221;.vc_custom_1730706954322{margin-top: 0px !important;margin-bottom: 0px !important;}&#8221;][vc_column][vc_column_text css=&#8221;.vc_custom_1740063872085{margin-top: 0px !important;padding-top: 0px !important;}&#8221;]<\/p>\n<h2>ZIURTAGIRI EKOLOGIKOA<\/h2>\n<p>[\/vc_column_text][vc_row_inner css=&#8221;.vc_custom_1730706939937{margin-bottom: 0px !important;padding-bottom: 0px !important;}&#8221;][vc_column_inner width=&#8221;2\/3&#8243;][vc_column_text css=&#8221;.vc_custom_1740063947053{margin-top: 0px !important;padding-top: 0px !important;}&#8221;]Arkaute Nekazaritza LHIIk azken hogei urteetan egindako lana Ekolurra zigiluarekin saritua izan da. Nekazaritza eredua aldatzen joan den bitartean, gu nekazaritza berritzaile, eredugarri, iraunkor eta kontserbadorea sustatzen saiatu gara.<\/p>\n<p>Nekazaritza ekologiakoaren eredua kontuan hartu zen eta zentroko partzela, baratze eta negutegietarako aldaketak hitzartu ziren. Geroago, egindako lana egokitzat jo zen, eta 2018an <a href=\"https:\/\/neiker.eus\/es\/\">Neiker-Tecnalia<\/a>rekin batera ziurtagiri ekologikoa lortuz aurrerapausoa eman genuen.[\/vc_column_text]<div class=\"cq-buttoncontainer  \"><div class=\"animatetype-2\"><div><a href=\"https:\/\/arkaute.net\/wp-content\/uploads\/2024\/11\/Certificados-Ekolurra-Neiker.pdf\" title=\"\" target=\"_blank\" style=\"color:#000000;background-color:#ADFA3A;\" class=\"btn cqbtn-1\"><span class=\"txt\">Ziurtagiria deskargatu<\/span><span class=\"round\"><i style=\"margin-top:-9px;margin-left:-9px;\" class=\"fa fa-arrow-right\"><\/i><\/span><\/a><\/div><\/div><\/div>[\/vc_column_inner][vc_column_inner width=&#8221;1\/3&#8243;][vc_single_image image=&#8221;519&#8243; img_size=&#8221;full&#8221; css=&#8221;&#8221;][\/vc_column_inner][\/vc_row_inner][\/vc_column][\/vc_row]<\/p>\n<\/div>","protected":false},"excerpt":{"rendered":"<p>[vc_row full_width=&#8221;stretch_row&#8221; css_animation=&#8221;bounceInLeft&#8221; css=&#8221;.vc_custom_1730706899367{margin-bottom: 0px !important;}&#8221;][vc_column][vc_column_text css=&#8221;.vc_custom_1736754073273{margin-top: 0px !important;margin-bottom: 35px !important;padding-top: 0px !important;}&#8221;] KALITATE ZIURTAGIRIA [\/vc_column_text][vc_row_inner css=&#8221;.vc_custom_1730706920076{margin-bottom: 0px !important;padding-bottom: 0px !important;}&#8221;][vc_column_inner width=&#8221;2\/3&#8243;][vc_column_text css=&#8221;.vc_custom_1761210630770{margin-top: 0px !important;margin-bottom: 35px<span class=\"excerpt-hellip\"> [\u2026]<\/span><\/p>\n","protected":false},"author":2,"featured_media":0,"parent":2201,"menu_order":0,"comment_status":"closed","ping_status":"closed","template":"","meta":{"footnotes":""},"categories":[],"tags":[],"class_list":["post-2188","page","type-page","status-publish","hentry"],"_links":{"self":[{"href":"https:\/\/www.arkaute.net\/eu\/wp-json\/wp\/v2\/pages\/2188","targetHints":{"allow":["GET"]}}],"collection":[{"href":"https:\/\/www.arkaute.net\/eu\/wp-json\/wp\/v2\/pages"}],"about":[{"href":"https:\/\/www.arkaute.net\/eu\/wp-json\/wp\/v2\/types\/page"}],"author":[{"embeddable":true,"href":"https:\/\/www.arkaute.net\/eu\/wp-json\/wp\/v2\/users\/2"}],"replies":[{"embeddable":true,"href":"https:\/\/www.arkaute.net\/eu\/wp-json\/wp\/v2\/comments?post=2188"}],"version-history":[{"count":8,"href":"https:\/\/www.arkaute.net\/eu\/wp-json\/wp\/v2\/pages\/2188\/revisions"}],"predecessor-version":[{"id":3425,"href":"https:\/\/www.arkaute.net\/eu\/wp-json\/wp\/v2\/pages\/2188\/revisions\/3425"}],"up":[{"embeddable":true,"href":"https:\/\/www.arkaute.net\/eu\/wp-json\/wp\/v2\/pages\/2201"}],"wp:attachment":[{"href":"https:\/\/www.arkaute.net\/eu\/wp-json\/wp\/v2\/media?parent=2188"}],"wp:term":[{"taxonomy":"category","embeddable":true,"href":"https:\/\/www.arkaute.net\/eu\/wp-json\/wp\/v2\/categories?post=2188"},{"taxonomy":"post_tag","embeddable":true,"href":"https:\/\/www.arkaute.net\/eu\/wp-json\/wp\/v2\/tags?post=2188"}],"curies":[{"name":"wp","href":"https:\/\/api.w.org\/{rel}","templated":true}]}}