{"id":80,"date":"2024-10-20T11:44:44","date_gmt":"2024-10-20T09:44:44","guid":{"rendered":"https:\/\/arkaute.innobask.net\/?page_id=80"},"modified":"2024-12-13T13:01:09","modified_gmt":"2024-12-13T12:01:09","slug":"contacto","status":"publish","type":"page","link":"https:\/\/www.arkaute.net\/es\/secretaria\/contacto\/","title":{"rendered":"Contacto"},"content":{"rendered":"<div class=\"wpb-content-wrapper\"><p>[vc_row css_animation=\u00bbfadeInLeft\u00bb][vc_column width=\u00bb1\/2&#8243; css=\u00bb.vc_custom_1730724753817{padding-top: 15px !important;}\u00bb][vc_icon icon_fontawesome=\u00bbfar fa-comments\u00bb color=\u00bbcustom\u00bb size=\u00bbxl\u00bb css=\u00bb\u00bb custom_color=\u00bb#6D7174&#8243;][vc_column_text css=\u00bb.vc_custom_1733138600731{margin-top: 0px !important;padding-top: 0px !important;}\u00bb]En la Secretar\u00eda de <strong>CIFP Agrario Arkaute<\/strong> estamos aqu\u00ed para ayudarte con todos los tr\u00e1mites administrativos y acad\u00e9micos. Desde matriculaciones y convalidaciones hasta la expedici\u00f3n de certificados y t\u00edtulos. Nuestro equipo est\u00e1 disponible para resolver tus dudas y orientarte en cada paso de tu formaci\u00f3n.[\/vc_column_text][vc_row_inner css=\u00bb.vc_custom_1734091243081{margin-bottom: 0px !important;padding-bottom: 0px !important;}\u00bb el_class=\u00bbtexto_general\u00bb][vc_column_inner width=\u00bb1\/2&#8243;][vc_icon icon_fontawesome=\u00bbfas fa-calendar-alt\u00bb color=\u00bbcustom\u00bb size=\u00bbxl\u00bb css=\u00bb\u00bb custom_color=\u00bb#6D7174&#8243;][vc_column_text css=\u00bb.vc_custom_1734091196778{margin-top: 0px !important;padding-top: 0px !important;}\u00bb]<\/p>\n<h3 style=\"text-align: left;\">Horario de atenci\u00f3n<\/h3>\n<p style=\"text-align: left;\"><strong>Lunes a Viernes 8:30-14:30<\/strong><br \/>\n<strong>Septiembre &#8211; julio<\/strong><\/p>\n<p>Tel: <a href=\"http:\/\/945 285 387\">945 285 387<\/a><br \/>\nEmail: <a href=\"mailto:arkaute@arkaute.net\">arkaute@arkaute.net<\/a>[\/vc_column_text][\/vc_column_inner][vc_column_inner width=\u00bb1\/2&#8243;][\/vc_column_inner][\/vc_row_inner][\/vc_column][vc_column width=\u00bb1\/2&#8243;][vc_gmaps link=\u00bb#E-8_JTNDaWZyYW1lJTIwc3JjJTNEJTIyaHR0cHMlM0ElMkYlMkZ3d3cuZ29vZ2xlLmNvbSUyRm1hcHMlMkZlbWJlZCUzRnBiJTNEJTIxMW0xOCUyMTFtMTIlMjExbTMlMjExZDM2MzcuMDYyMzM3MjUxMDM4JTIxMmQtMi42MjgwMjA1ODc4MDcyMDA1JTIxM2Q0Mi44NTQxOTAxMDM2MTk5OCUyMTJtMyUyMTFmMCUyMTJmMCUyMTNmMCUyMTNtMiUyMTFpMTAyNCUyMTJpNzY4JTIxNGYxMy4xJTIxM20zJTIxMW0yJTIxMXMweGQ0ZmMyYzljNWQzZTJiYiUyNTNBMHhmNmYzMjVhZjgwMmI4MTk1JTIxMnNDSUZQJTI1MjBJbnN0aXR1dG8lMjUyMEFncmFyaW8lMjUyMEFSS0FVVEUlMjE1ZTElMjEzbTIlMjExc2VzJTIxMnNlcyUyMTR2MTczMjYxMzI3MDk0NCUyMTVtMiUyMTFzZXMlMjEyc2VzJTIyJTIwd2lkdGglM0QlMjI2MDAlMjIlMjBoZWlnaHQlM0QlMjI0NTAlMjIlMjBzdHlsZSUzRCUyMmJvcmRlciUzQTAlM0IlMjIlMjBhbGxvd2Z1bGxzY3JlZW4lM0QlMjIlMjIlMjBsb2FkaW5nJTNEJTIybGF6eSUyMiUyMHJlZmVycmVycG9saWN5JTNEJTIybm8tcmVmZXJyZXItd2hlbi1kb3duZ3JhZGUlMjIlM0UlM0MlMkZpZnJhbWUlM0U=\u00bb size=\u00bb500px\u00bb css=\u00bb\u00bb][\/vc_column][\/vc_row][vc_row full_width=\u00bbstretch_row\u00bb parallax=\u00bbcontent-moving\u00bb parallax_image=\u00bb379&#8243; parallax_speed_bg=\u00bb2&#8243; css_animation=\u00bbbounceInRight\u00bb css=\u00bb.vc_custom_1730796847808{background-color: #F6F8F7 !important;}\u00bb][vc_column][vc_column_text css=\u00bb\u00bb]<\/p>\n<h2 style=\"text-align: center;\">S\u00edguenos en nuestras redes sociales<\/h2>\n<p>[\/vc_column_text][vc_row_inner][vc_column_inner width=\u00bb1\/6&#8243;][\/vc_column_inner][vc_column_inner width=\u00bb1\/6&#8243;]<a href=\"https:\/\/www.facebook.com\/arkaute\/\" title=\"\" target=\"_blank\" class=\"cq-sticker-link\"><div class=\"cq-sticker\" data-backgroundtype=\"solid\" data-backgroundcolor=\"#ADFA3A\" data-gradientcolor=\"\" data-image=\"\" data-icon=\"fab fa-facebook\" data-size=\"90px\" data-fontsize=\"\" data-fontcolor=\"#000000\" data-elementmargin=\"\" data-shadowopacity=\"0.8\"><\/div><\/a>[\/vc_column_inner][vc_column_inner width=\u00bb1\/6&#8243;]<a href=\"https:\/\/www.instagram.com\/AgrarioArkaute\/\" title=\"\" target=\"_blank\" class=\"cq-sticker-link\"><div class=\"cq-sticker\" data-backgroundtype=\"solid\" data-backgroundcolor=\"#ADFA3A\" data-gradientcolor=\"\" data-image=\"\" data-icon=\"fab fa-instagram\" data-size=\"90px\" data-fontsize=\"\" data-fontcolor=\"#000000\" data-elementmargin=\"\" data-shadowopacity=\"0.8\"><\/div><\/a>[\/vc_column_inner][vc_column_inner width=\u00bb1\/6&#8243;]<a href=\"https:\/\/twitter.com\/agrarioarkaute\" title=\"\" target=\"_blank\" class=\"cq-sticker-link\"><div class=\"cq-sticker\" data-backgroundtype=\"solid\" data-backgroundcolor=\"#ADFA3A\" data-gradientcolor=\"\" data-image=\"\" data-icon=\"fab fa-twitter\" data-size=\"90px\" data-fontsize=\"\" data-fontcolor=\"#000000\" data-elementmargin=\"\" data-shadowopacity=\"0.8\"><\/div><\/a>[\/vc_column_inner][vc_column_inner width=\u00bb1\/6&#8243;]<a href=\"https:\/\/www.youtube.com\/@agrarioarkaute\" title=\"\" target=\"_blank\" class=\"cq-sticker-link\"><div class=\"cq-sticker\" data-backgroundtype=\"solid\" data-backgroundcolor=\"#ADFA3A\" data-gradientcolor=\"\" data-image=\"\" data-icon=\"fab fa-youtube\" data-size=\"90px\" data-fontsize=\"\" data-fontcolor=\"#000000\" data-elementmargin=\"\" data-shadowopacity=\"0.8\"><\/div><\/a>[\/vc_column_inner][vc_column_inner width=\u00bb1\/6&#8243;][\/vc_column_inner][\/vc_row_inner][\/vc_column][\/vc_row]<\/p>\n<\/div>","protected":false},"excerpt":{"rendered":"<p>[vc_row css_animation=\u00bbfadeInLeft\u00bb][vc_column width=\u00bb1\/2&#8243; css=\u00bb.vc_custom_1730724753817{padding-top: 15px !important;}\u00bb][vc_icon icon_fontawesome=\u00bbfar fa-comments\u00bb color=\u00bbcustom\u00bb size=\u00bbxl\u00bb css=\u00bb\u00bb custom_color=\u00bb#6D7174&#8243;][vc_column_text css=\u00bb.vc_custom_1733138600731{margin-top: 0px !important;padding-top: 0px !important;}\u00bb]En la Secretar\u00eda de CIFP Agrario Arkaute estamos aqu\u00ed para<span class=\"excerpt-hellip\"> [\u2026]<\/span><\/p>\n","protected":false},"author":1,"featured_media":0,"parent":70,"menu_order":0,"comment_status":"closed","ping_status":"closed","template":"","meta":{"footnotes":""},"categories":[],"tags":[],"class_list":["post-80","page","type-page","status-publish","hentry"],"_links":{"self":[{"href":"https:\/\/www.arkaute.net\/es\/wp-json\/wp\/v2\/pages\/80","targetHints":{"allow":["GET"]}}],"collection":[{"href":"https:\/\/www.arkaute.net\/es\/wp-json\/wp\/v2\/pages"}],"about":[{"href":"https:\/\/www.arkaute.net\/es\/wp-json\/wp\/v2\/types\/page"}],"author":[{"embeddable":true,"href":"https:\/\/www.arkaute.net\/es\/wp-json\/wp\/v2\/users\/1"}],"replies":[{"embeddable":true,"href":"https:\/\/www.arkaute.net\/es\/wp-json\/wp\/v2\/comments?post=80"}],"version-history":[{"count":14,"href":"https:\/\/www.arkaute.net\/es\/wp-json\/wp\/v2\/pages\/80\/revisions"}],"predecessor-version":[{"id":2116,"href":"https:\/\/www.arkaute.net\/es\/wp-json\/wp\/v2\/pages\/80\/revisions\/2116"}],"up":[{"embeddable":true,"href":"https:\/\/www.arkaute.net\/es\/wp-json\/wp\/v2\/pages\/70"}],"wp:attachment":[{"href":"https:\/\/www.arkaute.net\/es\/wp-json\/wp\/v2\/media?parent=80"}],"wp:term":[{"taxonomy":"category","embeddable":true,"href":"https:\/\/www.arkaute.net\/es\/wp-json\/wp\/v2\/categories?post=80"},{"taxonomy":"post_tag","embeddable":true,"href":"https:\/\/www.arkaute.net\/es\/wp-json\/wp\/v2\/tags?post=80"}],"curies":[{"name":"wp","href":"https:\/\/api.w.org\/{rel}","templated":true}]}}