{"id":78,"date":"2024-10-20T11:44:26","date_gmt":"2024-10-20T09:44:26","guid":{"rendered":"https:\/\/arkaute.innobask.net\/?page_id=78"},"modified":"2025-09-04T11:08:50","modified_gmt":"2025-09-04T09:08:50","slug":"tramites","status":"publish","type":"page","link":"https:\/\/www.arkaute.net\/es\/secretaria\/tramites\/","title":{"rendered":"Otros tr\u00e1mites"},"content":{"rendered":"<div class=\"wpb-content-wrapper\"><p>[vc_row css_animation=\u00bbbounceInLeft\u00bb css=\u00bb.vc_custom_1733140326880{margin-bottom: 30px !important;}\u00bb][vc_column][vc_column_text css=\u00bb.vc_custom_1733140284865{margin-top: 0px !important;margin-bottom: 0px !important;padding-top: 0px !important;}\u00bb]En la Secretar\u00eda de<strong> CIFP Agrario Arkaute<\/strong>, aparte de las matriculaciones, gestionamos otros tr\u00e1mites relacionados con la vida acad\u00e9mica: certificados, becas, expedientes acad\u00e9micos, solicitud y recogida de los t\u00edtulos de los Ciclos o Certificados Profesionales.<\/p>\n<p>Te informamos sobre todas las becas disponibles y la que m\u00e1s puede convenirte para que puedas formarte y complementar tus estudios con programas de movilidad, pero adem\u00e1s, te podemos ayudar en el proceso.[\/vc_column_text][\/vc_column][\/vc_row][vc_row css_animation=\u00bbbounceInLeft\u00bb][vc_column width=\u00bb2\/3&#8243; el_class=\u00bbfondo_centrado_logo\u00bb][vc_tta_accordion gap=\u00bb15&#8243; active_section=\u00bb\u00bb collapsible_all=\u00bbtrue\u00bb][vc_tta_section title=\u00bbAyudas al estudio de estudiantes de niveles no universitarios\u00bb tab_id=\u00bb1733140294086-40a6d6fb-4e1d\u00bb][vc_column_text css=\u00bb\u00bb]Esta beca est\u00e1 dirigida al alumnado de ense\u00f1anzas no universitarias, como FP b\u00e1sica, de grado medio y superior, que curse sus estudios en centros autorizados y ubicados en Euskadi. Estas ayudas tienen componentes como el de la cuant\u00eda fija ligada a la residencia o el componente ligado a la excelencia en el rendimiento acad\u00e9mico.[\/vc_column_text]<div class=\"cq-buttoncontainer  \"><div class=\"animatetype-2\"><div><a href=\"https:\/\/www.euskadi.eus\/becas-y-ayudas-al-estudio-para-la-escolarizacion-de-estudiantes-de-niveles-no-universitarios\/web01-a2hikasl\/es\/\" title=\"\" target=\"_blank\" style=\"color:#000000;background-color:#ADFA3A;\" class=\"btn cqbtn-1\"><span class=\"txt\">+ info<\/span><span class=\"round\"><i style=\"margin-top:-9px;margin-left:-9px;\" class=\"fa fa-arrow-right\"><\/i><\/span><\/a><\/div><\/div><\/div>[\/vc_tta_section][vc_tta_section title=\u00bbAsignaciones de transporte escolar para alumnado matriculado en FP B\u00e1sica y Grado Medio\u00bb tab_id=\u00bb1733140294135-d968b87f-d94f\u00bb][vc_column_text css=\u00bb\u00bb]Esta beca est\u00e1 dirigida a todo el alumnado que por diferentes circunstancias y motivos, no posee las mismas oportunidades para garantizar la accesibilidad a una educaci\u00f3n de calidad. Por ello esta ayuda tiene como objetivo financiar el transporte escolar parcial o totalmente.[\/vc_column_text]<div class=\"cq-buttoncontainer  \"><div class=\"animatetype-2\"><div><a href=\"https:\/\/www.euskadi.eus\/ayuda_subvencion\/2024\/transp-escolar\/web01-tramite\/es\/\" title=\"\" target=\"_blank\" style=\"color:#000000;background-color:#ADFA3A;\" class=\"btn cqbtn-1\"><span class=\"txt\">+ info<\/span><span class=\"round\"><i style=\"margin-top:-9px;margin-left:-9px;\" class=\"fa fa-arrow-right\"><\/i><\/span><\/a><\/div><\/div><\/div>[\/vc_tta_section][vc_tta_section title=\u00bbErasmus + para la movilidad alumnado\u00bb tab_id=\u00bb1733140294184-4862b7b1-8227&#8243;][vc_column_text css=\u00bb\u00bb]Esta beca est\u00e1 dirigida al alumnado que quiere realizar parte de su formaci\u00f3n en la Uni\u00f3n Europea. La formaci\u00f3n se realiza en un centro de trabajo o en un centro de FP.<\/p>\n<p>La <b>solicitud en caso de estar interesado\/a se debe realizar en el centro<\/b> donde se realizan los estudios.[\/vc_column_text]<div class=\"cq-buttoncontainer  \"><div class=\"animatetype-2\"><div><a href=\"https:\/\/erasmus-plus.ec.europa.eu\/es\/opportunities\/individuals\/trainees\/vocational-education-apprenticeships-and-recent-graduates\" title=\"\" target=\"_blank\" style=\"color:#000000;background-color:#ADFA3A;\" class=\"btn cqbtn-1\"><span class=\"txt\">+ info<\/span><span class=\"round\"><i style=\"margin-top:-9px;margin-left:-9px;\" class=\"fa fa-arrow-right\"><\/i><\/span><\/a><\/div><\/div><\/div>[\/vc_tta_section][vc_tta_section title=\u00bbBecas para niveles postobligatorios Ministerio de Educaci\u00f3n\u00bb tab_id=\u00bb1733140294283-16e09792-6e49&#8243;][vc_column_text css=\u00bb\u00bb]Esta beca est\u00e1 dirigida al alumnado que quiere realizar estudios no obligatorios, como los ciclos de Formaci\u00f3n Profesional de grado medio y superior. Esta ayuda del Ministerio de Educaci\u00f3n del Gobierno de Espa\u00f1a cubre una variedad de conceptos, como matr\u00edcula, material, transporte o residencia.[\/vc_column_text]<div class=\"cq-buttoncontainer  \"><div class=\"animatetype-2\"><div><a href=\"https:\/\/www.educacionfpydeportes.gob.es\/servicios-al-ciudadano\/catalogo\/general\/05\/050130\/ficha\/050130-2024.html#dc1\" title=\"\" target=\"_blank\" style=\"color:#000000;background-color:#ADFA3A;\" class=\"btn cqbtn-1\"><span class=\"txt\">+ info<\/span><span class=\"round\"><i style=\"margin-top:-9px;margin-left:-9px;\" class=\"fa fa-arrow-right\"><\/i><\/span><\/a><\/div><\/div><\/div>[\/vc_tta_section][vc_tta_section title=\u00bbBecas Global Training\u00bb tab_id=\u00bb1733140294331-082abc5f-d77e\u00bb][vc_column_text css=\u00bb\u00bb]Esta beca est\u00e1 dirigida a j\u00f3venes del Pa\u00eds Vasco <b>menores de 30 a\u00f1os<\/b> con Titulaci\u00f3n universitaria superior de Grado o <b>FP de grado superior<\/b>.<\/p>\n<p>Ofrece la oportunidad de formarse profesionalmente en el extranjero realizando pr\u00e1cticas remuneradas en empresas o instituciones adecuadas a tu especialidad acad\u00e9mica.[\/vc_column_text]<div class=\"cq-buttoncontainer  \"><div class=\"animatetype-2\"><div><a href=\"https:\/\/basquetrade.spri.eus\/es\/ayudas\/global-training-programa-movilidad-internacional\/\" title=\"\" target=\"_blank\" style=\"color:#000000;background-color:#ADFA3A;\" class=\"btn cqbtn-1\"><span class=\"txt\">+ info<\/span><span class=\"round\"><i style=\"margin-top:-9px;margin-left:-9px;\" class=\"fa fa-arrow-right\"><\/i><\/span><\/a><\/div><\/div><\/div>[\/vc_tta_section][\/vc_tta_accordion][\/vc_column][vc_column width=\u00bb1\/3&#8243;][vc_single_image image=\u00bb3058&#8243; img_size=\u00bbfull\u00bb css=\u00bb\u00bb][\/vc_column][\/vc_row][vc_row full_width=\u00bbstretch_row\u00bb gap=\u00bb35&#8243; css_animation=\u00bbbounceInRight\u00bb disable_element=\u00bbyes\u00bb css=\u00bb.vc_custom_1733140250122{margin-top: 30px !important;background-color: #FFFFFF !important;}\u00bb][vc_column el_class=\u00bbdestacado-mov-oscilante\u00bb][vc_column_text css=\u00bb\u00bb]<\/p>\n<h3 style=\"text-align: center;\">Solicita tu t\u00edtulo y te lo gestionaremos lo antes posible<\/h3>\n<p style=\"text-align: center;\"><a href=\"#\">Solicita tu t\u00edtulo<\/a><\/p>\n<p>[\/vc_column_text][\/vc_column][\/vc_row]<\/p>\n<\/div>","protected":false},"excerpt":{"rendered":"<p>[vc_row css_animation=\u00bbbounceInLeft\u00bb css=\u00bb.vc_custom_1733140326880{margin-bottom: 30px !important;}\u00bb][vc_column][vc_column_text css=\u00bb.vc_custom_1733140284865{margin-top: 0px !important;margin-bottom: 0px !important;padding-top: 0px !important;}\u00bb]En la Secretar\u00eda de CIFP Agrario Arkaute, aparte de las matriculaciones, gestionamos otros tr\u00e1mites relacionados<span class=\"excerpt-hellip\"> [\u2026]<\/span><\/p>\n","protected":false},"author":1,"featured_media":0,"parent":70,"menu_order":0,"comment_status":"closed","ping_status":"closed","template":"","meta":{"footnotes":""},"categories":[],"tags":[],"class_list":["post-78","page","type-page","status-publish","hentry"],"_links":{"self":[{"href":"https:\/\/www.arkaute.net\/es\/wp-json\/wp\/v2\/pages\/78","targetHints":{"allow":["GET"]}}],"collection":[{"href":"https:\/\/www.arkaute.net\/es\/wp-json\/wp\/v2\/pages"}],"about":[{"href":"https:\/\/www.arkaute.net\/es\/wp-json\/wp\/v2\/types\/page"}],"author":[{"embeddable":true,"href":"https:\/\/www.arkaute.net\/es\/wp-json\/wp\/v2\/users\/1"}],"replies":[{"embeddable":true,"href":"https:\/\/www.arkaute.net\/es\/wp-json\/wp\/v2\/comments?post=78"}],"version-history":[{"count":19,"href":"https:\/\/www.arkaute.net\/es\/wp-json\/wp\/v2\/pages\/78\/revisions"}],"predecessor-version":[{"id":3072,"href":"https:\/\/www.arkaute.net\/es\/wp-json\/wp\/v2\/pages\/78\/revisions\/3072"}],"up":[{"embeddable":true,"href":"https:\/\/www.arkaute.net\/es\/wp-json\/wp\/v2\/pages\/70"}],"wp:attachment":[{"href":"https:\/\/www.arkaute.net\/es\/wp-json\/wp\/v2\/media?parent=78"}],"wp:term":[{"taxonomy":"category","embeddable":true,"href":"https:\/\/www.arkaute.net\/es\/wp-json\/wp\/v2\/categories?post=78"},{"taxonomy":"post_tag","embeddable":true,"href":"https:\/\/www.arkaute.net\/es\/wp-json\/wp\/v2\/tags?post=78"}],"curies":[{"name":"wp","href":"https:\/\/api.w.org\/{rel}","templated":true}]}}