{"id":76,"date":"2024-10-20T11:44:04","date_gmt":"2024-10-20T09:44:04","guid":{"rendered":"https:\/\/arkaute.innobask.net\/?page_id=76"},"modified":"2026-02-05T12:47:17","modified_gmt":"2026-02-05T11:47:17","slug":"puertas-abiertas","status":"publish","type":"page","link":"https:\/\/www.arkaute.net\/es\/secretaria\/puertas-abiertas\/","title":{"rendered":"Puertas abiertas"},"content":{"rendered":"<div class=\"wpb-content-wrapper\"><p>[vc_row equal_height=\u00bbyes\u00bb content_placement=\u00bbmiddle\u00bb css_animation=\u00bbfadeInLeft\u00bb][vc_column width=\u00bb1\/2&#8243;][vc_column_text css=\u00bb\u00bb]<\/p>\n<h3>\u00bfTe apasiona la naturaleza, el medio ambiente y el mundo rural?<\/h3>\n<h3>\u00a1Este es tu momento!<\/h3>\n<p>Te invitamos a las Jornadas de Puertas Abiertas de <strong>CIFP Agrario Arkaute<\/strong>, donde podr\u00e1s descubrir de primera mano nuestras instalaciones, terrenos, nuestras metodolog\u00edas, conocer a nuestro profesorado y explorar todas las oportunidades educativas que ofrecemos.<\/p>\n<p>Desde la gesti\u00f3n agr\u00edcola sostenible, la producci\u00f3n ganadera, pasando por la jardiner\u00eda y el paisajismo, te mostramos c\u00f3mo convertir tu pasi\u00f3n por el campo y la naturaleza en una carrera profesional con futuro.[\/vc_column_text][vc_row_inner][vc_column_inner el_class=\u00bbdestacado-mov-oscilante\u00bb][vc_column_text css_animation=\u00bbflipInY\u00bb css=\u00bb\u00bb]<\/p>\n<h3 style=\"text-align: center;\">FECHAS<br \/>\n16 de abril jueves 2026\u00a0 a las 16:00h<\/h3>\n<h3 style=\"text-align: center;\">\u00a0 6 de mayo mi\u00e9rcoles 2026\u00a0 a las 16:00h<\/h3>\n<p style=\"text-align: center;\"><a href=\"https:\/\/forms.gle\/Azhb1ehBvipW39Si9\"><strong>INSCRIPCIONES<\/strong><\/a><\/p>\n<p>&nbsp;[\/vc_column_text][\/vc_column_inner][\/vc_row_inner][\/vc_column][vc_column width=\u00bb1\/2&#8243;]<div class=\"cq-diamondgrid-container  \" data-tooltipposition=\"top\" data-itembgcolor=\"#FFFFFF\"><div class=\"cq-diamondgrid\"><ul class=\"cq-diamondgrid-ul cq-diamondgrid-large\"><li class=\"cq-diamondgrid-itemcontainer\" title=\"Actividades agropecuarias\" data-iconcolor=\"\" data-iconhovercolor=\"\" data-backgroundcolor=\"#ADFA3A\" data-backgroundhovercolor=\"\" data-lightboxmode=\"boxer\" data-tooltipanimation=\"grow\"><a href=\"https:\/\/arkaute.net\/es\/estudia\/actividades-agropecuarias\/\" class=\"cq-diamondgrid-link\" title=\"\" target=\"\"><div class=\"cq-diamondgrid-item\" data-image=\"https:\/\/www.arkaute.net\/wp-content\/uploads\/2024\/12\/FP_basica_actividades_agropecuarias-cifp_agrario_arkaute-4.jpg\"><\/div><i class=\"cq-diamondgrid-icon \"><\/i><\/a><\/li><li class=\"cq-diamondgrid-itemcontainer\" title=\"Producci\u00f3n Agroecol\u00f3gica\" data-iconcolor=\"\" data-iconhovercolor=\"\" data-backgroundcolor=\"#ADFA3A\" data-backgroundhovercolor=\"\" data-lightboxmode=\"boxer\" data-tooltipanimation=\"grow\"><a href=\"https:\/\/arkaute.net\/es\/estudia\/produccion-agroecologica\/\" class=\"cq-diamondgrid-link\" title=\"\" target=\"\"><div class=\"cq-diamondgrid-item\" data-image=\"https:\/\/www.arkaute.net\/wp-content\/uploads\/2024\/12\/produccion_agroecologica-cifp_agrario_arkaute-20.jpg\"><\/div><i class=\"cq-diamondgrid-icon \"><\/i><\/a><\/li><li class=\"cq-diamondgrid-itemcontainer\" title=\"Jardiner\u00eda y florister\u00eda\" data-iconcolor=\"\" data-iconhovercolor=\"\" data-backgroundcolor=\"#ADFA3A\" data-backgroundhovercolor=\"\" data-lightboxmode=\"boxer\" data-tooltipanimation=\"grow\"><a href=\"https:\/\/arkaute.net\/es\/estudia\/jardineria-y-floristeria\/\" class=\"cq-diamondgrid-link\" title=\"\" target=\"\"><div class=\"cq-diamondgrid-item\" data-image=\"https:\/\/www.arkaute.net\/wp-content\/uploads\/2024\/12\/jardineria_floristeria_cifp_agrario_arkaute-11.jpg\"><\/div><i class=\"cq-diamondgrid-icon \"><\/i><\/a><\/li><li class=\"cq-diamondgrid-itemcontainer\" title=\"Paisaj\u00edsmo y medio rural\" data-iconcolor=\"\" data-iconhovercolor=\"\" data-backgroundcolor=\"#ADFA3A\" data-backgroundhovercolor=\"\" data-lightboxmode=\"boxer\" data-tooltipanimation=\"grow\"><a href=\"https:\/\/arkaute.net\/es\/estudia\/paisajismo-y-medio-rural\/\" class=\"cq-diamondgrid-link\" title=\"\" target=\"\"><div class=\"cq-diamondgrid-item\" data-image=\"https:\/\/www.arkaute.net\/wp-content\/uploads\/2024\/12\/paisajismo_medio_rural_cifp_agrario_arkaute-28.jpg\"><\/div><i class=\"cq-diamondgrid-icon \"><\/i><\/a><\/li><\/ul><\/div><\/div>[\/vc_column][\/vc_row]<\/p>\n<\/div>","protected":false},"excerpt":{"rendered":"<p>[vc_row equal_height=\u00bbyes\u00bb content_placement=\u00bbmiddle\u00bb css_animation=\u00bbfadeInLeft\u00bb][vc_column width=\u00bb1\/2&#8243;][vc_column_text css=\u00bb\u00bb] \u00bfTe apasiona la naturaleza, el medio ambiente y el mundo rural? \u00a1Este es tu momento! Te invitamos a las Jornadas<span class=\"excerpt-hellip\"> [\u2026]<\/span><\/p>\n","protected":false},"author":1,"featured_media":0,"parent":70,"menu_order":0,"comment_status":"closed","ping_status":"closed","template":"","meta":{"footnotes":""},"categories":[],"tags":[],"class_list":["post-76","page","type-page","status-publish","hentry"],"_links":{"self":[{"href":"https:\/\/www.arkaute.net\/es\/wp-json\/wp\/v2\/pages\/76","targetHints":{"allow":["GET"]}}],"collection":[{"href":"https:\/\/www.arkaute.net\/es\/wp-json\/wp\/v2\/pages"}],"about":[{"href":"https:\/\/www.arkaute.net\/es\/wp-json\/wp\/v2\/types\/page"}],"author":[{"embeddable":true,"href":"https:\/\/www.arkaute.net\/es\/wp-json\/wp\/v2\/users\/1"}],"replies":[{"embeddable":true,"href":"https:\/\/www.arkaute.net\/es\/wp-json\/wp\/v2\/comments?post=76"}],"version-history":[{"count":16,"href":"https:\/\/www.arkaute.net\/es\/wp-json\/wp\/v2\/pages\/76\/revisions"}],"predecessor-version":[{"id":3584,"href":"https:\/\/www.arkaute.net\/es\/wp-json\/wp\/v2\/pages\/76\/revisions\/3584"}],"up":[{"embeddable":true,"href":"https:\/\/www.arkaute.net\/es\/wp-json\/wp\/v2\/pages\/70"}],"wp:attachment":[{"href":"https:\/\/www.arkaute.net\/es\/wp-json\/wp\/v2\/media?parent=76"}],"wp:term":[{"taxonomy":"category","embeddable":true,"href":"https:\/\/www.arkaute.net\/es\/wp-json\/wp\/v2\/categories?post=76"},{"taxonomy":"post_tag","embeddable":true,"href":"https:\/\/www.arkaute.net\/es\/wp-json\/wp\/v2\/tags?post=76"}],"curies":[{"name":"wp","href":"https:\/\/api.w.org\/{rel}","templated":true}]}}