{"id":74,"date":"2024-10-20T11:43:40","date_gmt":"2024-10-20T09:43:40","guid":{"rendered":"https:\/\/arkaute.innobask.net\/?page_id=74"},"modified":"2025-04-02T12:03:22","modified_gmt":"2025-04-02T10:03:22","slug":"admision-y-matriculas","status":"publish","type":"page","link":"https:\/\/www.arkaute.net\/es\/secretaria\/admision-y-matriculas\/","title":{"rendered":"Admisi\u00f3n y matr\u00edculas"},"content":{"rendered":"<div class=\"wpb-content-wrapper\"><p>[vc_row][vc_column][vc_column_text css=\u00bb.vc_custom_1743586308054{margin-top: 0px !important;margin-bottom: 40px !important;padding-top: 0px !important;}\u00bb]<\/p>\n<h2>Calendario de matriculaci\u00f3n para nuevo alumnado<\/h2>\n<p>Si est\u00e1s interesado\/a en estudiar un ciclo de FP en <strong>CIFP Agrario Arkaute<\/strong> podr\u00e1s hacer la prematr\u00edcula en la secretar\u00eda del centro o de manera online en <a href=\"https:\/\/ikasgunea.euskadi.eus\/es\/\" target=\"_blank\" rel=\"noopener\">Ikasgunea<\/a>.[\/vc_column_text][\/vc_column][\/vc_row][vc_row gap=\u00bb35&#8243; content_placement=\u00bbmiddle\u00bb css_animation=\u00bbbounceInLeft\u00bb css=\u00bb.vc_custom_1739275711628{margin-top: 0px !important;margin-bottom: 0px !important;padding-top: 0px !important;padding-bottom: 0px !important;}\u00bb el_class=\u00bbfondo_centrado_logo\u00bb][vc_column css=\u00bb.vc_custom_1667845222609{margin-top: 0px !important;margin-bottom: 0px !important;padding-top: 0px !important;padding-bottom: 0px !important;}\u00bb]<div class=\"cq-expandgrid cq-circular- cq-expandgrid- cq-expandgrid-avatar-40 cq-expandgrid-close-yes cq-expandgrid-in3 texto_general \" data-itemheight=\"\" data-autoslide=\"no\" data-itemsize=\"\" data-transparentitem=\"yes\" data-openfirst=\"yes\" data-labelfontsize=\"\" data-nocircular=\"\" data-subfontsize=\"\" data-scrollto=\"\" data-scrolloffset=\"0\"><div class=\"cq-expandgrid-item cq-expandgrid-initstate customized\" data-image=\"https:\/\/www.arkaute.net\/wp-content\/uploads\/2024\/10\/hierba-background-8.jpg\" data-bgstyle=\"customized\" data-backgroundcolor=\"#ADFA3A\" data-backgroundhovercolor=\"\" data-avatartype=\"icon\" data-avatar=\"\" data-contentcolor=\"#000000\" data-iconcolor=\"#000000\" data-iconsize=\"60px\" data-labelcolor=\"#000000\" data-subtitlecolor=\"#000000\" title=\"\"><div class=\"cq-expandgrid-face cq-expandgrid-toggle\" style=\"background-color: #ADFA3A\"><div class=\"cq-expandgrid-facecontent\"><i class=\"cq-expandgrid-icon entypo-icon entypo-icon-plus\"><\/i><span class=\"cq-expandgrid-title\">Prematr\u00edcula<\/span> <\/div><div class=\"cq-expandgrid-arrow\" style=\"border-bottom:15px solid #ADFA3A\"><\/div><\/div><div class=\"cq-expandgrid-content\" style=\"background-color: #ADFA3A\"><div class=\"cq-expandgrid-text\"><p><span style=\"color: #000000;\"><strong>Nota importante:\u00a0Todas aquellas personas que quieran participar en el proceso de adjudicaci\u00f3n de plazas en un ciclo de Formaci\u00f3n Profesional deber\u00e1n realizar la prematr\u00edcula seg\u00fan las fechas\u00a0 \u00a0\u00a0<\/strong><\/span><\/p>\n<h4><span style=\"color: #000000;\"><strong>Fecha: 5 de mayo al 23 de mayo 2025<\/strong><\/span><\/h4>\n<ul>\n<li><strong>Presencial en el centro<\/strong>.<\/li>\n<li><strong>Online<\/strong> a trav\u00e9s de <a href=\"https:\/\/ikasgunea.euskadi.eus\/es\/\" target=\"_blank\" rel=\"noopener\">Ikasgunea<\/a>.<\/li>\n<\/ul>\n<\/div><i class=\"fa fa-close cq-expandgrid-close\"><\/i><\/div><\/div><div class=\"cq-expandgrid-item cq-expandgrid-initstate customized\" data-image=\"https:\/\/www.arkaute.net\/wp-content\/uploads\/2024\/10\/hierba-background-8.jpg\" data-bgstyle=\"customized\" data-backgroundcolor=\"#ADFA3A\" data-backgroundhovercolor=\"\" data-avatartype=\"icon\" data-avatar=\"\" data-contentcolor=\"#000000\" data-iconcolor=\"#000000\" data-iconsize=\"60px\" data-labelcolor=\"#000000\" data-subtitlecolor=\"#000000\" title=\"\"><div class=\"cq-expandgrid-face cq-expandgrid-toggle\" style=\"background-color: #ADFA3A\"><div class=\"cq-expandgrid-facecontent\"><i class=\"cq-expandgrid-icon entypo-icon entypo-icon-plus\"><\/i><span class=\"cq-expandgrid-title\">Entrega de documentaci\u00f3n<\/span> <\/div><div class=\"cq-expandgrid-arrow\" style=\"border-bottom:15px solid #ADFA3A\"><\/div><\/div><div class=\"cq-expandgrid-content\" style=\"background-color: #ADFA3A\"><div class=\"cq-expandgrid-text\"><ul>\n<li><strong>Entrega de documentaci\u00f3n<\/strong>.<\/li>\n<li><strong>DNI\/NIE\/Pasaporte y fotocopia.<\/strong><\/li>\n<li><strong>Expediente acad\u00e9mico fotocopia *\u00a0<\/strong> <em>El alumnado que ha cursado ense\u00f1anzas medias en la Comunidad Aut\u00f3noma del Pa\u00eds Vasco despu\u00e9s del a\u00f1o 2015\/16 no necesitan aportar documentaci\u00f3n referida a sus estudios.<\/em><\/li>\n<li>si es<strong> acceso por pruebas de acceso<\/strong>: certificaci\u00f3n oficial con nota, si es anterior a 2013\/14 u obtenido fuera de la CAPV.<\/li>\n<li><strong>Reserva para discapacidad:<\/strong>\u00a0certificado expedido por el Departamento de Servicios Sociales de la Diputaci\u00f3n Foral u \u00f3rgano equivalente.<\/li>\n<li><strong>Reserva para deportista de alto nivel o rendimiento:<\/strong>\u00a0declaraci\u00f3n oficial que le otorga dicha condici\u00f3n<\/li>\n<\/ul>\n<p><em>*Presentaci\u00f3n de documentaci\u00f3n hasta 30 de junio<\/em><\/p>\n<\/div><i class=\"fa fa-close cq-expandgrid-close\"><\/i><\/div><\/div><div class=\"cq-expandgrid-item cq-expandgrid-initstate customized\" data-image=\"https:\/\/www.arkaute.net\/wp-content\/uploads\/2024\/10\/hierba-background-8.jpg\" data-bgstyle=\"customized\" data-backgroundcolor=\"#ADFA3A\" data-backgroundhovercolor=\"\" data-avatartype=\"icon\" data-avatar=\"\" data-contentcolor=\"#6D7174\" data-iconcolor=\"#000000\" data-iconsize=\"60PX\" data-labelcolor=\"#000000\" data-subtitlecolor=\"#000000\" title=\"\"><div class=\"cq-expandgrid-face cq-expandgrid-toggle\" style=\"background-color: #ADFA3A\"><div class=\"cq-expandgrid-facecontent\"><i class=\"cq-expandgrid-icon entypo-icon entypo-icon-plus\"><\/i><span class=\"cq-expandgrid-title\">Listas provisionales<\/span> <\/div><div class=\"cq-expandgrid-arrow\" style=\"border-bottom:15px solid #ADFA3A\"><\/div><\/div><div class=\"cq-expandgrid-content\" style=\"background-color: #ADFA3A\"><div class=\"cq-expandgrid-text\"><ul>\n<li><strong>Fecha 4 de julio de 2025<\/strong><\/li>\n<li><strong>Reclamaciones contra las listas provisionales hasta 10 de julio de 2025 hasta las 12:00h<\/strong><\/li>\n<\/ul>\n<p><a href=\"https:\/\/ikasgunea.euskadi.eus\">www.ikasgunea.euskadi.eus<\/a><\/p>\n<\/div><i class=\"fa fa-close cq-expandgrid-close\"><\/i><\/div><\/div><div class=\"cq-expandgrid-item cq-expandgrid-initstate customized\" data-image=\"https:\/\/www.arkaute.net\/wp-content\/uploads\/2024\/10\/hierba-background-8.jpg\" data-bgstyle=\"customized\" data-backgroundcolor=\"#ADFA3A\" data-backgroundhovercolor=\"\" data-avatartype=\"icon\" data-avatar=\"\" data-contentcolor=\"#6D7174\" data-iconcolor=\"#000000\" data-iconsize=\"60PX\" data-labelcolor=\"#000000\" data-subtitlecolor=\"#000000\" title=\"\"><div class=\"cq-expandgrid-face cq-expandgrid-toggle\" style=\"background-color: #ADFA3A\"><div class=\"cq-expandgrid-facecontent\"><i class=\"cq-expandgrid-icon entypo-icon entypo-icon-plus\"><\/i><span class=\"cq-expandgrid-title\">Listas definitivas<\/span> <\/div><div class=\"cq-expandgrid-arrow\" style=\"border-bottom:15px solid #ADFA3A\"><\/div><\/div><div class=\"cq-expandgrid-content\" style=\"background-color: #ADFA3A\"><div class=\"cq-expandgrid-text\"><ul>\n<li><strong>Fecha 11 de julio de 2025<\/strong><\/li>\n<li><strong><a href=\"https:\/\/ikasgunea.euskadi.eus\/es\/inicio\" target=\"_blank\" rel=\"noopener\">Consulta las listas de admitidos en IKASGUNEA\u00a0<\/a><\/strong><\/li>\n<\/ul>\n<\/div><i class=\"fa fa-close cq-expandgrid-close\"><\/i><\/div><\/div><div class=\"cq-expandgrid-item cq-expandgrid-initstate customized\" data-image=\"https:\/\/www.arkaute.net\/wp-content\/uploads\/2024\/10\/hierba-background-8.jpg\" data-bgstyle=\"customized\" data-backgroundcolor=\"#ADFA3A\" data-backgroundhovercolor=\"\" data-avatartype=\"icon\" data-avatar=\"\" data-contentcolor=\"#000000\" data-iconcolor=\"#000000\" data-iconsize=\"60PX\" data-labelcolor=\"#000000\" data-subtitlecolor=\"#000000\" title=\"\"><div class=\"cq-expandgrid-face cq-expandgrid-toggle\" style=\"background-color: #ADFA3A\"><div class=\"cq-expandgrid-facecontent\"><i class=\"cq-expandgrid-icon entypo-icon entypo-icon-plus\"><\/i><span class=\"cq-expandgrid-title\">Periodo de matr\u00edcula ordinaria<\/span> <\/div><div class=\"cq-expandgrid-arrow\" style=\"border-bottom:15px solid #ADFA3A\"><\/div><\/div><div class=\"cq-expandgrid-content\" style=\"background-color: #ADFA3A\"><div class=\"cq-expandgrid-text\"><p>Se establecen tres fases, existiendo un nuevo procedimiento de adjudicaci\u00f3n entre cada una de ellas, con las plazas que quedan libres y con las personas que no han sido adjudicatarias de plaza en primera opci\u00f3n.<\/p>\n<p>La matr\u00edcula se formaliza acudiendo a\u00a0 nuestro centro <strong>PRESENCIAL en horario de 8:00h a 14:00h<\/strong><\/p>\n<ul>\n<li><strong>Fase I. Del 11 al 15 de julio a las 14:00h<\/strong><\/li>\n<li><strong>Fase II<\/strong>. <strong>17 Julio<\/strong><\/li>\n<li><strong>Fase III. Del 21 al 22 de julio<\/strong><\/li>\n<\/ul>\n<p>&nbsp;<\/p>\n<\/div><i class=\"fa fa-close cq-expandgrid-close\"><\/i><\/div><\/div><div class=\"cq-expandgrid-item cq-expandgrid-initstate customized\" data-image=\"https:\/\/www.arkaute.net\/wp-content\/uploads\/2024\/10\/hierba-background-8.jpg\" data-bgstyle=\"customized\" data-backgroundcolor=\"#ADFA3A\" data-backgroundhovercolor=\"\" data-avatartype=\"icon\" data-avatar=\"\" data-contentcolor=\"#000000\" data-iconcolor=\"#000000\" data-iconsize=\"60PX\" data-labelcolor=\"#000000\" data-subtitlecolor=\"#000000\" title=\"\"><div class=\"cq-expandgrid-face cq-expandgrid-toggle\" style=\"background-color: #ADFA3A\"><div class=\"cq-expandgrid-facecontent\"><i class=\"cq-expandgrid-icon entypo-icon entypo-icon-plus\"><\/i><span class=\"cq-expandgrid-title\">Matriculaci\u00f3n extraordinaria<\/span> <\/div><div class=\"cq-expandgrid-arrow\" style=\"border-bottom:15px solid #ADFA3A\"><\/div><\/div><div class=\"cq-expandgrid-content\" style=\"background-color: #ADFA3A\"><div class=\"cq-expandgrid-text\"><p>Si despu\u00e9s del proceso de matr\u00edcula ordinaria <strong>quedan plazas libres<\/strong>, aunque no hayas realizado la prematr\u00edcula <strong>puedes realizar la matr\u00edcula en estas fechas:<\/strong><\/p>\n<p><strong>\u00a0 \u00a0 \u00a0 \u00a0 \u00a0 23 y 24 de Julio 2025<\/strong> de manera presencial en el centro en horario de\u00a0 8:00h a 14:00h<\/p>\n<p><strong>Del 2 de septiembre al 17 de octubre<\/strong><\/p>\n<ul>\n<li><strong>Matr\u00edcula<\/strong>: de manera presencial en el centro<\/li>\n<\/ul>\n<\/div><i class=\"fa fa-close cq-expandgrid-close\"><\/i><\/div><\/div><\/div>[\/vc_column][\/vc_row][vc_row gap=\u00bb35&#8243; content_placement=\u00bbmiddle\u00bb css_animation=\u00bbbounceInLeft\u00bb css=\u00bb.vc_custom_1739275779229{margin-top: 0px !important;margin-bottom: 0px !important;padding-top: 0px !important;padding-bottom: 0px !important;}\u00bb][vc_column css=\u00bb.vc_custom_1667845222609{margin-top: 0px !important;margin-bottom: 0px !important;padding-top: 0px !important;padding-bottom: 0px !important;}\u00bb][vc_column_text css=\u00bb.vc_custom_1730732329805{margin-top: 40px !important;margin-bottom: 40px !important;padding-top: 0px !important;}\u00bb]<\/p>\n<h2>Calendario de matriculaci\u00f3n para alumnado repetidor o promocionado a 2\u00ba curso<\/h2>\n<p>[\/vc_column_text][\/vc_column][\/vc_row][vc_row gap=\u00bb35&#8243; content_placement=\u00bbmiddle\u00bb css_animation=\u00bbbounceInLeft\u00bb css=\u00bb.vc_custom_1739275788136{margin-top: 0px !important;margin-bottom: 0px !important;padding-top: 0px !important;padding-bottom: 0px !important;}\u00bb][vc_column css=\u00bb.vc_custom_1667845222609{margin-top: 0px !important;margin-bottom: 0px !important;padding-top: 0px !important;padding-bottom: 0px !important;}\u00bb]<div class=\"cq-expandgrid cq-circular- cq-expandgrid- cq-expandgrid-avatar-40 cq-expandgrid-close-yes cq-expandgrid-in1 texto_general \" data-itemheight=\"\" data-autoslide=\"no\" data-itemsize=\"\" data-transparentitem=\"yes\" data-openfirst=\"yes\" data-labelfontsize=\"\" data-nocircular=\"\" data-subfontsize=\"\" data-scrollto=\"\" data-scrolloffset=\"0\"><div class=\"cq-expandgrid-item cq-expandgrid-initstate customized\" data-image=\"https:\/\/www.arkaute.net\/wp-content\/uploads\/2024\/10\/hierba-background-8.jpg\" data-bgstyle=\"customized\" data-backgroundcolor=\"#ADFA3A\" data-backgroundhovercolor=\"\" data-avatartype=\"icon\" data-avatar=\"\" data-contentcolor=\"#000000\" data-iconcolor=\"#000000\" data-iconsize=\"60px\" data-labelcolor=\"#000000\" data-subtitlecolor=\"#000000\" title=\"\"><div class=\"cq-expandgrid-face cq-expandgrid-toggle\" style=\"background-color: #ADFA3A\"><div class=\"cq-expandgrid-facecontent\"><i class=\"cq-expandgrid-icon entypo-icon entypo-icon-plus\"><\/i><span class=\"cq-expandgrid-title\">Matr\u00edcula<\/span> <\/div><div class=\"cq-expandgrid-arrow\" style=\"border-bottom:15px solid #ADFA3A\"><\/div><\/div><div class=\"cq-expandgrid-content\" style=\"background-color: #ADFA3A\"><div class=\"cq-expandgrid-text\"><p>Si eres alumno\/a promocionado a 2\u00ba curso en el <a href=\"https:\/\/www.arkaute.net\/es\/secretaria\/contacto\/\">horario de apertura<\/a> de la secretar\u00eda del centro.<\/p>\n<\/div><i class=\"fa fa-close cq-expandgrid-close\"><\/i><\/div><\/div><\/div>[\/vc_column][\/vc_row]<\/p>\n<\/div>","protected":false},"excerpt":{"rendered":"<p>[vc_row][vc_column][vc_column_text css=\u00bb.vc_custom_1743586308054{margin-top: 0px !important;margin-bottom: 40px !important;padding-top: 0px !important;}\u00bb] Calendario de matriculaci\u00f3n para nuevo alumnado Si est\u00e1s interesado\/a en estudiar un ciclo de FP en CIFP Agrario<span class=\"excerpt-hellip\"> [\u2026]<\/span><\/p>\n","protected":false},"author":1,"featured_media":0,"parent":70,"menu_order":0,"comment_status":"closed","ping_status":"closed","template":"","meta":{"footnotes":""},"categories":[],"tags":[],"class_list":["post-74","page","type-page","status-publish","hentry"],"_links":{"self":[{"href":"https:\/\/www.arkaute.net\/es\/wp-json\/wp\/v2\/pages\/74","targetHints":{"allow":["GET"]}}],"collection":[{"href":"https:\/\/www.arkaute.net\/es\/wp-json\/wp\/v2\/pages"}],"about":[{"href":"https:\/\/www.arkaute.net\/es\/wp-json\/wp\/v2\/types\/page"}],"author":[{"embeddable":true,"href":"https:\/\/www.arkaute.net\/es\/wp-json\/wp\/v2\/users\/1"}],"replies":[{"embeddable":true,"href":"https:\/\/www.arkaute.net\/es\/wp-json\/wp\/v2\/comments?post=74"}],"version-history":[{"count":25,"href":"https:\/\/www.arkaute.net\/es\/wp-json\/wp\/v2\/pages\/74\/revisions"}],"predecessor-version":[{"id":2961,"href":"https:\/\/www.arkaute.net\/es\/wp-json\/wp\/v2\/pages\/74\/revisions\/2961"}],"up":[{"embeddable":true,"href":"https:\/\/www.arkaute.net\/es\/wp-json\/wp\/v2\/pages\/70"}],"wp:attachment":[{"href":"https:\/\/www.arkaute.net\/es\/wp-json\/wp\/v2\/media?parent=74"}],"wp:term":[{"taxonomy":"category","embeddable":true,"href":"https:\/\/www.arkaute.net\/es\/wp-json\/wp\/v2\/categories?post=74"},{"taxonomy":"post_tag","embeddable":true,"href":"https:\/\/www.arkaute.net\/es\/wp-json\/wp\/v2\/tags?post=74"}],"curies":[{"name":"wp","href":"https:\/\/api.w.org\/{rel}","templated":true}]}}