{"id":72,"date":"2024-10-20T11:43:16","date_gmt":"2024-10-20T09:43:16","guid":{"rendered":"https:\/\/arkaute.innobask.net\/?page_id=72"},"modified":"2025-01-20T09:49:56","modified_gmt":"2025-01-20T08:49:56","slug":"requisitos-de-acceso","status":"publish","type":"page","link":"https:\/\/www.arkaute.net\/es\/secretaria\/requisitos-de-acceso\/","title":{"rendered":"Requisitos de acceso"},"content":{"rendered":"<div class=\"wpb-content-wrapper\"><p>[vc_row css=\u00bb.vc_custom_1733142296316{margin-bottom: 30px !important;}\u00bb][vc_column][vc_column_text css=\u00bb.vc_custom_1733142238808{margin-top: 0px !important;margin-bottom: 0px !important;padding-top: 0px !important;}\u00bb]Si quieres acceder a los estudios de Formaci\u00f3n Profesional (agrupados dentro de la nueva clasificaci\u00f3n como Grados D), los requisitos de acceso var\u00edan dependiendo del nivel de formaci\u00f3n que quieras cursar. Existen tres niveles, Ciclos de Grado B\u00e1sico, Medio y Superior. A continuaci\u00f3n te damos la informaci\u00f3n para poder acceder a cada uno de ellos. [\/vc_column_text][\/vc_column][\/vc_row][vc_row css_animation=\u00bbbounceInLeft\u00bb el_class=\u00bbfondo_centrado_logo texto_general\u00bb css=\u00bb.vc_custom_1733167373174{margin-top: 30px !important;}\u00bb][vc_column]<div class=\"cq-expandgrid cq-circular- cq-expandgrid- cq-expandgrid-avatar-40 cq-expandgrid-close-yes cq-expandgrid-in3  \" data-itemheight=\"\" data-autoslide=\"no\" data-itemsize=\"\" data-transparentitem=\"yes\" data-openfirst=\"\" data-labelfontsize=\"\" data-nocircular=\"\" data-subfontsize=\"\" data-scrollto=\"\" data-scrolloffset=\"0\"><div class=\"cq-expandgrid-item cq-expandgrid-initstate customized\" data-image=\"https:\/\/www.arkaute.net\/wp-content\/uploads\/2024\/10\/hierba-background-8.jpg\" data-bgstyle=\"customized\" data-backgroundcolor=\"#ADFA3A\" data-backgroundhovercolor=\"\" data-avatartype=\"icon\" data-avatar=\"\" data-contentcolor=\"#000000\" data-iconcolor=\"#000000\" data-iconsize=\"60px\" data-labelcolor=\"#000000\" data-subtitlecolor=\"#000000\" title=\"\"><div class=\"cq-expandgrid-face cq-expandgrid-toggle\" style=\"background-color: #ADFA3A\"><div class=\"cq-expandgrid-facecontent\"><i class=\"cq-expandgrid-icon entypo-icon entypo-icon-plus\"><\/i><span class=\"cq-expandgrid-title\">Ciclo formativo de grado b\u00e1sico<\/span> <\/div><div class=\"cq-expandgrid-arrow\" style=\"border-bottom:15px solid #ADFA3A\"><\/div><\/div><div class=\"cq-expandgrid-content\" style=\"background-color: #ADFA3A\"><div class=\"cq-expandgrid-text\"><h3>Requisitos simult\u00e1neos:<\/h3>\n<ul>\n<li>tener cumplidos quince a\u00f1os, o cumplirlos durante el a\u00f1o natural en curso.<\/li>\n<li>haber cursado el tercer curso de Educaci\u00f3n Secundaria Obligatoria o, excepcionalmente, haber cursado el segundo curso de la ESO.<\/li>\n<li>haber propuesto el equipo docente a las familias o tutores legales la incorporaci\u00f3n de la persona interesada a un ciclo formativo de grado b\u00e1sico.<\/li>\n<\/ul>\n<p>Para aquellos j\u00f3venes entre 15 y 18 a\u00f1os que no hayan estado escolarizados en el sistema educativo espa\u00f1ol, se les exime del cumplimiento del apartado b) siendo importante el conocimiento del idioma que le permita el seguimiento de la formaci\u00f3n.<\/p>\n<\/div><i class=\"fa fa-close cq-expandgrid-close\"><\/i><\/div><\/div><div class=\"cq-expandgrid-item cq-expandgrid-initstate customized\" data-image=\"https:\/\/www.arkaute.net\/wp-content\/uploads\/2024\/10\/hierba-background-8.jpg\" data-bgstyle=\"customized\" data-backgroundcolor=\"#ADFA3A\" data-backgroundhovercolor=\"\" data-avatartype=\"icon\" data-avatar=\"\" data-contentcolor=\"#000000\" data-iconcolor=\"#000000\" data-iconsize=\"60px\" data-labelcolor=\"#000000\" data-subtitlecolor=\"#000000\" title=\"\"><div class=\"cq-expandgrid-face cq-expandgrid-toggle\" style=\"background-color: #ADFA3A\"><div class=\"cq-expandgrid-facecontent\"><i class=\"cq-expandgrid-icon entypo-icon entypo-icon-plus\"><\/i><span class=\"cq-expandgrid-title\">Ciclo formativo de grado medio<\/span> <\/div><div class=\"cq-expandgrid-arrow\" style=\"border-bottom:15px solid #ADFA3A\"><\/div><\/div><div class=\"cq-expandgrid-content\" style=\"background-color: #ADFA3A\"><div class=\"cq-expandgrid-text\"><h3>Requiere el cumplimiento de al menos una de las siguientes condiciones:<\/h3>\n<ul>\n<li>estar en posesi\u00f3n del t\u00edtulo de Graduado en ESO.<\/li>\n<li>estar en posesi\u00f3n del t\u00edtulo de T\u00e9cnico\/a B\u00e1sico.<\/li>\n<li>estar en posesi\u00f3n del t\u00edtulo de T\u00e9cnico\/a.<\/li>\n<li>haber superado la prueba de acceso a ciclos formativos de grado medio o grado superior, o la prueba de acceso a la universidad para mayores de 25 a\u00f1os y\/o 45 a\u00f1os. <a href=\"https:\/\/www.euskadi.eus\/informacion\/pruebas-de-acceso-a-ciclos-formativos\/web01-a2hlanhz\/es\/\" target=\"_blank\" rel=\"noopener\">Consulta las pruebas de acceso<\/a>.<\/li>\n<li>haber superado una oferta formativa de Grado C de nivel 2, incluida en el ciclo formativo.<\/li>\n<li>acreditar la posesi\u00f3n de alguna de las titulaciones equivalentes para el acceso a los ciclos formativos de grado medio establecidos en la disposici\u00f3n adicional sexta, apartado 1 del <a href=\"https:\/\/www.boe.es\/buscar\/doc.php?id=BOE-A-2023-16889\" target=\"_blank\" rel=\"noopener\">Real Decreto 659\/2023<\/a>, de 18 de julio.<\/li>\n<li>certificado de homologaci\u00f3n de estudios extranjeros con alguno de los t\u00edtulos relacionados anteriormente. En el supuesto de que el procedimiento de homologaci\u00f3n no haya sido resuelto, se aceptar\u00e1 el volante de inscripci\u00f3n condicional.<\/li>\n<\/ul>\n<p>Siempre que la demanda de plazas en Ciclos Formativos de grado medio supere la oferta, las Administraciones Educativas podr\u00e1n establecer <a href=\"https:\/\/www.euskadi.eus\/informacion\/proceso-de-adjudicacion-de-plazas-en-ciclos-formativos-de-fp\/web01-a2hlanhz\/es\/\/\" target=\"_blank\" rel=\"noopener\">Cuotas y Preferencias de Admisi\u00f3n<\/a> al centro docente.<\/p>\n<\/div><i class=\"fa fa-close cq-expandgrid-close\"><\/i><\/div><\/div><div class=\"cq-expandgrid-item cq-expandgrid-initstate customized\" data-image=\"https:\/\/www.arkaute.net\/wp-content\/uploads\/2024\/10\/hierba-background-8.jpg\" data-bgstyle=\"customized\" data-backgroundcolor=\"#ADFA3A\" data-backgroundhovercolor=\"\" data-avatartype=\"icon\" data-avatar=\"\" data-contentcolor=\"#000000\" data-iconcolor=\"#000000\" data-iconsize=\"60px\" data-labelcolor=\"#000000\" data-subtitlecolor=\"#000000\" title=\"\"><div class=\"cq-expandgrid-face cq-expandgrid-toggle\" style=\"background-color: #ADFA3A\"><div class=\"cq-expandgrid-facecontent\"><i class=\"cq-expandgrid-icon entypo-icon entypo-icon-plus\"><\/i><span class=\"cq-expandgrid-title\">Ciclo formativo de grado superior<\/span> <\/div><div class=\"cq-expandgrid-arrow\" style=\"border-bottom:15px solid #ADFA3A\"><\/div><\/div><div class=\"cq-expandgrid-content\" style=\"background-color: #ADFA3A\"><div class=\"cq-expandgrid-text\"><h3>Requiere el cumplimiento de al menos una de las siguientes condiciones:<\/h3>\n<ul>\n<li>estar en posesi\u00f3n del t\u00edtulo de Bachiller.<\/li>\n<li>poseer un t\u00edtulo de T\u00e9cnico\/a de Formaci\u00f3n Profesional o T\u00e9cnico\/a de Artes Pl\u00e1sticas y Dise\u00f1o.<\/li>\n<li>haber superado una oferta formativa de grado C de nivel 3 incluida en el ciclo formativo.<\/li>\n<li>haber superado la prueba de acceso a ciclos formativos de grado superior o la prueba de acceso a la universidad para mayores de 25 a\u00f1os y\/o 45 a\u00f1os. <a href=\"https:\/\/www.euskadi.eus\/informacion\/pruebas-de-acceso-a-ciclos-formativos\/web01-a2hlanhz\/es\/\" target=\"_blank\" rel=\"noopener\">Consulta las pruebas de acceso<\/a>.<\/li>\n<li>poseer un t\u00edtulo de T\u00e9cnico\/a o T\u00e9cnico\/a Superior de Formaci\u00f3n Profesional o grado universitario.<\/li>\n<li>acreditar la posesi\u00f3n de alguna de las titulaciones equivalentes para el acceso a los ciclos formativos de grado superior establecidos en la disposici\u00f3n adicional sexta, apartado 2 del <a href=\"https:\/\/www.boe.es\/buscar\/doc.php?id=BOE-A-2023-16889\" target=\"_blank\" rel=\"noopener\">Real Decreto 659\/2023<\/a>, de 18 de julio.<\/li>\n<li>certificado de homologaci\u00f3n de estudios extranjeros con alguno de los t\u00edtulos relacionados anteriormente: en el supuesto en que el procedimiento de homologaci\u00f3n no haya sido resuelto, se aceptar\u00e1 el volante de inscripci\u00f3n condicional.<\/li>\n<\/ul>\n<p>Siempre que la demanda de plazas en Ciclos Formativos de Grado Superior supere la oferta, las Administraciones Educativas podr\u00e1n establecer <a href=\"https:\/\/www.euskadi.eus\/informacion\/proceso-de-adjudicacion-de-plazas-en-ciclos-formativos-de-fp\/web01-a2hlanhz\/es\/\/\" target=\"_blank\" rel=\"noopener\">Cuotas y Preferencias de Admisi\u00f3n<\/a> al centro docente.<\/p>\n<\/div><i class=\"fa fa-close cq-expandgrid-close\"><\/i><\/div><\/div><\/div>[\/vc_column][\/vc_row]<\/p>\n<\/div>","protected":false},"excerpt":{"rendered":"<p>[vc_row css=\u00bb.vc_custom_1733142296316{margin-bottom: 30px !important;}\u00bb][vc_column][vc_column_text css=\u00bb.vc_custom_1733142238808{margin-top: 0px !important;margin-bottom: 0px !important;padding-top: 0px !important;}\u00bb]Si quieres acceder a los estudios de Formaci\u00f3n Profesional (agrupados dentro de la nueva clasificaci\u00f3n como<span class=\"excerpt-hellip\"> [\u2026]<\/span><\/p>\n","protected":false},"author":1,"featured_media":0,"parent":70,"menu_order":0,"comment_status":"closed","ping_status":"closed","template":"","meta":{"footnotes":""},"categories":[],"tags":[],"class_list":["post-72","page","type-page","status-publish","hentry"],"_links":{"self":[{"href":"https:\/\/www.arkaute.net\/es\/wp-json\/wp\/v2\/pages\/72","targetHints":{"allow":["GET"]}}],"collection":[{"href":"https:\/\/www.arkaute.net\/es\/wp-json\/wp\/v2\/pages"}],"about":[{"href":"https:\/\/www.arkaute.net\/es\/wp-json\/wp\/v2\/types\/page"}],"author":[{"embeddable":true,"href":"https:\/\/www.arkaute.net\/es\/wp-json\/wp\/v2\/users\/1"}],"replies":[{"embeddable":true,"href":"https:\/\/www.arkaute.net\/es\/wp-json\/wp\/v2\/comments?post=72"}],"version-history":[{"count":11,"href":"https:\/\/www.arkaute.net\/es\/wp-json\/wp\/v2\/pages\/72\/revisions"}],"predecessor-version":[{"id":2468,"href":"https:\/\/www.arkaute.net\/es\/wp-json\/wp\/v2\/pages\/72\/revisions\/2468"}],"up":[{"embeddable":true,"href":"https:\/\/www.arkaute.net\/es\/wp-json\/wp\/v2\/pages\/70"}],"wp:attachment":[{"href":"https:\/\/www.arkaute.net\/es\/wp-json\/wp\/v2\/media?parent=72"}],"wp:term":[{"taxonomy":"category","embeddable":true,"href":"https:\/\/www.arkaute.net\/es\/wp-json\/wp\/v2\/categories?post=72"},{"taxonomy":"post_tag","embeddable":true,"href":"https:\/\/www.arkaute.net\/es\/wp-json\/wp\/v2\/tags?post=72"}],"curies":[{"name":"wp","href":"https:\/\/api.w.org\/{rel}","templated":true}]}}