{"id":68,"date":"2024-10-20T11:42:19","date_gmt":"2024-10-20T09:42:19","guid":{"rendered":"https:\/\/arkaute.innobask.net\/?page_id=68"},"modified":"2026-02-05T09:46:16","modified_gmt":"2026-02-05T08:46:16","slug":"erasmus","status":"publish","type":"page","link":"https:\/\/www.arkaute.net\/es\/eres-alumnado\/erasmus\/","title":{"rendered":"Erasmus +"},"content":{"rendered":"<div class=\"wpb-content-wrapper\"><p>[vc_row css_animation=\u00bbfadeInLeft\u00bb][vc_column][vc_row_inner equal_height=\u00bbyes\u00bb gap=\u00bb35&#8243;][vc_column_inner el_class=\u00bbtexto_general\u00bb width=\u00bb2\/3&#8243;][vc_column_text css=\u00bb.vc_custom_1733147590489{margin-bottom: 0px !important;}\u00bb]<\/p>\n<h3>Estancias del alumnado<\/h3>\n<p>En nuestro centro consideramos la internacionalizaci\u00f3n una prioridad clave en el proceso de aprendizaje, siendo una oportunidad y experiencia \u00fanicas para ampliar tus horizontes educativos y profesionales.<\/p>\n<p>Podr\u00e1s realizar pr\u00e1cticas profesionales en empresas o seguir estudiando en algunos de los pa\u00edses asociados como Dinamarca, Suecia, Irlanda, Italia, Finlandia, Holanda, Polonia, Rep\u00fablica Checa, Eslovaquia y Eslovenia.<\/p>\n<p>A trav\u00e9s de este programa, podr\u00e1s aprender de otras culturas, practicar otro idioma y, sobre todo, enriquecer tu formaci\u00f3n de una manera que va mucho m\u00e1s all\u00e1 de las aulas. Participar en Erasmus + es una manera de abrirte puertas en el mundo laboral y dar un impulso a tu carrera con una experiencia seguramente inolvidable.<\/p>\n<p><a href=\"https:\/\/erasmus-plus.ec.europa.eu\/es\/programme-guide\/erasmus-programme-guide\/introduction?pk_source=website&amp;pk_medium=link&amp;pk_campaign=pg&amp;pk_content=pg-landing-online\" target=\"_blank\" rel=\"noopener\">Consulta la Guia completa del Programa Erasmus +<\/a>[\/vc_column_text][\/vc_column_inner][vc_column_inner el_class=\u00bbdestacados_hierba\u00bb width=\u00bb1\/3&#8243;][vc_column_text css=\u00bb.vc_custom_1733148222382{margin-bottom: 0px !important;}\u00bb]Si eres estudiante y est\u00e1s interesado\/a la solicitud debes hacerla a trav\u00e9s del centro <strong>CIFP Arkaute Agrario<\/strong>.[\/vc_column_text]<div class=\"cq-buttoncontainer  \"><div class=\"animatetype-2\"><div><a href=\"mailto:aotamendi@arkaute.net\" title=\"\" target=\"\" style=\"color:#000000;background-color:#ADFA3A;\" class=\"btn cqbtn-1\"><span class=\"txt\">Escr\u00edbenos<\/span><span class=\"round\"><i style=\"margin-top:-9px;margin-left:-9px;\" class=\"fa fa-arrow-right\"><\/i><\/span><\/a><\/div><\/div><\/div><div class=\"cq-buttoncontainer  \"><div class=\"animatetype-2\"><div><a href=\"945285387\" title=\"\" target=\"\" style=\"color:#000000;background-color:#ADFA3A;\" class=\"btn cqbtn-1\"><span class=\"txt\">Ll\u00e1manos<\/span><span class=\"round\"><i style=\"margin-top:-9px;margin-left:-9px;\" class=\"fa fa-arrow-right\"><\/i><\/span><\/a><\/div><\/div><\/div>[\/vc_column_inner][\/vc_row_inner][vc_row_inner equal_height=\u00bbyes\u00bb gap=\u00bb35&#8243;][vc_column_inner el_class=\u00bbtexto_general\u00bb width=\u00bb2\/3&#8243;][vc_column_text css=\u00bb.vc_custom_1770281165804{margin-bottom: 0px !important;}\u00bb]<\/p>\n<h2>Erasmus+ Proyecto FINANCIADO:<\/h2>\n<p><img loading=\"lazy\" decoding=\"async\" class=\"size-medium wp-image-3578 alignleft\" src=\"https:\/\/www.arkaute.net\/wp-content\/uploads\/2026\/02\/erasmus1-300x63.png\" alt=\"\" width=\"300\" height=\"63\" srcset=\"https:\/\/www.arkaute.net\/wp-content\/uploads\/2026\/02\/erasmus1-300x63.png 300w, https:\/\/www.arkaute.net\/wp-content\/uploads\/2026\/02\/erasmus1-1024x215.png 1024w, https:\/\/www.arkaute.net\/wp-content\/uploads\/2026\/02\/erasmus1-768x161.png 768w, https:\/\/www.arkaute.net\/wp-content\/uploads\/2026\/02\/erasmus1-1536x322.png 1536w, https:\/\/www.arkaute.net\/wp-content\/uploads\/2026\/02\/erasmus1-2048x429.png 2048w, https:\/\/www.arkaute.net\/wp-content\/uploads\/2026\/02\/erasmus1-150x31.png 150w, https:\/\/www.arkaute.net\/wp-content\/uploads\/2026\/02\/erasmus1-480x101.png 480w\" sizes=\"auto, (max-width:767px) 300px, 300px\" \/>[\/vc_column_text][\/vc_column_inner][\/vc_row_inner][\/vc_column][\/vc_row][vc_row css_animation=\u00bbfadeInLeft\u00bb][vc_column][vc_column_text css=\u00bb.vc_custom_1733167046406{padding-left: 3% !important;}\u00bb]<\/p>\n<h2>Programas Europeos Erasmus + en CIFP Agrario Arkaute<\/h2>\n<p>[\/vc_column_text][vc_row_inner][vc_column_inner el_class=\u00bbfondo_degradado_verde1&#8243; width=\u00bb1\/2&#8243;][vc_column_text css=\u00bb.vc_custom_1733167066705{padding-left: 3% !important;}\u00bb]<\/p>\n<h3>Erasmus+ KA116 para grado medio<\/h3>\n<p>Acci\u00f3n espec\u00edfica dise\u00f1ada para apoyar la movilidad de estudiantes y personal de la FP, dirigida a aquellos que cursan grado medio.[\/vc_column_text][\/vc_column_inner][vc_column_inner el_class=\u00bbfondo_degradado_verde1&#8243; width=\u00bb1\/2&#8243;][vc_column_text css=\u00bb.vc_custom_1733167079870{padding-left: 3% !important;}\u00bb]<\/p>\n<h3>Erasmus+ KA103 para grado superior<\/h3>\n<p>Acci\u00f3n espec\u00edfica dise\u00f1ada para estudiantes de FP de grado superior y poder realizar intercambios y pr\u00e1cticas en otros pa\u00edses europeos.[\/vc_column_text][\/vc_column_inner][\/vc_row_inner][\/vc_column][\/vc_row][vc_row full_width=\u00bbstretch_row\u00bb parallax=\u00bbcontent-moving\u00bb parallax_image=\u00bb373&#8243; parallax_speed_bg=\u00bb2&#8243; css_animation=\u00bbbounceInRight\u00bb css=\u00bb.vc_custom_1730554435952{margin-bottom: 35px !important;background-color: #F6F8F7 !important;}\u00bb][vc_column width=\u00bb2\/3&#8243; el_class=\u00bbtexto_general\u00bb][vc_tta_accordion section_title_tag=\u00bbh3&#8243; gap=\u00bb15&#8243; active_section=\u00bb1&#8243; css_animation=\u00bbfadeIn\u00bb collapsible_all=\u00bbtrue\u00bb][vc_tta_section title=\u00bbCaracter\u00edsticas de las becas\u00bb tab_id=\u00bb1730901188776-6fe45ead-8e4a\u00bb][vc_column_text css=\u00bb.vc_custom_1733147909548{padding-left: 3% !important;}\u00bb]El alumnado tiene cubierto un m\u00ednimo en cada pa\u00eds de destino de entre 2 y 12 semanas que incluye:<\/p>\n<ul>\n<li>billete de avi\u00f3n.<\/li>\n<li>alojamiento compartido.<\/li>\n<li>clases de idioma.<\/li>\n<li>traslados.<\/li>\n<li>pr\u00e1cticas supervisadas en empresas del sector.<\/li>\n<li>tutor\/a en cada pa\u00eds.<\/li>\n<li>seguro de responsabilidad civil y accidentes.<\/li>\n<li>gastos de manutenci\u00f3n.<\/li>\n<\/ul>\n<p>[\/vc_column_text][\/vc_tta_section][vc_tta_section title=\u00bbCriterio de selecci\u00f3n del alumnado\u00bb tab_id=\u00bb1730224426956-5b4faf31-d7f2cd79-9bb0&#8243;][vc_column_text css=\u00bb.vc_custom_1733147938548{padding-left: 3% !important;}\u00bb]<\/p>\n<ul>\n<li>No tener ning\u00fan m\u00f3dulo pendiente del curso anterior.<\/li>\n<li>Se tendr\u00e1n en cuenta las notas obtenidas durante el curso anterior, incluyendo la actitudinal.<\/li>\n<li>Cierto nivel de idiomas (ingl\u00e9s, alem\u00e1n, franc\u00e9s\u2026)<\/li>\n<li>Calidad del CV, carta de presentaci\u00f3n, etc.<\/li>\n<li>No se pueden cubrir todas las especialidades, habr\u00e1 limitaciones a la hora de otorgar becas a determinadas especialidades.<\/li>\n<li>El becado tendr\u00e1 que depositar una fianza de 200\u20ac en el instituto y otros 100\u20ac a su llegada al extranjero.<\/li>\n<\/ul>\n<p>[\/vc_column_text][\/vc_tta_section][vc_tta_section title=\u00bbCarta Erasmus\u00bb tab_id=\u00bb1730224426995-e8bc8cd8-9f3dcd79-9bb0&#8243;][vc_column_text css=\u00bb.vc_custom_1733147960652{padding-left: 3% !important;}\u00bb]La concesi\u00f3n de la Carta es un requisito previo para todas las instituciones con sede en pa\u00edses del programa que quieran participar en actividades de movilidad por motivos de aprendizaje y de cooperaci\u00f3n para la innovaci\u00f3n e intercambio de buenas pr\u00e1cticas con Erasmus +.<\/p>\n<p><a href=\"https:\/\/www.arkaute.net\/wp-content\/uploads\/2024\/11\/carta-erasmus-firmada.pdf\" target=\"_blank\" rel=\"noopener\">Consulta la carta<\/a>[\/vc_column_text][\/vc_tta_section][\/vc_tta_accordion][\/vc_column][\/vc_row][vc_row full_width=\u00bbstretch_row\u00bb parallax=\u00bbcontent-moving\u00bb parallax_image=\u00bb373&#8243; parallax_speed_bg=\u00bb2&#8243; css_animation=\u00bbbounceInRight\u00bb css=\u00bb.vc_custom_1730554435952{margin-bottom: 35px !important;background-color: #F6F8F7 !important;}\u00bb][vc_column width=\u00bb2\/3&#8243; el_class=\u00bbtexto_general\u00bb][vc_tta_accordion section_title_tag=\u00bbh3&#8243; gap=\u00bb15&#8243; active_section=\u00bb1&#8243; css_animation=\u00bbfadeIn\u00bb collapsible_all=\u00bbtrue\u00bb][vc_tta_section title=\u00bbNuestros objetivos con la beca erasmus +\u00bb tab_id=\u00bb1770280679825-add4e1e3-dbef\u00bb][vc_column_text css=\u00bb.vc_custom_1733147829364{padding-left: 3% !important;}\u00bb]<\/p>\n<ul>\n<li>Facilitar la inserci\u00f3n laboral futura y la ampliaci\u00f3n de curriculum para nuestro alumnado.<\/li>\n<li>Conocer culturalmente otro pa\u00eds europeo y aprender o mejorar el idioma del pa\u00eds comunitario donde se acude.<\/li>\n<li>Participaci\u00f3n del profesorado en movilidad para el aprendizaje de nuevas metodolog\u00edas de ense\u00f1anza.<\/li>\n<li>Fomentar el intercambio de ideas entre los distintos socios que participamos en estos programas.<\/li>\n<li>La modernizaci\u00f3n de nuestras infraestructuras y pedagog\u00edas educativas.<\/li>\n<\/ul>\n<p>[\/vc_column_text][\/vc_tta_section][vc_tta_section title=\u00bbCaracter\u00edsticas de las becas\u00bb tab_id=\u00bb1770280679825-aba89486-ab8f\u00bb][vc_column_text css=\u00bb.vc_custom_1733147909548{padding-left: 3% !important;}\u00bb]El alumnado tiene cubierto un m\u00ednimo en cada pa\u00eds de destino de entre 2 y 12 semanas que incluye:<\/p>\n<ul>\n<li>billete de avi\u00f3n.<\/li>\n<li>alojamiento compartido.<\/li>\n<li>clases de idioma.<\/li>\n<li>traslados.<\/li>\n<li>pr\u00e1cticas supervisadas en empresas del sector.<\/li>\n<li>tutor\/a en cada pa\u00eds.<\/li>\n<li>seguro de responsabilidad civil y accidentes.<\/li>\n<li>gastos de manutenci\u00f3n.<\/li>\n<\/ul>\n<p>[\/vc_column_text][\/vc_tta_section][vc_tta_section title=\u00bbCriterio de selecci\u00f3n del alumnado\u00bb tab_id=\u00bb1770280679825-689cca07-d47e\u00bb][vc_column_text css=\u00bb.vc_custom_1733147938548{padding-left: 3% !important;}\u00bb]<\/p>\n<ul>\n<li>No tener ning\u00fan m\u00f3dulo pendiente del curso anterior.<\/li>\n<li>Se tendr\u00e1n en cuenta las notas obtenidas durante el curso anterior, incluyendo la actitudinal.<\/li>\n<li>Cierto nivel de idiomas (ingl\u00e9s, alem\u00e1n, franc\u00e9s\u2026)<\/li>\n<li>Calidad del CV, carta de presentaci\u00f3n, etc.<\/li>\n<li>No se pueden cubrir todas las especialidades, habr\u00e1 limitaciones a la hora de otorgar becas a determinadas especialidades.<\/li>\n<li>El becado tendr\u00e1 que depositar una fianza de 200\u20ac en el instituto y otros 100\u20ac a su llegada al extranjero.<\/li>\n<\/ul>\n<p>[\/vc_column_text][\/vc_tta_section][vc_tta_section title=\u00bbCarta Erasmus\u00bb tab_id=\u00bb1770280679826-b6370f13-3db3&#8243;][vc_column_text css=\u00bb.vc_custom_1733147960652{padding-left: 3% !important;}\u00bb]La concesi\u00f3n de la Carta es un requisito previo para todas las instituciones con sede en pa\u00edses del programa que quieran participar en actividades de movilidad por motivos de aprendizaje y de cooperaci\u00f3n para la innovaci\u00f3n e intercambio de buenas pr\u00e1cticas con Erasmus +.<\/p>\n<p><a href=\"https:\/\/www.arkaute.net\/wp-content\/uploads\/2024\/11\/carta-erasmus-firmada.pdf\" target=\"_blank\" rel=\"noopener\">Consulta la carta<\/a>[\/vc_column_text][\/vc_tta_section][\/vc_tta_accordion][\/vc_column][vc_column width=\u00bb1\/3&#8243;][vc_single_image image=\u00bb1896&#8243; img_size=\u00bbfull\u00bb css=\u00bb\u00bb][\/vc_column][\/vc_row][vc_row full_width=\u00bbstretch_row\u00bb gap=\u00bb35&#8243; css_animation=\u00bbbounceInRight\u00bb css=\u00bb.vc_custom_1730372500537{margin-top: 30px !important;background-color: #FFFFFF !important;}\u00bb][vc_column el_class=\u00bbdestacado-mov-oscilante\u00bb][vc_column_text css=\u00bb\u00bb]<\/p>\n<h3 style=\"text-align: center;\">\u00bfNecesitas m\u00e1s informaci\u00f3n?<\/h3>\n<p>[\/vc_column_text][vc_row_inner content_placement=\u00bbtop\u00bb css=\u00bb.vc_custom_1733300970713{margin-top: 0px !important;margin-bottom: 0px !important;padding-top: 0px !important;padding-bottom: 0px !important;}\u00bb][vc_column_inner width=\u00bb1\/4&#8243;][\/vc_column_inner][vc_column_inner width=\u00bb1\/4&#8243; css=\u00bb.vc_custom_1730315057041{margin-bottom: 0px !important;padding-bottom: 0px !important;}\u00bb][vc_icon icon_fontawesome=\u00bbfar fa-user\u00bb color=\u00bbblack\u00bb size=\u00bbxl\u00bb align=\u00bbcenter\u00bb css=\u00bb\u00bb][vc_column_text css=\u00bb.vc_custom_1733148157407{margin-top: -15px !important;}\u00bb]<\/p>\n<p style=\"text-align: center;\"><strong>Asier Otamendi<\/strong><\/p>\n<p>[\/vc_column_text][\/vc_column_inner][vc_column_inner width=\u00bb1\/4&#8243; css=\u00bb.vc_custom_1730315049742{margin-bottom: 0px !important;padding-bottom: 0px !important;}\u00bb][vc_column_text css=\u00bb\u00bb]<\/p>\n<p style=\"text-align: left;\"><a href=\"mailto:aotamendi@arkaute.net\">aotamendi@arkaute.net<\/a><\/p>\n<p>[\/vc_column_text][vc_column_text css=\u00bb\u00bb]<\/p>\n<p style=\"text-align: left;\"><a href=\"http:\/\/945 285 387\">945 285 387<\/a><\/p>\n<p>[\/vc_column_text][\/vc_column_inner][vc_column_inner width=\u00bb1\/4&#8243;][\/vc_column_inner][\/vc_row_inner][\/vc_column][\/vc_row][vc_row gap=\u00bb35&#8243; css=\u00bb.vc_custom_1659434647714{margin-top: -75px !important;margin-right: 0px !important;margin-left: 0px !important;padding-top: 0px !important;padding-right: 0px !important;padding-bottom: 0px !important;padding-left: 0px !important;}\u00bb][vc_column width=\u00bb1\/4&#8243; css=\u00bb.vc_custom_1659350975032{margin: 0px !important;padding: 0px !important;}\u00bb][vc_single_image image=\u00bb1845&#8243; img_size=\u00bbfull\u00bb css=\u00bb\u00bb][\/vc_column][vc_column width=\u00bb3\/4&#8243;][vc_column_text css=\u00bb\u00bb]Iniciativa para promover el emprendimiento organizado por diferentes\u00a0 entidades impulsoras de \u00c1lava Emprende: Ayuntamiento de Vitoria-Gasteiz,\u00a0 Diputaci\u00f3n Foral de \u00c1lava, Gobierno Vasco a trav\u00e9s del Grupo SPRI y BIC Araba, y Fundaci\u00f3n Vital Fundazioa.<\/p>\n<p>El<b> Proyecto Zerube<\/b> del alumnado de 2\u00ba <b>Grado Superior de Paisajismo y Medio Rural<\/b> de nuestro centro fue premiado en la edici\u00f3n 2024.<\/p>\n<p><a href=\"https:\/\/www.alavaemprende.com\/presentados-los-17-proyectos-finalistas-del-concurso-tu-idea-cuenta-2024\/\" target=\"_blank\" rel=\"noopener\">M\u00e1s informaci\u00f3n sobre el proyecto<\/a>[\/vc_column_text][vc_video link=\u00bbhttps:\/\/youtu.be\/zDh-JC07sq4&#8243; css=\u00bb\u00bb][\/vc_column][\/vc_row][vc_row gap=\u00bb35&#8243; css=\u00bb.vc_custom_1735037876831{margin-right: 0px !important;margin-left: 0px !important;padding-top: 0px !important;padding-right: 0px !important;padding-bottom: 0px !important;padding-left: 0px !important;}\u00bb][vc_column width=\u00bb1\/4&#8243; css=\u00bb.vc_custom_1659350975032{margin: 0px !important;padding: 0px !important;}\u00bb][vc_single_image image=\u00bb1661&#8243; img_size=\u00bbfull\u00bb css=\u00bb\u00bb][\/vc_column][vc_column width=\u00bb3\/4&#8243;][vc_column_text css=\u00bb\u00bb]Visita t\u00e9cnica a Madrid para la feria <strong>@biocultura<\/strong> de productos ecol\u00f3gicos y consumo responsable BIO, con nuestro alumnado de 2\u00ba curso de Producci\u00f3n Agroecol\u00f3gica.[\/vc_column_text][\/vc_column][\/vc_row]<\/p>\n<\/div>","protected":false},"excerpt":{"rendered":"<p>[vc_row css_animation=\u00bbfadeInLeft\u00bb][vc_column][vc_row_inner equal_height=\u00bbyes\u00bb gap=\u00bb35&#8243;][vc_column_inner el_class=\u00bbtexto_general\u00bb width=\u00bb2\/3&#8243;][vc_column_text css=\u00bb.vc_custom_1733147590489{margin-bottom: 0px !important;}\u00bb] Estancias del alumnado En nuestro centro consideramos la internacionalizaci\u00f3n una prioridad clave en el proceso de aprendizaje,<span class=\"excerpt-hellip\"> [\u2026]<\/span><\/p>\n","protected":false},"author":1,"featured_media":0,"parent":56,"menu_order":0,"comment_status":"closed","ping_status":"closed","template":"","meta":{"footnotes":""},"categories":[],"tags":[],"class_list":["post-68","page","type-page","status-publish","hentry"],"_links":{"self":[{"href":"https:\/\/www.arkaute.net\/es\/wp-json\/wp\/v2\/pages\/68","targetHints":{"allow":["GET"]}}],"collection":[{"href":"https:\/\/www.arkaute.net\/es\/wp-json\/wp\/v2\/pages"}],"about":[{"href":"https:\/\/www.arkaute.net\/es\/wp-json\/wp\/v2\/types\/page"}],"author":[{"embeddable":true,"href":"https:\/\/www.arkaute.net\/es\/wp-json\/wp\/v2\/users\/1"}],"replies":[{"embeddable":true,"href":"https:\/\/www.arkaute.net\/es\/wp-json\/wp\/v2\/comments?post=68"}],"version-history":[{"count":30,"href":"https:\/\/www.arkaute.net\/es\/wp-json\/wp\/v2\/pages\/68\/revisions"}],"predecessor-version":[{"id":3582,"href":"https:\/\/www.arkaute.net\/es\/wp-json\/wp\/v2\/pages\/68\/revisions\/3582"}],"up":[{"embeddable":true,"href":"https:\/\/www.arkaute.net\/es\/wp-json\/wp\/v2\/pages\/56"}],"wp:attachment":[{"href":"https:\/\/www.arkaute.net\/es\/wp-json\/wp\/v2\/media?parent=68"}],"wp:term":[{"taxonomy":"category","embeddable":true,"href":"https:\/\/www.arkaute.net\/es\/wp-json\/wp\/v2\/categories?post=68"},{"taxonomy":"post_tag","embeddable":true,"href":"https:\/\/www.arkaute.net\/es\/wp-json\/wp\/v2\/tags?post=68"}],"curies":[{"name":"wp","href":"https:\/\/api.w.org\/{rel}","templated":true}]}}