{"id":66,"date":"2024-10-20T11:42:00","date_gmt":"2024-10-20T09:42:00","guid":{"rendered":"https:\/\/arkaute.innobask.net\/?page_id=66"},"modified":"2025-02-21T13:23:32","modified_gmt":"2025-02-21T12:23:32","slug":"programas-emprendimiento","status":"publish","type":"page","link":"https:\/\/www.arkaute.net\/es\/eres-alumnado\/programas-emprendimiento\/","title":{"rendered":"Programas emprendimiento"},"content":{"rendered":"<div class=\"wpb-content-wrapper\"><p>[vc_row css_animation=\u00bbfadeInRight\u00bb el_class=\u00bbtexto_general\u00bb css=\u00bb.vc_custom_1739274633633{margin-top: 0px !important;padding-top: 0px !important;}\u00bb][vc_column css=\u00bb.vc_custom_1739274624646{margin-top: 0px !important;padding-top: 0px !important;}\u00bb][vc_row_inner css=\u00bb.vc_custom_1739274731013{margin-top: 0px !important;margin-bottom: 0px !important;padding-top: 0px !important;padding-bottom: 0px !important;}\u00bb][vc_column_inner width=\u00bb2\/3&#8243; css=\u00bb.vc_custom_1739274918959{margin-top: 0px !important;margin-bottom: 0px !important;padding-top: 0px !important;padding-bottom: 0px !important;}\u00bb][vc_column_text css=\u00bb.vc_custom_1739274934053{margin-top: 0px !important;margin-bottom: 0px !important;padding-top: 0px !important;padding-bottom: 0px !important;}\u00bb]<\/p>\n<h3><b>URRATSBAT<\/b><\/h3>\n<h4><b>Tu iniciativa, tu empresa. Te acompa\u00f1amos<\/b><\/h4>\n<p><strong>Urratsbat<\/strong> es un programa de apoyo al emprendimiento que te ayuda a <strong>crear tu propia empresa<\/strong> relacionada con los estudios que has realizado y finalizado. Nace con el objetivo de generar una cultura donde se promueva la realizaci\u00f3n de proyectos propios, organizando acciones de sensibilizaci\u00f3n en autoempleo y dinamizando los proyectos empresariales que nacen en el centro. En Agrario Arkaute tambi\u00e9n facilitamos las herramientas para su gesti\u00f3n.<\/p>\n<p>Adem\u00e1s, con la red de contactos <strong><a href=\"https:\/\/urratsbatsarea.eus\/\">Urratsbat Sarea<\/a><\/strong> puedes ponerte en contacto con personas emprendedoras como t\u00fa. Podr\u00e1s intercambiar ideas, experiencias, fomentar nuevos proyectos fruto de la colaboraci\u00f3n empresarial o buscar nuevas clientelas.<\/p>\n<p>Dirigido a alumnado y ex alumnado de <strong>CIFP Agrario Arkaute<\/strong>.<\/p>\n<p>Si quieres saber m\u00e1s sobre el <strong><a href=\"https:\/\/ekingune.tknika.eus\/program\/urratsbat\/\" target=\"_blank\" rel=\"noopener\">Programa Urratsbat<\/a><\/strong>[\/vc_column_text][\/vc_column_inner][vc_column_inner width=\u00bb1\/3&#8243; css=\u00bb.vc_custom_1739274912867{margin-top: 0px !important;margin-bottom: 0px !important;padding-top: 0px !important;padding-bottom: 0px !important;}\u00bb][vc_single_image image=\u00bb2786&#8243; img_size=\u00bbfull\u00bb css=\u00bb.vc_custom_1740140878784{margin-top: 0px !important;margin-bottom: 0px !important;padding-top: 0px !important;padding-bottom: 0px !important;}\u00bb][\/vc_column_inner][\/vc_row_inner][vc_video link=\u00bbhttps:\/\/www.youtube.com\/watch?v=uINix6CoA1k\u00bb css=\u00bb.vc_custom_1739274869675{margin-top: 0px !important;margin-bottom: 0px !important;padding-top: 0px !important;padding-bottom: 0px !important;}\u00bb][\/vc_column][\/vc_row][vc_row css_animation=\u00bbfadeInLeft\u00bb css=\u00bb.vc_custom_1739274599753{margin-top: 0px !important;padding-top: 0px !important;}\u00bb el_class=\u00bbtexto_general\u00bb][vc_column css=\u00bb.vc_custom_1739274612790{margin-top: 0px !important;padding-top: 0px !important;}\u00bb][vc_row_inner css=\u00bb.vc_custom_1739274606732{margin-top: 0px !important;padding-top: 0px !important;}\u00bb][vc_column_inner width=\u00bb2\/3&#8243; css=\u00bb.vc_custom_1739274804328{margin-top: 0px !important;margin-bottom: 0px !important;padding-top: 0px !important;padding-bottom: 0px !important;}\u00bb][vc_column_text css=\u00bb.vc_custom_1739274812163{margin-top: 0px !important;margin-bottom: 0px !important;padding-top: 0px !important;padding-bottom: 0px !important;}\u00bb]<\/p>\n<h3><b>IKASENPRESA<\/b><\/h3>\n<h4>Educaci\u00f3n que inspira, emprendimiento que transforma<\/h4>\n<p><strong>Ikasenpresa<\/strong> es un programa educativo que trabaja para acercar el mundo de la empresa al aula, potenciando el desarrollo de capacidades emprendedoras, estimulando el acercamiento a otras culturas y realidades sociales, y promoviendo la cooperaci\u00f3n entre centros escolares.<\/p>\n<p>Se imparte en el m\u00f3dulo Empresa e Iniciativa emprendedora donde se crea una empresa que es utilizada como herramienta de aprendizaje.<\/p>\n<p>Est\u00e1 impulsado por el Departamento de Educaci\u00f3n del Gobierno Vasco y dirigido al alumnado de Ciclos Formativos de grado medio y grado superior.<\/p>\n<p>Si quieres saber m\u00e1s sobre el <a href=\"https:\/\/ekingune.tknika.eus\/eu\/program\/ikasenpresa\/\" target=\"_blank\" rel=\"noopener\">Programa Ikasenpresa<\/a>.[\/vc_column_text][\/vc_column_inner][vc_column_inner width=\u00bb1\/3&#8243; css=\u00bb.vc_custom_1739274796577{margin-top: 0px !important;margin-bottom: 0px !important;padding-top: 0px !important;padding-bottom: 0px !important;}\u00bb][vc_single_image image=\u00bb2118&#8243; img_size=\u00bbfull\u00bb css=\u00bb.vc_custom_1739274788195{margin-bottom: 0px !important;padding-bottom: 0px !important;}\u00bb][\/vc_column_inner][\/vc_row_inner][vc_video link=\u00bbhttps:\/\/www.youtube.com\/watch?v=td7wOXnGL2Q&amp;t=4s\u00bb css=\u00bb\u00bb][\/vc_column][\/vc_row][vc_row full_width=\u00bbstretch_row\u00bb css_animation=\u00bbbounceInRight\u00bb css=\u00bb.vc_custom_1733146694543{margin-top: 0px !important;margin-bottom: 30px !important;padding-top: 0px !important;background-color: #F1F1F1 !important;}\u00bb][vc_column][vc_column_text css=\u00bb\u00bb]<\/p>\n<h2>Nuestros proyectos<\/h2>\n<div id=\"gtx-trans\" style=\"position: absolute; left: 302px; top: 63.8906px;\">\n<div class=\"gtx-trans-icon\"><\/div>\n<\/div>\n<p>[\/vc_column_text][vc_basic_grid post_type=\u00bbproyecto\u00bb max_items=\u00bb100&#8243; item=\u00bbbasicGrid_VerticalFlip\u00bb css=\u00bb\u00bb grid_id=\u00bbvc_gid:1740140621071-955b24c937b45be4846d5f936db22300-7&#8243; taxonomies=\u00bb17&#8243;][\/vc_column][\/vc_row][vc_row css_animation=\u00bbbounceInLeft\u00bb el_class=\u00bbfondo_centrado_logo\u00bb css=\u00bb.vc_custom_1733142799182{margin-top: 30px !important;}\u00bb][vc_column]<div class=\"cq-expandgrid cq-circular- cq-expandgrid- cq-expandgrid-avatar-40 cq-expandgrid-close-yes cq-expandgrid-in2  \" data-itemheight=\"\" data-autoslide=\"no\" data-itemsize=\"\" data-transparentitem=\"yes\" data-openfirst=\"\" data-labelfontsize=\"\" data-nocircular=\"\" data-subfontsize=\"\" data-scrollto=\"\" data-scrolloffset=\"0\"><div class=\"cq-expandgrid-item cq-expandgrid-initstate customized\" data-image=\"https:\/\/www.arkaute.net\/wp-content\/uploads\/2024\/10\/hierba-background-8.jpg\" data-bgstyle=\"customized\" data-backgroundcolor=\"#ADFA3A\" data-backgroundhovercolor=\"\" data-avatartype=\"icon\" data-avatar=\"\" data-contentcolor=\"#000000\" data-iconcolor=\"#000000\" data-iconsize=\"60px\" data-labelcolor=\"#000000\" data-subtitlecolor=\"#000000\" title=\"\"><div class=\"cq-expandgrid-face cq-expandgrid-toggle\" style=\"background-color: #ADFA3A\"><div class=\"cq-expandgrid-facecontent\"><i class=\"cq-expandgrid-icon entypo-icon entypo-icon-plus\"><\/i><span class=\"cq-expandgrid-title\">Objetivos<\/span> <\/div><div class=\"cq-expandgrid-arrow\" style=\"border-bottom:15px solid #ADFA3A\"><\/div><\/div><div class=\"cq-expandgrid-content\" style=\"background-color: #ADFA3A\"><div class=\"cq-expandgrid-text\"><ul>\n<li>Crear una Ikasenpresa para que el alumnado sea consciente de lo que implica emprender.<\/li>\n<li>Desarrollar las competencias del alumnado para convertirlos en profesionales competentes.<\/li>\n<li>Sensibilizar sobre el autoempleo.<\/li>\n<\/ul>\n<\/div><i class=\"fa fa-close cq-expandgrid-close\"><\/i><\/div><\/div><div class=\"cq-expandgrid-item cq-expandgrid-initstate customized\" data-image=\"https:\/\/www.arkaute.net\/wp-content\/uploads\/2024\/10\/hierba-background-8.jpg\" data-bgstyle=\"customized\" data-backgroundcolor=\"#ADFA3A\" data-backgroundhovercolor=\"\" data-avatartype=\"icon\" data-avatar=\"\" data-contentcolor=\"#000000\" data-iconcolor=\"#000000\" data-iconsize=\"60px\" data-labelcolor=\"#000000\" data-subtitlecolor=\"#000000\" title=\"\"><div class=\"cq-expandgrid-face cq-expandgrid-toggle\" style=\"background-color: #ADFA3A\"><div class=\"cq-expandgrid-facecontent\"><i class=\"cq-expandgrid-icon entypo-icon entypo-icon-plus\"><\/i><span class=\"cq-expandgrid-title\">\u00bfC\u00f3mo funciona Ikasenpresa?<\/span> <\/div><div class=\"cq-expandgrid-arrow\" style=\"border-bottom:15px solid #ADFA3A\"><\/div><\/div><div class=\"cq-expandgrid-content\" style=\"background-color: #ADFA3A\"><div class=\"cq-expandgrid-text\"><ol>\n<li><strong>El alumnado crea una peque\u00f1a empresa<\/strong> y realizan todas las actividades necesarias para su puesta en marcha, desde la imagen corporativa, administraci\u00f3n, marketing, hasta la compraventa. Los productos utilizados son reales y en muchos casos realizados por ellas\/os mismas\/os.<\/li>\n<li>A lo largo del curso <strong>se realizan dos asambleas de personas empresarias<\/strong>, donde se re\u00fanen los representantes de cada empresa. En la primera reuni\u00f3n, presentan su empresa y en la segunda, cuentan el desarrollo de la misma.<\/li>\n<li>Para finalizar <strong>se organiza una feria<\/strong> para que el alumnado trabaje el punto de venta y ofrezca al p\u00fablico sus productos.<\/li>\n<\/ol>\n<\/div><i class=\"fa fa-close cq-expandgrid-close\"><\/i><\/div><\/div><\/div>[\/vc_column][\/vc_row][vc_row css=\u00bb.vc_custom_1733146701553{margin-top: 30px !important;margin-bottom: 30px !important;padding-top: 0px !important;}\u00bb][vc_column el_class=\u00bbdestacado-mov-oscilante\u00bb][vc_column_text css=\u00bb\u00bb]<\/p>\n<h3 style=\"text-align: center;\">Tu empresa a tan solo un clic<\/h3>\n<p style=\"text-align: center;\"><strong><a href=\"mailto:urratsbat@arkaute.net\">Cont\u00e1ctanos<\/a><\/strong><\/p>\n<p>[\/vc_column_text][\/vc_column][\/vc_row][vc_row disable_element=\u00bbyes\u00bb css=\u00bb.vc_custom_1734355016542{margin-top: 0px !important;padding-top: 0px !important;}\u00bb][vc_column el_class=\u00bbdestacado-mov-oscilante\u00bb][vc_column_text css=\u00bb\u00bb]<\/p>\n<h3 style=\"text-align: center;\">Tu empresa a tan solo un clic<\/h3>\n<p style=\"text-align: center;\"><strong><a href=\"mailto:urratsbat@arkaute.net\">Contactanos<\/a><\/strong><\/p>\n<p>[\/vc_column_text][\/vc_column][\/vc_row]<\/p>\n<\/div>","protected":false},"excerpt":{"rendered":"<p>[vc_row css_animation=\u00bbfadeInRight\u00bb el_class=\u00bbtexto_general\u00bb css=\u00bb.vc_custom_1739274633633{margin-top: 0px !important;padding-top: 0px !important;}\u00bb][vc_column css=\u00bb.vc_custom_1739274624646{margin-top: 0px !important;padding-top: 0px !important;}\u00bb][vc_row_inner css=\u00bb.vc_custom_1739274731013{margin-top: 0px !important;margin-bottom: 0px !important;padding-top: 0px !important;padding-bottom: 0px !important;}\u00bb][vc_column_inner width=\u00bb2\/3&#8243; css=\u00bb.vc_custom_1739274918959{margin-top: 0px !important;margin-bottom:<span class=\"excerpt-hellip\"> [\u2026]<\/span><\/p>\n","protected":false},"author":1,"featured_media":0,"parent":56,"menu_order":0,"comment_status":"closed","ping_status":"closed","template":"","meta":{"footnotes":""},"categories":[],"tags":[],"class_list":["post-66","page","type-page","status-publish","hentry"],"_links":{"self":[{"href":"https:\/\/www.arkaute.net\/es\/wp-json\/wp\/v2\/pages\/66","targetHints":{"allow":["GET"]}}],"collection":[{"href":"https:\/\/www.arkaute.net\/es\/wp-json\/wp\/v2\/pages"}],"about":[{"href":"https:\/\/www.arkaute.net\/es\/wp-json\/wp\/v2\/types\/page"}],"author":[{"embeddable":true,"href":"https:\/\/www.arkaute.net\/es\/wp-json\/wp\/v2\/users\/1"}],"replies":[{"embeddable":true,"href":"https:\/\/www.arkaute.net\/es\/wp-json\/wp\/v2\/comments?post=66"}],"version-history":[{"count":35,"href":"https:\/\/www.arkaute.net\/es\/wp-json\/wp\/v2\/pages\/66\/revisions"}],"predecessor-version":[{"id":2788,"href":"https:\/\/www.arkaute.net\/es\/wp-json\/wp\/v2\/pages\/66\/revisions\/2788"}],"up":[{"embeddable":true,"href":"https:\/\/www.arkaute.net\/es\/wp-json\/wp\/v2\/pages\/56"}],"wp:attachment":[{"href":"https:\/\/www.arkaute.net\/es\/wp-json\/wp\/v2\/media?parent=66"}],"wp:term":[{"taxonomy":"category","embeddable":true,"href":"https:\/\/www.arkaute.net\/es\/wp-json\/wp\/v2\/categories?post=66"},{"taxonomy":"post_tag","embeddable":true,"href":"https:\/\/www.arkaute.net\/es\/wp-json\/wp\/v2\/tags?post=66"}],"curies":[{"name":"wp","href":"https:\/\/api.w.org\/{rel}","templated":true}]}}