{"id":64,"date":"2024-10-20T11:41:37","date_gmt":"2024-10-20T09:41:37","guid":{"rendered":"https:\/\/arkaute.innobask.net\/?page_id=64"},"modified":"2025-12-16T15:10:25","modified_gmt":"2025-12-16T14:10:25","slug":"becas","status":"publish","type":"page","link":"https:\/\/www.arkaute.net\/es\/eres-alumnado\/becas\/","title":{"rendered":"Becas"},"content":{"rendered":"<div class=\"wpb-content-wrapper\"><p>[vc_row css_animation=\u00bbfadeInLeft\u00bb css=\u00bb.vc_custom_1730720930220{margin-bottom: 35px !important;}\u00bb][vc_column][vc_column_text css=\u00bb.vc_custom_1733137866764{margin-top: 0px !important;margin-bottom: 0px !important;padding-top: 0px !important;}\u00bb]Sabemos que la educaci\u00f3n es clave para acceder a mejores oportunidades laborales, y por eso hemos recopilado una variedad de becas dise\u00f1adas para apoyarte en tu camino formativo.<\/p>\n<p>Aqu\u00ed encontrar\u00e1s informaci\u00f3n detallada sobre las distintas ayudas econ\u00f3micas disponibles, dirigidas a estudiantes de Formaci\u00f3n Profesional de todos los niveles. Desde becas para cubrir los costos de matr\u00edcula y materiales, hasta apoyos para la movilidad internacional o pr\u00e1cticas en empresas, nuestro objetivo es facilitarte el acceso a una educaci\u00f3n de calidad que te prepare para el mundo laboral.[\/vc_column_text][\/vc_column][\/vc_row][vc_row full_width=\u00bbstretch_row\u00bb parallax=\u00bbcontent-moving\u00bb parallax_image=\u00bb379&#8243; parallax_speed_bg=\u00bb2&#8243; css_animation=\u00bbbounceInRight\u00bb css=\u00bb.vc_custom_1730831907595{background-color: #F6F8F7 !important;}\u00bb][vc_column][vc_row_inner equal_height=\u00bbyes\u00bb][vc_column_inner el_class=\u00bbdestacados_hierba_3C\u00bb width=\u00bb1\/3&#8243;][vc_icon icon_fontawesome=\u00bbfas fa-file-alt\u00bb color=\u00bbcustom\u00bb size=\u00bbxl\u00bb css=\u00bb\u00bb custom_color=\u00bb#6D7174&#8243;][vc_column_text css=\u00bb\u00bb el_class=\u00bbbtn_content\u00bb]<\/p>\n<h3>Becas econ\u00f3micas para niveles no universitarios<\/h3>\n<ul>\n<li>Dirigida a estudiantes de Grado B\u00e1sico, Grado Medio y Superior.<\/li>\n<\/ul>\n<p>[\/vc_column_text]<div class=\"cq-buttoncontainer  \"><div class=\"animatetype-2\"><div><a href=\"https:\/\/www.euskadi.eus\/becas-y-ayudas-al-estudio-para-la-escolarizacion-de-estudiantes-de-niveles-no-universitarios\/web01-a2hikasl\/es\/\" title=\"\" target=\"_blank\" style=\"color:#000000;background-color:#ADFA3A;\" class=\"btn cqbtn-1\"><span class=\"txt\">Me interesa<\/span><span class=\"round\"><i style=\"margin-top:-9px;margin-left:-9px;\" class=\"fa fa-arrow-right\"><\/i><\/span><\/a><\/div><\/div><\/div>[\/vc_column_inner][vc_column_inner el_class=\u00bbdestacados_hierba_3C\u00bb width=\u00bb1\/3&#8243;][vc_icon icon_fontawesome=\u00bbfas fa-file-alt\u00bb color=\u00bbcustom\u00bb size=\u00bbxl\u00bb css=\u00bb\u00bb custom_color=\u00bb#6D7174&#8243;][vc_column_text css=\u00bb\u00bb]<\/p>\n<h3>Ayudas para el transporte escolar<\/h3>\n<ul>\n<li>Dirigida a estudiantes de Grado B\u00e1sico y de Grado Medio.<\/li>\n<\/ul>\n<p>[\/vc_column_text]<div class=\"cq-buttoncontainer  \"><div class=\"animatetype-2\"><div><a href=\"https:\/\/www.euskadi.eus\/ayuda_subvencion\/2025\/transp-escolar-25-26\/web01-tramite\/es\/\" title=\"\" target=\"_blank\" style=\"color:#000000;background-color:#ADFA3A;\" class=\"btn cqbtn-1\"><span class=\"txt\">Me interesa<\/span><span class=\"round\"><i style=\"margin-top:-9px;margin-left:-9px;\" class=\"fa fa-arrow-right\"><\/i><\/span><\/a><\/div><\/div><\/div>[\/vc_column_inner][vc_column_inner el_class=\u00bbdestacados_hierba_3C\u00bb width=\u00bb1\/3&#8243;][vc_icon icon_fontawesome=\u00bbfas fa-file-alt\u00bb color=\u00bbcustom\u00bb size=\u00bbxl\u00bb css=\u00bb\u00bb custom_color=\u00bb#6D7174&#8243;][vc_column_text css=\u00bb\u00bb]<\/p>\n<h3>Becas \u201cErasmus +\u201d para la movilidad<\/h3>\n<ul>\n<li>Dirigida al alumnado que quiere realizar parte de la formaci\u00f3n en la Uni\u00f3n Europea.<\/li>\n<\/ul>\n<p>[\/vc_column_text]<div class=\"cq-buttoncontainer  \"><div class=\"animatetype-2\"><div><a href=\"https:\/\/erasmus-plus.ec.europa.eu\/es\/opportunities\/opportunities-for-individuals\/staff-training\/vocational-education-and-training-training-staff\" title=\"\" target=\"_blank\" style=\"color:#000000;background-color:#ADFA3A;\" class=\"btn cqbtn-1\"><span class=\"txt\">Me interesa<\/span><span class=\"round\"><i style=\"margin-top:-9px;margin-left:-9px;\" class=\"fa fa-arrow-right\"><\/i><\/span><\/a><\/div><\/div><\/div>[\/vc_column_inner][\/vc_row_inner][vc_row_inner equal_height=\u00bbyes\u00bb css=\u00bb.vc_custom_1730719451780{padding-top: 35px !important;}\u00bb][vc_column_inner el_class=\u00bbdestacados_hierba_3C\u00bb width=\u00bb1\/3&#8243;][vc_icon icon_fontawesome=\u00bbfas fa-file-alt\u00bb color=\u00bbcustom\u00bb size=\u00bbxl\u00bb css=\u00bb\u00bb custom_color=\u00bb#6D7174&#8243;][vc_column_text css=\u00bb\u00bb]<\/p>\n<h3>Becas para estudios de niveles postobligatorios del Ministerio Educaci\u00f3n<\/h3>\n<ul>\n<li>Dirigida al alumnado que quiere realizar estudios no obligatorios, como la FP.<\/li>\n<\/ul>\n<p>[\/vc_column_text]<div class=\"cq-buttoncontainer  \"><div class=\"animatetype-2\"><div><a href=\"https:\/\/www.educacionfpydeportes.gob.es\/servicios-al-ciudadano\/catalogo\/general\/05\/050130\/ficha\/050130-2024.html\" title=\"\" target=\"_blank\" style=\"color:#000000;background-color:#ADFA3A;\" class=\"btn cqbtn-1\"><span class=\"txt\">Me interesa<\/span><span class=\"round\"><i style=\"margin-top:-9px;margin-left:-9px;\" class=\"fa fa-arrow-right\"><\/i><\/span><\/a><\/div><\/div><\/div>[\/vc_column_inner][vc_column_inner el_class=\u00bbdestacados_hierba_3C\u00bb width=\u00bb1\/3&#8243;][vc_icon icon_fontawesome=\u00bbfas fa-file-alt\u00bb color=\u00bbcustom\u00bb size=\u00bbxl\u00bb css=\u00bb\u00bb custom_color=\u00bb#6D7174&#8243;][vc_column_text css=\u00bb\u00bb]<\/p>\n<h3>Becas Global Training de movilidad<\/h3>\n<ul>\n<li>Dirigida a j\u00f3venes del Pa\u00eds Vasco menores de 30 a\u00f1os que quieran realizar pr\u00e1cticas en el extranjero.<\/li>\n<\/ul>\n<p>[\/vc_column_text]<div class=\"cq-buttoncontainer  \"><div class=\"animatetype-2\"><div><a href=\"https:\/\/basquetrade.spri.eus\/es\/ayudas\/global-training-programa-movilidad-internacional\/\" title=\"\" target=\"_blank\" style=\"color:#000000;background-color:#ADFA3A;\" class=\"btn cqbtn-1\"><span class=\"txt\">Me interesa<\/span><span class=\"round\"><i style=\"margin-top:-9px;margin-left:-9px;\" class=\"fa fa-arrow-right\"><\/i><\/span><\/a><\/div><\/div><\/div>[\/vc_column_inner][vc_column_inner width=\u00bb1\/3&#8243;][\/vc_column_inner][\/vc_row_inner][\/vc_column][\/vc_row][vc_row full_width=\u00bbstretch_row\u00bb gap=\u00bb35&#8243; css_animation=\u00bbbounceInRight\u00bb css=\u00bb.vc_custom_1730372500537{margin-top: 30px !important;background-color: #FFFFFF !important;}\u00bb][vc_column el_class=\u00bbdestacado-mov-oscilante\u00bb][vc_column_text css=\u00bb\u00bb]<\/p>\n<h2 style=\"text-align: center;\">Ponte en contacto con nosotros<b><br \/>\n<\/b><\/h2>\n<p>[\/vc_column_text][vc_row_inner content_placement=\u00bbtop\u00bb css=\u00bb.vc_custom_1730316415236{margin-bottom: 0px !important;padding-bottom: 0px !important;}\u00bb][vc_column_inner width=\u00bb1\/4&#8243;][\/vc_column_inner][vc_column_inner width=\u00bb1\/4&#8243; css=\u00bb.vc_custom_1730315057041{margin-bottom: 0px !important;padding-bottom: 0px !important;}\u00bb][vc_icon icon_fontawesome=\u00bbfar fa-user\u00bb color=\u00bbblack\u00bb size=\u00bbxl\u00bb align=\u00bbcenter\u00bb css=\u00bb\u00bb][\/vc_column_inner][vc_column_inner width=\u00bb1\/4&#8243; css=\u00bb.vc_custom_1730315049742{margin-bottom: 0px !important;padding-bottom: 0px !important;}\u00bb][vc_column_text css=\u00bb\u00bb]<\/p>\n<p style=\"text-align: left;\"><a href=\"mailto:arkaute@arkaute.net\">arkaute@arkaute.net<\/a><\/p>\n<p>[\/vc_column_text][vc_column_text css=\u00bb\u00bb]<\/p>\n<p style=\"text-align: left;\"><a href=\"http:\/\/945 285 387\">945 285 387<\/a><\/p>\n<p>[\/vc_column_text][\/vc_column_inner][vc_column_inner width=\u00bb1\/4&#8243;][\/vc_column_inner][\/vc_row_inner][\/vc_column][\/vc_row]<\/p>\n<\/div>","protected":false},"excerpt":{"rendered":"<p>[vc_row css_animation=\u00bbfadeInLeft\u00bb css=\u00bb.vc_custom_1730720930220{margin-bottom: 35px !important;}\u00bb][vc_column][vc_column_text css=\u00bb.vc_custom_1733137866764{margin-top: 0px !important;margin-bottom: 0px !important;padding-top: 0px !important;}\u00bb]Sabemos que la educaci\u00f3n es clave para acceder a mejores oportunidades laborales, y por eso<span class=\"excerpt-hellip\"> [\u2026]<\/span><\/p>\n","protected":false},"author":1,"featured_media":0,"parent":56,"menu_order":0,"comment_status":"closed","ping_status":"closed","template":"","meta":{"footnotes":""},"categories":[],"tags":[],"class_list":["post-64","page","type-page","status-publish","hentry"],"_links":{"self":[{"href":"https:\/\/www.arkaute.net\/es\/wp-json\/wp\/v2\/pages\/64","targetHints":{"allow":["GET"]}}],"collection":[{"href":"https:\/\/www.arkaute.net\/es\/wp-json\/wp\/v2\/pages"}],"about":[{"href":"https:\/\/www.arkaute.net\/es\/wp-json\/wp\/v2\/types\/page"}],"author":[{"embeddable":true,"href":"https:\/\/www.arkaute.net\/es\/wp-json\/wp\/v2\/users\/1"}],"replies":[{"embeddable":true,"href":"https:\/\/www.arkaute.net\/es\/wp-json\/wp\/v2\/comments?post=64"}],"version-history":[{"count":16,"href":"https:\/\/www.arkaute.net\/es\/wp-json\/wp\/v2\/pages\/64\/revisions"}],"predecessor-version":[{"id":3529,"href":"https:\/\/www.arkaute.net\/es\/wp-json\/wp\/v2\/pages\/64\/revisions\/3529"}],"up":[{"embeddable":true,"href":"https:\/\/www.arkaute.net\/es\/wp-json\/wp\/v2\/pages\/56"}],"wp:attachment":[{"href":"https:\/\/www.arkaute.net\/es\/wp-json\/wp\/v2\/media?parent=64"}],"wp:term":[{"taxonomy":"category","embeddable":true,"href":"https:\/\/www.arkaute.net\/es\/wp-json\/wp\/v2\/categories?post=64"},{"taxonomy":"post_tag","embeddable":true,"href":"https:\/\/www.arkaute.net\/es\/wp-json\/wp\/v2\/tags?post=64"}],"curies":[{"name":"wp","href":"https:\/\/api.w.org\/{rel}","templated":true}]}}