{"id":62,"date":"2024-10-20T11:41:21","date_gmt":"2024-10-20T09:41:21","guid":{"rendered":"https:\/\/arkaute.innobask.net\/?page_id=62"},"modified":"2025-09-10T11:31:33","modified_gmt":"2025-09-10T09:31:33","slug":"recursos-alumnado","status":"publish","type":"page","link":"https:\/\/www.arkaute.net\/es\/eres-alumnado\/recursos-alumnado\/","title":{"rendered":"Recursos alumnado"},"content":{"rendered":"<div class=\"wpb-content-wrapper\"><p>[vc_row css_animation=\u00bbfadeInLeft\u00bb][vc_column][vc_column_text css=\u00bb.vc_custom_1733135648534{margin-top: 0px !important;margin-bottom: 0px !important;padding-top: 0px !important;}\u00bb]Aqu\u00ed encontrar\u00e1s todas las herramientas esenciales para que tu experiencia en <strong>CIFP Agrario Arkaute<\/strong> sea lo m\u00e1s completa y fluida posible<\/p>\n<p>Sabemos que contar con los recursos adecuados es clave para aprovechar al m\u00e1ximo tu formaci\u00f3n, por eso hemos reunido en un solo lugar todo lo que necesitas para organizarte y estar al d\u00eda.[\/vc_column_text][\/vc_column][\/vc_row][vc_row css_animation=\u00bbbounceInLeft\u00bb][vc_column el_class=\u00bbfondo_centrado_logo\u00bb][vc_row_inner css=\u00bb.vc_custom_1730300697607{margin-top: 30px !important;}\u00bb][vc_column_inner width=\u00bb1\/3&#8243;]<div class=\"cq-vectorcard right_2_left  \" data-avatar=\"\" data-backgroundimage=\"\" data-backgroundimagetype=\"cover\" data-backgroundcolor=\"#AAB2BD\" data-avatartype=\"icon\" data-iconcolor=\"#FFFFFF\" data-cardtopbgcolor=\"\" data-iconbgcolor=\"#ADFA3B\" data-avatartooltip=\"\" data-iconsize=\"\" data-cardbottombgcolor=\"\" data-authorcolor=\"#000000\" data-elementheight=\"400px\"><div class=\"cq-vectorcard-top\"><div class=\"cq-vectorcard-content\"><\/p>\n<h3>Calendario 2025-2026<\/h3>\n<p>5 de septiembre 2025\u00a0 &#8211; 4 de junio 2026<br \/>\nConsulta las fechas importantes, desde el inicio de clases hasta los per\u00edodos de ex\u00e1menes y vacaciones.<\/div><\/div><a href=\"https:\/\/www.arkaute.net\/wp-content\/uploads\/2025\/09\/CALENDARIO-DEL-CENTRO-25-26-1.pdf\" title=\"CALENDARIO 2025-2026\" target=\"_blank\" class=\"cq-vectorcard-avatarlink\"><div class=\"cq-vectorcard-avatar\"><i class=\"cq-vectorcard-icon far fa-calendar-alt\"><\/i><\/div><\/a><div class=\"cq-vectorcard-bottom\"><p class=\"cq-vectorcard-author\"><\/p><\/div><\/div>[\/vc_column_inner][vc_column_inner width=\u00bb1\/3&#8243;]<div class=\"cq-vectorcard right_2_left  \" data-avatar=\"\" data-backgroundimage=\"\" data-backgroundimagetype=\"cover\" data-backgroundcolor=\"#AAB2BD\" data-avatartype=\"icon\" data-iconcolor=\"#FFFFFF\" data-cardtopbgcolor=\"\" data-iconbgcolor=\"#ADFA3B\" data-avatartooltip=\"\" data-iconsize=\"\" data-cardbottombgcolor=\"\" data-authorcolor=\"#FFFFFF\" data-elementheight=\"400px\"><div class=\"cq-vectorcard-top\"><div class=\"cq-vectorcard-content\"><\/p>\n<h3>Gu\u00eda del<br \/>\nalumnado<\/h3>\n<p>Manual en donde encontraras toda la informaci\u00f3n sobre normas, derechos, servicios y procedimientos acad\u00e9micos.<\/div><\/div><a href=\"https:\/\/www.arkaute.net\/es\/2025\/09\/10\/calendario-2025-2026\/\" title=\"CALENDARIO 2025-2026\" target=\"_blank\" class=\"cq-vectorcard-avatarlink\"><div class=\"cq-vectorcard-avatar\"><i class=\"cq-vectorcard-icon fas fa-book\"><\/i><\/div><\/a><div class=\"cq-vectorcard-bottom\"><p class=\"cq-vectorcard-author\"><\/p><\/div><\/div>[\/vc_column_inner][vc_column_inner width=\u00bb1\/3&#8243;]<div class=\"cq-vectorcard right_2_left  \" data-avatar=\"\" data-backgroundimage=\"\" data-backgroundimagetype=\"cover\" data-backgroundcolor=\"#AAB2BD\" data-avatartype=\"icon\" data-iconcolor=\"#FFFFFF\" data-cardtopbgcolor=\"\" data-iconbgcolor=\"#ADFA3B\" data-avatartooltip=\"\" data-iconsize=\"\" data-cardbottombgcolor=\"\" data-authorcolor=\"#FFFFFF\" data-elementheight=\"400px\"><div class=\"cq-vectorcard-top\"><div class=\"cq-vectorcard-content\"><\/p>\n<h3>Ikasgunea<\/h3>\n<p>Plataforma acad\u00e9mica de Gobierno Vasco, en donde podr\u00e1s ver tu matr\u00edcula, certificados, notas etc.<\/div><\/div><a href=\"https:\/\/ikasgunea.euskadi.eus\/es\/\" title=\"\" target=\"_blank\" class=\"cq-vectorcard-avatarlink\"><div class=\"cq-vectorcard-avatar\"><i class=\"cq-vectorcard-icon fas fa-door-open\"><\/i><\/div><\/a><div class=\"cq-vectorcard-bottom\"><p class=\"cq-vectorcard-author\"><\/p><\/div><\/div>[\/vc_column_inner][\/vc_row_inner][\/vc_column][\/vc_row]<\/p>\n<\/div>","protected":false},"excerpt":{"rendered":"<p>[vc_row css_animation=\u00bbfadeInLeft\u00bb][vc_column][vc_column_text css=\u00bb.vc_custom_1733135648534{margin-top: 0px !important;margin-bottom: 0px !important;padding-top: 0px !important;}\u00bb]Aqu\u00ed encontrar\u00e1s todas las herramientas esenciales para que tu experiencia en CIFP Agrario Arkaute sea lo m\u00e1s completa<span class=\"excerpt-hellip\"> [\u2026]<\/span><\/p>\n","protected":false},"author":1,"featured_media":0,"parent":56,"menu_order":0,"comment_status":"closed","ping_status":"closed","template":"","meta":{"footnotes":""},"categories":[],"tags":[],"class_list":["post-62","page","type-page","status-publish","hentry"],"_links":{"self":[{"href":"https:\/\/www.arkaute.net\/es\/wp-json\/wp\/v2\/pages\/62","targetHints":{"allow":["GET"]}}],"collection":[{"href":"https:\/\/www.arkaute.net\/es\/wp-json\/wp\/v2\/pages"}],"about":[{"href":"https:\/\/www.arkaute.net\/es\/wp-json\/wp\/v2\/types\/page"}],"author":[{"embeddable":true,"href":"https:\/\/www.arkaute.net\/es\/wp-json\/wp\/v2\/users\/1"}],"replies":[{"embeddable":true,"href":"https:\/\/www.arkaute.net\/es\/wp-json\/wp\/v2\/comments?post=62"}],"version-history":[{"count":26,"href":"https:\/\/www.arkaute.net\/es\/wp-json\/wp\/v2\/pages\/62\/revisions"}],"predecessor-version":[{"id":3200,"href":"https:\/\/www.arkaute.net\/es\/wp-json\/wp\/v2\/pages\/62\/revisions\/3200"}],"up":[{"embeddable":true,"href":"https:\/\/www.arkaute.net\/es\/wp-json\/wp\/v2\/pages\/56"}],"wp:attachment":[{"href":"https:\/\/www.arkaute.net\/es\/wp-json\/wp\/v2\/media?parent=62"}],"wp:term":[{"taxonomy":"category","embeddable":true,"href":"https:\/\/www.arkaute.net\/es\/wp-json\/wp\/v2\/categories?post=62"},{"taxonomy":"post_tag","embeddable":true,"href":"https:\/\/www.arkaute.net\/es\/wp-json\/wp\/v2\/tags?post=62"}],"curies":[{"name":"wp","href":"https:\/\/api.w.org\/{rel}","templated":true}]}}