{"id":60,"date":"2024-10-20T11:41:04","date_gmt":"2024-10-20T09:41:04","guid":{"rendered":"https:\/\/arkaute.innobask.net\/?page_id=60"},"modified":"2024-12-02T20:12:03","modified_gmt":"2024-12-02T19:12:03","slug":"orientacion","status":"publish","type":"page","link":"https:\/\/www.arkaute.net\/es\/eres-alumnado\/orientacion\/","title":{"rendered":"Orientaci\u00f3n"},"content":{"rendered":"<div class=\"wpb-content-wrapper\"><p>[vc_row css_animation=\u00bbfadeInLeft\u00bb css=\u00bb.vc_custom_1733137710672{margin-bottom: 35px !important;}\u00bb][vc_column][vc_column_text css=\u00bb.vc_custom_1733166720316{margin-top: 0px !important;margin-bottom: 0px !important;padding-top: 0px !important;}\u00bb]En <strong>CIFP Agrario Arkaute<\/strong> nos parece importante orientarte de manera personal, acad\u00e9mica y profesional, para que tengas toda la informaci\u00f3n posible sobre la FP, los cursos que ofrecemos y los proyectos que llevamos a cabo, as\u00ed como los servicios que ofrecemos para que elijas lo mejor para ti.<\/p>\n<p>El servicio de asesoramiento est\u00e1 dirigido al alumnado y familiares.[\/vc_column_text][\/vc_column][\/vc_row][vc_row full_width=\u00bbstretch_row\u00bb parallax=\u00bbcontent-moving\u00bb parallax_image=\u00bb379&#8243; parallax_speed_bg=\u00bb2&#8243; css_animation=\u00bbbounceInRight\u00bb css=\u00bb.vc_custom_1730830863921{background-color: #F6F8F7 !important;}\u00bb][vc_column][vc_column_text css=\u00bb\u00bb]<\/p>\n<h2>\u00bfEn qu\u00e9 podemos ayudarte?<\/h2>\n<p>[\/vc_column_text][vc_row_inner][vc_column_inner width=\u00bb1\/2&#8243;][vc_column_text css=\u00bb\u00bb]<\/p>\n<ul>\n<li>A elegir el ciclo formativo que m\u00e1s se amolde a tus aspiraciones.<\/li>\n<li>Las diferentes opciones con la FP Dual.<\/li>\n<li>A elegir otro tipo de itinerarios formativos, como los Certificados Profesionales, la Acreditaci\u00f3n de Competencias u otros cursos.<\/li>\n<li>Las v\u00edas de acceso para cursar ciclos de FP o acceder a la universidad.<\/li>\n<li>Asesoramiento para comenzar a buscar trabajo.<\/li>\n<li>Cualquier otra duda o aclaraci\u00f3n que necesites.<\/li>\n<\/ul>\n<p>Adem\u00e1s del horario semanal del centro a disposici\u00f3n de nuestro alumnado y familias, el servicio de orientaci\u00f3n del centro responder\u00e1 a tus demandas de informaci\u00f3n.[\/vc_column_text][\/vc_column_inner][vc_column_inner width=\u00bb1\/2&#8243;][vc_single_image image=\u00bb1887&#8243; img_size=\u00bbfull\u00bb css=\u00bb\u00bb][\/vc_column_inner][\/vc_row_inner][\/vc_column][\/vc_row][vc_row css_animation=\u00bbbounceInLeft\u00bb css=\u00bb.vc_custom_1730548056886{margin-bottom: 0px !important;}\u00bb el_class=\u00bbfondo_centrado_logo\u00bb][vc_column][vc_column_text css=\u00bb\u00bb]<\/p>\n<h2>Desde el Departamento de Orientaci\u00f3n<\/h2>\n<p>[\/vc_column_text][vc_row_inner equal_height=\u00bbyes\u00bb][vc_column_inner el_class=\u00bbdestacados_hierba_3C\u00bb width=\u00bb1\/3&#8243;][vc_icon icon_fontawesome=\u00bbfas fa-info\u00bb color=\u00bbcustom\u00bb size=\u00bbxl\u00bb css=\u00bb\u00bb custom_color=\u00bb#6D7174&#8243;][vc_column_text css=\u00bb\u00bb]Proporcionamos informaci\u00f3n, asesoramiento y orientaci\u00f3n sobre los diferentes itinerarios formativos[\/vc_column_text][\/vc_column_inner][vc_column_inner el_class=\u00bbdestacados_hierba_3C\u00bb width=\u00bb1\/3&#8243;][vc_icon icon_fontawesome=\u00bbfar fa-compass\u00bb color=\u00bbcustom\u00bb size=\u00bbxl\u00bb css=\u00bb\u00bb custom_color=\u00bb#6D7174&#8243;][vc_column_text css=\u00bb\u00bb]Acompa\u00f1amos y reforzamos los procesos de ense\u00f1anza-aprendizaje y la labor tutorial y el bienestar personal y emocional del alumnado[\/vc_column_text][\/vc_column_inner][vc_column_inner el_class=\u00bbdestacados_hierba_3C\u00bb width=\u00bb1\/3&#8243;][vc_icon icon_fontawesome=\u00bbfas fa-headphones\u00bb color=\u00bbcustom\u00bb size=\u00bbxl\u00bb css=\u00bb\u00bb custom_color=\u00bb#6D7174&#8243;][vc_column_text css=\u00bb\u00bb]Atendemos al alumnado con necesidades especiales y\/o en desventaja social[\/vc_column_text][\/vc_column_inner][\/vc_row_inner][\/vc_column][\/vc_row][vc_row full_width=\u00bbstretch_row\u00bb gap=\u00bb35&#8243; css_animation=\u00bbbounceInRight\u00bb css=\u00bb.vc_custom_1730372554874{margin-top: 30px !important;margin-bottom: 35px !important;background-color: #FFFFFF !important;}\u00bb][vc_column el_class=\u00bbdestacado-mov-oscilante\u00bb][vc_column_text css=\u00bb\u00bb]<\/p>\n<h3 style=\"text-align: center;\">Contacta<b><br \/>\n<\/b><\/h3>\n<p>[\/vc_column_text][vc_row_inner content_placement=\u00bbtop\u00bb css=\u00bb.vc_custom_1730316415236{margin-bottom: 0px !important;padding-bottom: 0px !important;}\u00bb][vc_column_inner width=\u00bb1\/4&#8243;][\/vc_column_inner][vc_column_inner width=\u00bb1\/4&#8243; css=\u00bb.vc_custom_1730315057041{margin-bottom: 0px !important;padding-bottom: 0px !important;}\u00bb][vc_icon icon_fontawesome=\u00bbfar fa-user\u00bb color=\u00bbblack\u00bb size=\u00bbxl\u00bb align=\u00bbcenter\u00bb css=\u00bb\u00bb][\/vc_column_inner][vc_column_inner width=\u00bb1\/4&#8243; css=\u00bb.vc_custom_1730315049742{margin-bottom: 0px !important;padding-bottom: 0px !important;}\u00bb][vc_column_text css=\u00bb\u00bb]<\/p>\n<p style=\"text-align: left;\"><a href=\"mailto:mjiribarren@arkaute.net\">mjiribarren@arkaute.net<\/a><\/p>\n<p>[\/vc_column_text][vc_column_text css=\u00bb\u00bb]<\/p>\n<p style=\"text-align: left;\"><a href=\"http:\/\/634 232 547\">634 232 547<\/a><\/p>\n<p>[\/vc_column_text][\/vc_column_inner][vc_column_inner width=\u00bb1\/4&#8243;][\/vc_column_inner][\/vc_row_inner][\/vc_column][\/vc_row][vc_row full_width=\u00bbstretch_row\u00bb equal_height=\u00bbyes\u00bb content_placement=\u00bbmiddle\u00bb css_animation=\u00bbbounceInRight\u00bb disable_element=\u00bbyes\u00bb css=\u00bb.vc_custom_1730369349758{margin-bottom: 0px !important;padding-bottom: 0px !important;background: #ACFC3A url(https:\/\/www.arkaute.net\/wp-content\/uploads\/2024\/10\/hierba-background-3.jpg?id=294) !important;background-position: 0 0 !important;background-repeat: repeat !important;}\u00bb][vc_column css=\u00bb.vc_custom_1730369131972{margin-bottom: 0px !important;padding-bottom: 0px !important;}\u00bb][vc_column_text css=\u00bb\u00bb]<\/p>\n<h2>Desde el Departamento de Orientaci\u00f3n trabajamos<\/h2>\n<p>[\/vc_column_text][vc_row_inner equal_height=\u00bbyes\u00bb content_placement=\u00bbtop\u00bb gap=\u00bb35&#8243;][vc_column_inner width=\u00bb1\/3&#8243; css=\u00bb.vc_custom_1730213371463{margin-top: 40px !important;border-top-width: 1px !important;border-right-width: 1px !important;border-bottom-width: 1px !important;border-left-width: 1px !important;background-color: #BDFF5B57 !important;border-left-style: solid !important;border-right-style: solid !important;border-top-style: solid !important;border-bottom-style: solid !important;border-color: #FFFFFF82 !important;}\u00bb][vc_icon icon_fontawesome=\u00bbfas fa-info\u00bb color=\u00bbcustom\u00bb size=\u00bbxl\u00bb css=\u00bb\u00bb custom_color=\u00bb#6D7174&#8243;][vc_column_text css=\u00bb\u00bb]<\/p>\n<h3>Proporcionamos informaci\u00f3n, asesoramiento y orientaci\u00f3n<\/h3>\n<ul>\n<li>sobre los diferentes itinerarios formativos<\/li>\n<\/ul>\n<p>[\/vc_column_text][\/vc_column_inner][vc_column_inner width=\u00bb1\/3&#8243; css=\u00bb.vc_custom_1730213409629{margin-top: 40px !important;border-top-width: 1px !important;border-right-width: 1px !important;border-bottom-width: 1px !important;border-left-width: 1px !important;background-color: #BDFF5B57 !important;border-left-style: solid !important;border-right-style: solid !important;border-top-style: solid !important;border-bottom-style: solid !important;border-color: #FFFFFF82 !important;}\u00bb][vc_icon icon_fontawesome=\u00bbfar fa-compass\u00bb color=\u00bbcustom\u00bb size=\u00bbxl\u00bb css=\u00bb\u00bb custom_color=\u00bb#6D7174&#8243;][vc_column_text css=\u00bb\u00bb]<\/p>\n<h3>Acompa\u00f1amos y reforzamos<\/h3>\n<ul>\n<li aria-level=\"1\">los procesos de ense\u00f1anza-aprendizaje y la labor tutorial<\/li>\n<li aria-level=\"1\">el bienestar personal y emocional del alumnado<\/li>\n<\/ul>\n<p>[\/vc_column_text][\/vc_column_inner][vc_column_inner width=\u00bb1\/3&#8243; css=\u00bb.vc_custom_1730213424166{margin-top: 40px !important;border-top-width: 1px !important;border-right-width: 1px !important;border-bottom-width: 1px !important;border-left-width: 1px !important;background-color: #BDFF5B4D !important;border-left-style: solid !important;border-right-style: solid !important;border-top-style: solid !important;border-bottom-style: solid !important;border-color: #FFFFFF82 !important;}\u00bb][vc_icon icon_fontawesome=\u00bbfas fa-headphones\u00bb color=\u00bbcustom\u00bb size=\u00bbxl\u00bb css=\u00bb\u00bb custom_color=\u00bb#6D7174&#8243;][vc_column_text css=\u00bb\u00bb]<\/p>\n<h3>Atendemos al alumnado<\/h3>\n<ul>\n<li>con necesidades especiales y\/o en desventaja social<\/li>\n<\/ul>\n<p>[\/vc_column_text][\/vc_column_inner][\/vc_row_inner][\/vc_column][\/vc_row]<\/p>\n<\/div>","protected":false},"excerpt":{"rendered":"<p>[vc_row css_animation=\u00bbfadeInLeft\u00bb css=\u00bb.vc_custom_1733137710672{margin-bottom: 35px !important;}\u00bb][vc_column][vc_column_text css=\u00bb.vc_custom_1733166720316{margin-top: 0px !important;margin-bottom: 0px !important;padding-top: 0px !important;}\u00bb]En CIFP Agrario Arkaute nos parece importante orientarte de manera personal, acad\u00e9mica y profesional, para<span class=\"excerpt-hellip\"> [\u2026]<\/span><\/p>\n","protected":false},"author":1,"featured_media":0,"parent":56,"menu_order":0,"comment_status":"closed","ping_status":"closed","template":"","meta":{"footnotes":""},"categories":[],"tags":[],"class_list":["post-60","page","type-page","status-publish","hentry"],"_links":{"self":[{"href":"https:\/\/www.arkaute.net\/es\/wp-json\/wp\/v2\/pages\/60","targetHints":{"allow":["GET"]}}],"collection":[{"href":"https:\/\/www.arkaute.net\/es\/wp-json\/wp\/v2\/pages"}],"about":[{"href":"https:\/\/www.arkaute.net\/es\/wp-json\/wp\/v2\/types\/page"}],"author":[{"embeddable":true,"href":"https:\/\/www.arkaute.net\/es\/wp-json\/wp\/v2\/users\/1"}],"replies":[{"embeddable":true,"href":"https:\/\/www.arkaute.net\/es\/wp-json\/wp\/v2\/comments?post=60"}],"version-history":[{"count":22,"href":"https:\/\/www.arkaute.net\/es\/wp-json\/wp\/v2\/pages\/60\/revisions"}],"predecessor-version":[{"id":1936,"href":"https:\/\/www.arkaute.net\/es\/wp-json\/wp\/v2\/pages\/60\/revisions\/1936"}],"up":[{"embeddable":true,"href":"https:\/\/www.arkaute.net\/es\/wp-json\/wp\/v2\/pages\/56"}],"wp:attachment":[{"href":"https:\/\/www.arkaute.net\/es\/wp-json\/wp\/v2\/media?parent=60"}],"wp:term":[{"taxonomy":"category","embeddable":true,"href":"https:\/\/www.arkaute.net\/es\/wp-json\/wp\/v2\/categories?post=60"},{"taxonomy":"post_tag","embeddable":true,"href":"https:\/\/www.arkaute.net\/es\/wp-json\/wp\/v2\/tags?post=60"}],"curies":[{"name":"wp","href":"https:\/\/api.w.org\/{rel}","templated":true}]}}