{"id":58,"date":"2024-10-20T11:40:32","date_gmt":"2024-10-20T09:40:32","guid":{"rendered":"https:\/\/arkaute.innobask.net\/?page_id=58"},"modified":"2024-12-02T20:11:09","modified_gmt":"2024-12-02T19:11:09","slug":"bolsas-de-trabajo","status":"publish","type":"page","link":"https:\/\/www.arkaute.net\/es\/eres-alumnado\/bolsas-de-trabajo\/","title":{"rendered":"Bolsa de trabajo"},"content":{"rendered":"<div class=\"wpb-content-wrapper\"><p>[vc_row css_animation=\u00bbfadeInLeft\u00bb][vc_column][vc_column_text css=\u00bb\u00bb]<\/p>\n<h3>Comienza tu carrera profesional HOY MISMO<\/h3>\n<p>Sabemos lo importante que es que al terminar la formaci\u00f3n puedas acceder a un empleo relacionado con tus estudios.<\/p>\n<p>Por eso, en <strong>CIFP Agrario Arkaute<\/strong> <strong>te asesoramos y ayudamos a que inicies la incorporaci\u00f3n al mundo laboral y ponemos a tu disposici\u00f3n una Bolsa de Empleo con las empresas m\u00e1s competitivas del sector agrario y el medio rural<\/strong>.<\/p>\n<p>Con este servicio intermediamos y creamos un puente entre las empresas y las personas que est\u00e1n buscando empleo, para facilitarte el proceso.[\/vc_column_text][\/vc_column][\/vc_row][vc_row full_width=\u00bbstretch_row\u00bb gap=\u00bb35&#8243; parallax=\u00bbcontent-moving\u00bb parallax_image=\u00bb373&#8243; parallax_speed_bg=\u00bb2&#8243; css_animation=\u00bbbounceInRight\u00bb disable_element=\u00bbyes\u00bb css=\u00bb.vc_custom_1733136852498{margin-bottom: 30px !important;background-color: #F6F8F7 !important;}\u00bb][vc_column][vc_column_text css=\u00bb\u00bb]<\/p>\n<h3>Datos de inserci\u00f3n laboral en Euskadi<\/h3>\n<p>[\/vc_column_text][vc_row_inner content_placement=\u00bbmiddle\u00bb css=\u00bb.vc_custom_1730315062566{margin-bottom: 0px !important;padding-bottom: 0px !important;}\u00bb][vc_column_inner width=\u00bb1\/3&#8243;]<div class=\"counter counter_horizontal animate-math\"><div class=\"icon_wrapper\"><i class=\"fas fa-dot-circle\"  aria-hidden=\"true\"><\/i><\/div><div class=\"desc_wrapper\"><div class=\"number-wrapper\"><span class=\"number\" data-to=\"54\"  >54<\/span><span class=\"label postfix\">%<\/span><\/div><p class=\"title \">FP B\u00c1SICO<\/p><\/div><\/div>\n[\/vc_column_inner][vc_column_inner width=\u00bb1\/3&#8243; css=\u00bb.vc_custom_1730315057041{margin-bottom: 0px !important;padding-bottom: 0px !important;}\u00bb]<div class=\"counter counter_horizontal animate-math\"><div class=\"icon_wrapper\"><i class=\"fas fa-dot-circle\"  aria-hidden=\"true\"><\/i><\/div><div class=\"desc_wrapper\"><div class=\"number-wrapper\"><span class=\"number\" data-to=\"73\"  >73<\/span><span class=\"label postfix\">%<\/span><\/div><p class=\"title \">GRADO MEDIO<\/p><\/div><\/div>\n[\/vc_column_inner][vc_column_inner width=\u00bb1\/3&#8243; css=\u00bb.vc_custom_1730315049742{margin-bottom: 0px !important;padding-bottom: 0px !important;}\u00bb]<div class=\"counter counter_horizontal animate-math\"><div class=\"icon_wrapper\"><i class=\"fas fa-dot-circle\"  aria-hidden=\"true\"><\/i><\/div><div class=\"desc_wrapper\"><div class=\"number-wrapper\"><span class=\"number\" data-to=\"82\"  >82<\/span><span class=\"label postfix\">%<\/span><\/div><p class=\"title \">GRADO SUPERIOR<\/p><\/div><\/div>\n[\/vc_column_inner][\/vc_row_inner][\/vc_column][\/vc_row][vc_row full_width=\u00bbstretch_row\u00bb gap=\u00bb35&#8243; css_animation=\u00bbbounceInRight\u00bb css=\u00bb.vc_custom_1730372500537{margin-top: 30px !important;background-color: #FFFFFF !important;}\u00bb][vc_column el_class=\u00bbdestacado-mov-oscilante\u00bb][vc_column_text css=\u00bb\u00bb]<\/p>\n<h3 style=\"text-align: center;\">Si quieres trabajar, ponte en contacto con nosotros<b><br \/>\n<\/b><\/h3>\n<p>[\/vc_column_text][vc_row_inner content_placement=\u00bbtop\u00bb css=\u00bb.vc_custom_1730316415236{margin-bottom: 0px !important;padding-bottom: 0px !important;}\u00bb][vc_column_inner width=\u00bb1\/4&#8243;][\/vc_column_inner][vc_column_inner width=\u00bb1\/4&#8243; css=\u00bb.vc_custom_1730315057041{margin-bottom: 0px !important;padding-bottom: 0px !important;}\u00bb][vc_icon icon_fontawesome=\u00bbfar fa-user\u00bb color=\u00bbblack\u00bb size=\u00bbxl\u00bb align=\u00bbcenter\u00bb css=\u00bb\u00bb][vc_column_text css=\u00bb.vc_custom_1730363521972{margin-top: -15px !important;}\u00bb]<\/p>\n<p style=\"text-align: center;\"><strong>Patricia Saratxo<\/strong><\/p>\n<p>[\/vc_column_text][\/vc_column_inner][vc_column_inner width=\u00bb1\/4&#8243; css=\u00bb.vc_custom_1730315049742{margin-bottom: 0px !important;padding-bottom: 0px !important;}\u00bb][vc_column_text css=\u00bb\u00bb]<\/p>\n<p style=\"text-align: left;\"><a href=\"mailto:psaratxo@arkaute.net\">psaratxo@arkaute.net<\/a><\/p>\n<p>[\/vc_column_text][vc_column_text css=\u00bb\u00bb]<\/p>\n<p style=\"text-align: left;\"><a href=\"http:\/\/634 232 547\">634 232 547<\/a><\/p>\n<p>[\/vc_column_text][\/vc_column_inner][vc_column_inner width=\u00bb1\/4&#8243;][\/vc_column_inner][\/vc_row_inner][\/vc_column][\/vc_row]<\/p>\n<\/div>","protected":false},"excerpt":{"rendered":"<p>[vc_row css_animation=\u00bbfadeInLeft\u00bb][vc_column][vc_column_text css=\u00bb\u00bb] Comienza tu carrera profesional HOY MISMO Sabemos lo importante que es que al terminar la formaci\u00f3n puedas acceder a un empleo relacionado con<span class=\"excerpt-hellip\"> [\u2026]<\/span><\/p>\n","protected":false},"author":1,"featured_media":0,"parent":56,"menu_order":0,"comment_status":"closed","ping_status":"closed","template":"","meta":{"footnotes":""},"categories":[],"tags":[],"class_list":["post-58","page","type-page","status-publish","hentry"],"_links":{"self":[{"href":"https:\/\/www.arkaute.net\/es\/wp-json\/wp\/v2\/pages\/58","targetHints":{"allow":["GET"]}}],"collection":[{"href":"https:\/\/www.arkaute.net\/es\/wp-json\/wp\/v2\/pages"}],"about":[{"href":"https:\/\/www.arkaute.net\/es\/wp-json\/wp\/v2\/types\/page"}],"author":[{"embeddable":true,"href":"https:\/\/www.arkaute.net\/es\/wp-json\/wp\/v2\/users\/1"}],"replies":[{"embeddable":true,"href":"https:\/\/www.arkaute.net\/es\/wp-json\/wp\/v2\/comments?post=58"}],"version-history":[{"count":15,"href":"https:\/\/www.arkaute.net\/es\/wp-json\/wp\/v2\/pages\/58\/revisions"}],"predecessor-version":[{"id":1935,"href":"https:\/\/www.arkaute.net\/es\/wp-json\/wp\/v2\/pages\/58\/revisions\/1935"}],"up":[{"embeddable":true,"href":"https:\/\/www.arkaute.net\/es\/wp-json\/wp\/v2\/pages\/56"}],"wp:attachment":[{"href":"https:\/\/www.arkaute.net\/es\/wp-json\/wp\/v2\/media?parent=58"}],"wp:term":[{"taxonomy":"category","embeddable":true,"href":"https:\/\/www.arkaute.net\/es\/wp-json\/wp\/v2\/categories?post=58"},{"taxonomy":"post_tag","embeddable":true,"href":"https:\/\/www.arkaute.net\/es\/wp-json\/wp\/v2\/tags?post=58"}],"curies":[{"name":"wp","href":"https:\/\/api.w.org\/{rel}","templated":true}]}}