{"id":54,"date":"2024-10-20T11:39:44","date_gmt":"2024-10-20T09:39:44","guid":{"rendered":"https:\/\/arkaute.innobask.net\/?page_id=54"},"modified":"2025-02-11T12:35:21","modified_gmt":"2025-02-11T11:35:21","slug":"acreditaciones-de-competencias","status":"publish","type":"page","link":"https:\/\/www.arkaute.net\/es\/soy-empresa\/acreditaciones-de-competencias\/","title":{"rendered":"Acredita tus competencias"},"content":{"rendered":"<div class=\"wpb-content-wrapper\"><p>[vc_row gap=\u00bb15&#8243; css_animation=\u00bbfadeInLeft\u00bb][vc_column width=\u00bb1\/2&#8243; el_class=\u00bbtexto_general\u00bb][vc_column_text css=\u00bb\u00bb]<\/p>\n<h3>\u00bfLlevas a\u00f1os trabajando en una profesi\u00f3n pero no tienes un t\u00edtulo que lo valide?<\/h3>\n<h3>\u00bfTienes estudios no oficiales y quieres certificarlos?<\/h3>\n<p>Es tan f\u00e1cil como que <strong>aportes evidencias de tu experiencia profesional<\/strong> o de tus conocimientos adquiridos en formaciones no regladas.<\/p>\n<p>Puedes consultar la <a href=\"https:\/\/www.arkaute.net\/wp-content\/uploads\/2024\/11\/PEAC-ES-1.pdf\" target=\"_blank\" rel=\"noopener\"><strong>gu\u00eda para el reconocimiento y acreditaci\u00f3n de la experiencia laboral y aprendizajes no formales<\/strong><\/a>.<\/p>\n<p>Aqu\u00ed tienes los<a href=\"https:\/\/www.arkaute.net\/wp-content\/uploads\/2024\/11\/AGRARIA-AGA.pdf\" target=\"_blank\" rel=\"noopener\"><strong> t\u00edtulos en los que puedes acreditarte en la familia agraria<\/strong><\/a>.[\/vc_column_text][\/vc_column][vc_column width=\u00bb1\/2&#8243;]<div class=\"cqlist-container \" data-isclickable=\"yes\" data-clickedicon=\"\" style=\"width:;\"><div class=\"cqlist \"><h3 style=\"color:#FFF;background-color:#8A8E90;\">Obtendr\u00e1s\u2026<\/h3><ul><li><a href=\"#\" class=\"todolist-btn\" data-icon=\"fas fa-angle-double-right\"> <i class=\"cq-todolist-icon fas fa-angle-double-right\" style=\"color:;\"><\/i> <\/a><span class=\"todolist-content\">Un Certificado de Profesionalidad o un T\u00edtulo de FP.<\/span><\/li><li><a href=\"#\" class=\"todolist-btn\" data-icon=\"fas fa-angle-double-right\"> <i class=\"cq-todolist-icon fas fa-angle-double-right\" style=\"color:;\"><\/i> <\/a><span class=\"todolist-content\">Acceso a profesiones reguladas y\/o carnets profesionales.<\/span><\/li><li><a href=\"#\" class=\"todolist-btn\" data-icon=\"fas fa-angle-double-right\"> <i class=\"cq-todolist-icon fas fa-angle-double-right\" style=\"color:;\"><\/i> <\/a><span class=\"todolist-content\">Un plan de formaci\u00f3n individualizado si quieres seguir form\u00e1ndote.<\/span><\/li><\/ul><\/div><\/div>[vc_tta_accordion active_section=\u00bb\u00bb no_fill=\u00bbtrue\u00bb collapsible_all=\u00bbtrue\u00bb][vc_tta_section title=\u00bbVentajas\u00bb tab_id=\u00bb1730565350297-c3f0bfc1-23d2&#8243;][vc_column_text css=\u00bb\u00bb]<\/p>\n<ul>\n<li>Acreditando competencias te aseguras que tienes las habilidades y conocimientos necesarios para realizar tu trabajo de manera eficiente. Esto reduce errores, aumenta la productividad y mejora la calidad del trabajo.<\/li>\n<li>Con trabajadores acreditados, la empresa puede asignar tareas de manera m\u00e1s efectiva, aprovechando al m\u00e1ximo las habilidades de cada empleado.<\/li>\n<li>La empresa puede identificar brechas en las habilidades de su personal, permiti\u00e9ndole planificar programas de formaci\u00f3n espec\u00edficos para cubrir esas necesidades.<\/li>\n<li>Ofrecer a los trabajadores la oportunidad de acreditar competencias y avanzar en su desarrollo profesional puede aumentar la satisfacci\u00f3n y el compromiso de los empleados.<\/li>\n<li>La plantilla con competencias acreditadas tiende a estar mejor preparada para adoptar nuevas tecnolog\u00edas y metodolog\u00edas, fomentando la innovaci\u00f3n dentro de la empresa.<\/li>\n<\/ul>\n<p>[\/vc_column_text][\/vc_tta_section][\/vc_tta_accordion][\/vc_column][\/vc_row][vc_row full_width=\u00bbstretch_row\u00bb parallax=\u00bbcontent-moving\u00bb parallax_image=\u00bb373&#8243; parallax_speed_bg=\u00bb2&#8243; css_animation=\u00bbbounceInRight\u00bb css=\u00bb.vc_custom_1732979157435{background-color: #F6F8F7 !important;}\u00bb el_class=\u00bbtexto_general\u00bb][vc_column width=\u00bb1\/2&#8243;][vc_tta_accordion active_section=\u00bb1&#8243; no_fill=\u00bbtrue\u00bb collapsible_all=\u00bbtrue\u00bb][vc_tta_section title=\u00bbC\u00f3mo solicitar tus acreditaciones\u00bb tab_id=\u00bb1730106639939-80a9d7a7-3641aa82-ad21&#8243;][vc_column_text css=\u00bb\u00bb]<\/p>\n<ol>\n<li>Rellena la <a href=\"https:\/\/www.arkaute.net\/wp-content\/uploads\/2024\/11\/inscripcion.pdf\" target=\"_blank\" rel=\"noopener\"><strong>hoja de inscripci\u00f3n<\/strong><\/a><\/li>\n<li>Re\u00fane la documentaci\u00f3n: Certificado del Padr\u00f3n Municipal, Fotocopia del DNI, justificantes de la experiencia laboral o de la formaci\u00f3n no formal. Certificado de empresa y Certificado de la vida laboral.<\/li>\n<li>Entrega todo en <strong><a href=\"https:\/\/www.arkaute.net\/wp-content\/uploads\/2024\/11\/centros-fp.pdf\" target=\"_blank\" rel=\"noopener\">Centros de FP<\/a><\/strong> autorizados y en las oficinas de <a href=\"https:\/\/www.lanbide.euskadi.eus\/informacion\/reconocimiento-de-la-experiencia\/weblan00-formacion\/es\/\" target=\"_blank\" rel=\"noopener\"><strong>LANBIDE<\/strong><\/a><\/li>\n<\/ol>\n<p>Despu\u00e9s se te comunicar\u00e1 la admisi\u00f3n o exclusi\u00f3n.<\/p>\n<p>En caso de admisi\u00f3n:<\/p>\n<ul>\n<li>se te citar\u00e1 para una entrevista profesional para identificar las Unidades de Competencia que puedes evidenciar y completar tu Historial Profesional.<\/li>\n<li>te entregaremos un informe con las Unidades en las que deber\u00e1s matricularte.<\/li>\n<li>te daremos un Plan de Formaci\u00f3n. Una comisi\u00f3n de evaluaci\u00f3n te informar\u00e1 si es necesario que te examines de alguna competencia que no has podido evidenciar.<\/li>\n<\/ul>\n<p>[\/vc_column_text][\/vc_tta_section][vc_tta_section title=\u00bbRequisitos\u00bb tab_id=\u00bb1733150473137-b5009f1d-d186&#8243;][vc_column_text css=\u00bb\u00bb]<\/p>\n<ul>\n<li>Tener nacionalidad europea o permiso de residencia.<\/li>\n<li>Tener 18 a\u00f1os cumplidos en el momento de realizar la solicitud de inscripci\u00f3n, cuando se trate de unidades de competencia de nivel 1 y 20 a\u00f1os para los niveles 2 y 3.<\/li>\n<li>Experiencia laboral y\/o formaci\u00f3n no formal.<\/li>\n<\/ul>\n<p>[\/vc_column_text][\/vc_tta_section][\/vc_tta_accordion][\/vc_column][vc_column width=\u00bb1\/2&#8243;][vc_single_image image=\u00bb1880&#8243; img_size=\u00bbfull\u00bb css=\u00bb\u00bb][\/vc_column][\/vc_row][vc_row full_width=\u00bbstretch_row\u00bb parallax=\u00bbcontent-moving\u00bb parallax_image=\u00bb373&#8243; parallax_speed_bg=\u00bb2&#8243; css_animation=\u00bbbounceInRight\u00bb disable_element=\u00bbyes\u00bb css=\u00bb.vc_custom_1732978263876{background-color: #F6F8F7 !important;}\u00bb][vc_column][vc_row_inner equal_height=\u00bbyes\u00bb][vc_column_inner el_class=\u00bbdestacados_hierba_2C\u00bb width=\u00bb1\/2&#8243;][vc_icon icon_fontawesome=\u00bbfas fa-info\u00bb color=\u00bbcustom\u00bb size=\u00bbxl\u00bb css=\u00bb\u00bb custom_color=\u00bb#6D7174&#8243;][vc_column_text css=\u00bb\u00bb]Gu\u00eda para el reconocimiento y acreditaci\u00f3n de la experiencia laboral y aprendizajes no formales[\/vc_column_text]<div class=\"cq-buttoncontainer  \"><div class=\"animatetype-2\"><div><a href=\"https:\/\/arkaute.net\/wp-content\/uploads\/2024\/11\/PEAC-ES.pdf\" title=\"\" target=\"\" style=\"color:#000000;background-color:#ADFA3A;\" class=\"btn cqbtn-1\"><span class=\"txt\">Desc\u00e1rgala<\/span><span class=\"round\"><i style=\"margin-top:-9px;margin-left:-9px;\" class=\"fa fa-arrow-right\"><\/i><\/span><\/a><\/div><\/div><\/div>[\/vc_column_inner][vc_column_inner el_class=\u00bbdestacados_hierba_2C\u00bb width=\u00bb1\/2&#8243;][vc_icon icon_fontawesome=\u00bbfas fa-info\u00bb color=\u00bbcustom\u00bb size=\u00bbxl\u00bb css=\u00bb\u00bb custom_color=\u00bb#6D7174&#8243;][vc_column_text css=\u00bb\u00bb]T\u00edtulos en los que puedes acretidarte en la familia agraria[\/vc_column_text]<div class=\"cq-buttoncontainer  \"><div class=\"animatetype-2\"><div><a href=\"https:\/\/drive.google.com\/file\/d\/1XWG13li-x0Gs0gjcFcm5OqhWIW2ZU8Yi\/view\" title=\"\" target=\"_blank\" style=\"color:#000000;background-color:#ADFA3A;\" class=\"btn cqbtn-1\"><span class=\"txt\">Desc\u00fabrelos<\/span><span class=\"round\"><i style=\"margin-top:-9px;margin-left:-9px;\" class=\"fa fa-arrow-right\"><\/i><\/span><\/a><\/div><\/div><\/div>[\/vc_column_inner][\/vc_row_inner][\/vc_column][\/vc_row][vc_row full_width=\u00bbstretch_row\u00bb gap=\u00bb35&#8243; css_animation=\u00bbbounceInRight\u00bb css=\u00bb.vc_custom_1730372500537{margin-top: 30px !important;background-color: #FFFFFF !important;}\u00bb][vc_column el_class=\u00bbdestacado-mov-oscilante\u00bb][vc_column_text css=\u00bb\u00bb]<\/p>\n<h3 style=\"text-align: center;\">Si quieres m\u00e1s informaci\u00f3n consulta en IVAC<\/h3>\n<p>[\/vc_column_text][vc_column_text css=\u00bb\u00bb]<\/p>\n<p style=\"text-align: center;\"><a href=\"https:\/\/ivac-eei.eus\/es\/reconocimiento-competencias\/\" target=\"_blank\" rel=\"noopener\">Reconocimiento de competencias<\/a><\/p>\n<p>[\/vc_column_text][\/vc_column][\/vc_row]<\/p>\n<\/div>","protected":false},"excerpt":{"rendered":"<p>[vc_row gap=\u00bb15&#8243; css_animation=\u00bbfadeInLeft\u00bb][vc_column width=\u00bb1\/2&#8243; el_class=\u00bbtexto_general\u00bb][vc_column_text css=\u00bb\u00bb] \u00bfLlevas a\u00f1os trabajando en una profesi\u00f3n pero no tienes un t\u00edtulo que lo valide? \u00bfTienes estudios no oficiales y quieres<span class=\"excerpt-hellip\"> [\u2026]<\/span><\/p>\n","protected":false},"author":1,"featured_media":0,"parent":44,"menu_order":0,"comment_status":"closed","ping_status":"closed","template":"","meta":{"footnotes":""},"categories":[],"tags":[],"class_list":["post-54","page","type-page","status-publish","hentry"],"_links":{"self":[{"href":"https:\/\/www.arkaute.net\/es\/wp-json\/wp\/v2\/pages\/54","targetHints":{"allow":["GET"]}}],"collection":[{"href":"https:\/\/www.arkaute.net\/es\/wp-json\/wp\/v2\/pages"}],"about":[{"href":"https:\/\/www.arkaute.net\/es\/wp-json\/wp\/v2\/types\/page"}],"author":[{"embeddable":true,"href":"https:\/\/www.arkaute.net\/es\/wp-json\/wp\/v2\/users\/1"}],"replies":[{"embeddable":true,"href":"https:\/\/www.arkaute.net\/es\/wp-json\/wp\/v2\/comments?post=54"}],"version-history":[{"count":29,"href":"https:\/\/www.arkaute.net\/es\/wp-json\/wp\/v2\/pages\/54\/revisions"}],"predecessor-version":[{"id":2673,"href":"https:\/\/www.arkaute.net\/es\/wp-json\/wp\/v2\/pages\/54\/revisions\/2673"}],"up":[{"embeddable":true,"href":"https:\/\/www.arkaute.net\/es\/wp-json\/wp\/v2\/pages\/44"}],"wp:attachment":[{"href":"https:\/\/www.arkaute.net\/es\/wp-json\/wp\/v2\/media?parent=54"}],"wp:term":[{"taxonomy":"category","embeddable":true,"href":"https:\/\/www.arkaute.net\/es\/wp-json\/wp\/v2\/categories?post=54"},{"taxonomy":"post_tag","embeddable":true,"href":"https:\/\/www.arkaute.net\/es\/wp-json\/wp\/v2\/tags?post=54"}],"curies":[{"name":"wp","href":"https:\/\/api.w.org\/{rel}","templated":true}]}}