{"id":52,"date":"2024-10-20T11:39:28","date_gmt":"2024-10-20T09:39:28","guid":{"rendered":"https:\/\/arkaute.innobask.net\/?page_id=52"},"modified":"2024-12-16T14:32:28","modified_gmt":"2024-12-16T13:32:28","slug":"formacion-para-empresas","status":"publish","type":"page","link":"https:\/\/www.arkaute.net\/es\/soy-empresa\/formacion-para-empresas\/","title":{"rendered":"Formaci\u00f3n para empresas"},"content":{"rendered":"<div class=\"wpb-content-wrapper\"><p>[vc_row el_class=\u00bbtexto_general\u00bb][vc_column][vc_column_text css=\u00bb\u00bb]Desde <strong>CIFP Agrario Arkaute<\/strong> organizamos cursos para profesionales en activo que quieren ampliar sus conocimientos sobre \u00e1mbitos agropecuarios, jardiner\u00eda, maquinaria o el sector forestal.<\/p>\n<p>Tambi\u00e9n dise\u00f1amos y creamos cursos espec\u00edficos bajo demanda para empresas que lo necesitan, o que quieren dar formaci\u00f3n a su plantilla. Suelen estar subvencionados desde diferentes instituciones como FUNDAE, la Diputaci\u00f3n Foral de \u00c1lava y\/o Ayuntamientos.<\/p>\n<p>Si eres empresa y est\u00e1s interesada en alg\u00fan curso concreto, <strong><a href=\"mailto:auribe@arkaute.net\">ponte en contacto con nosotros y te asesoramos.<\/a><\/strong><\/p>\n<p>Tambi\u00e9n puedes consultar los cursos organizados por <a href=\"https:\/\/blog.fundae.es\/tag\/cursos-gratuitos\/\" target=\"_blank\" rel=\"noopener\"><strong>FUNDAE<\/strong><\/a>.[\/vc_column_text][\/vc_column][\/vc_row][vc_row full_width=\u00bbstretch_row\u00bb parallax=\u00bbcontent-moving\u00bb parallax_image=\u00bb373&#8243; parallax_speed_bg=\u00bb2&#8243; css_animation=\u00bbbounceInRight\u00bb css=\u00bb.vc_custom_1730115838223{background-color: #F6F8F7 !important;}\u00bb][vc_column width=\u00bb1\/2&#8243;]<div class=\"cq-twoface-box-container\" data-frontbg=\"#656D78\" data-backbg=\"#434A54\" data-fontcolor=\"\" data-face1=\"cq-face-front\" data-face2=\"cq-face-back\" data-cubedirection=\"bottomtop\" data-cubeheight=\"\" data-avatarsize=\"80\" data-contentcolor=\"#000000\" data-contentsize=\"\" data-titlesize=\"\" data-contentwidth=\"\" data-rotatecube=\"3\" data-iconcolor=\"\" data-cubemargin=\"\" data-cubewidth=\"\" data-frontavatar=\"none\" data-frontfullimage=\"https:\/\/www.arkaute.net\/wp-content\/uploads\/2024\/10\/hierba-background-9.jpg\" data-backavatar=\"none\" data-backfullimage=\"https:\/\/www.arkaute.net\/wp-content\/uploads\/2024\/10\/hierba-background-7.jpg\"><a href=\"https:\/\/arkaute.net\/es\/estudia\/otros-cursos#cursos\" title=\"\" target=\"\" class=\"cq-twoface-link\"><div class=\"cq-twoface-box\"><div class=\"cq-face-item cq-face-front\"><div class=\"cq-face-content\"><h4 class=\"cq-face-title\">ACCEDE A NUESTROS CURSOS<\/h4><\/div><\/div><div class=\"cq-face-item cq-face-back\"><div class=\"cq-face-content\"><h4 class=\"cq-face-title\">ACCEDE A NUESTROS CURSOS<\/h4><\/div><\/div><\/div><\/a><\/div>[\/vc_column][vc_column width=\u00bb1\/2&#8243;]<div class=\"cq-twoface-box-container\" data-frontbg=\"#CCD1D9\" data-backbg=\"#AAB2BD\" data-fontcolor=\"\" data-face1=\"cq-face-front\" data-face2=\"cq-face-back\" data-cubedirection=\"bottomtop\" data-cubeheight=\"\" data-avatarsize=\"80\" data-contentcolor=\"#000000\" data-contentsize=\"\" data-titlesize=\"\" data-contentwidth=\"\" data-rotatecube=\"2\" data-iconcolor=\"\" data-cubemargin=\"\" data-cubewidth=\"\" data-frontavatar=\"none\" data-frontfullimage=\"https:\/\/www.arkaute.net\/wp-content\/uploads\/2024\/10\/hierba-background-9.jpg\" data-backavatar=\"none\" data-backfullimage=\"https:\/\/www.arkaute.net\/wp-content\/uploads\/2024\/10\/hierba-background-7.jpg\"><a href=\"https:\/\/arkaute.net\/es\/estudia\/otros-cursos#jornadas\" title=\"\" target=\"\" class=\"cq-twoface-link\"><div class=\"cq-twoface-box\"><div class=\"cq-face-item cq-face-front\"><div class=\"cq-face-content\"><h4 class=\"cq-face-title\">ACCEDE A NUESTRAS JORNADAS<\/h4><\/div><\/div><div class=\"cq-face-item cq-face-back\"><div class=\"cq-face-content\"><h4 class=\"cq-face-title\">ACCEDE A NUESTRAS JORNADAS<\/h4><\/div><\/div><\/div><\/a><\/div>[\/vc_column][\/vc_row]<\/p>\n<\/div>","protected":false},"excerpt":{"rendered":"<p>[vc_row el_class=\u00bbtexto_general\u00bb][vc_column][vc_column_text css=\u00bb\u00bb]Desde CIFP Agrario Arkaute organizamos cursos para profesionales en activo que quieren ampliar sus conocimientos sobre \u00e1mbitos agropecuarios, jardiner\u00eda, maquinaria o el sector forestal.<span class=\"excerpt-hellip\"> [\u2026]<\/span><\/p>\n","protected":false},"author":1,"featured_media":0,"parent":44,"menu_order":0,"comment_status":"closed","ping_status":"closed","template":"","meta":{"footnotes":""},"categories":[],"tags":[],"class_list":["post-52","page","type-page","status-publish","hentry"],"_links":{"self":[{"href":"https:\/\/www.arkaute.net\/es\/wp-json\/wp\/v2\/pages\/52","targetHints":{"allow":["GET"]}}],"collection":[{"href":"https:\/\/www.arkaute.net\/es\/wp-json\/wp\/v2\/pages"}],"about":[{"href":"https:\/\/www.arkaute.net\/es\/wp-json\/wp\/v2\/types\/page"}],"author":[{"embeddable":true,"href":"https:\/\/www.arkaute.net\/es\/wp-json\/wp\/v2\/users\/1"}],"replies":[{"embeddable":true,"href":"https:\/\/www.arkaute.net\/es\/wp-json\/wp\/v2\/comments?post=52"}],"version-history":[{"count":17,"href":"https:\/\/www.arkaute.net\/es\/wp-json\/wp\/v2\/pages\/52\/revisions"}],"predecessor-version":[{"id":2130,"href":"https:\/\/www.arkaute.net\/es\/wp-json\/wp\/v2\/pages\/52\/revisions\/2130"}],"up":[{"embeddable":true,"href":"https:\/\/www.arkaute.net\/es\/wp-json\/wp\/v2\/pages\/44"}],"wp:attachment":[{"href":"https:\/\/www.arkaute.net\/es\/wp-json\/wp\/v2\/media?parent=52"}],"wp:term":[{"taxonomy":"category","embeddable":true,"href":"https:\/\/www.arkaute.net\/es\/wp-json\/wp\/v2\/categories?post=52"},{"taxonomy":"post_tag","embeddable":true,"href":"https:\/\/www.arkaute.net\/es\/wp-json\/wp\/v2\/tags?post=52"}],"curies":[{"name":"wp","href":"https:\/\/api.w.org\/{rel}","templated":true}]}}