{"id":50,"date":"2024-10-20T11:39:01","date_gmt":"2024-10-20T09:39:01","guid":{"rendered":"https:\/\/arkaute.innobask.net\/?page_id=50"},"modified":"2025-02-24T14:03:23","modified_gmt":"2025-02-24T13:03:23","slug":"tk-gune","status":"publish","type":"page","link":"https:\/\/www.arkaute.net\/es\/soy-empresa\/tk-gune\/","title":{"rendered":"TKGune"},"content":{"rendered":"<div class=\"wpb-content-wrapper\"><p>[vc_row gap=\u00bb35&#8243; css_animation=\u00bbfadeInLeft\u00bb css=\u00bb.vc_custom_1730827939592{margin-bottom: 35px !important;}\u00bb][vc_column width=\u00bb2\/3&#8243;][vc_column_text css=\u00bb.vc_custom_1737308132137{margin-top: 0px !important;margin-bottom: 0px !important;padding-top: 0px !important;}\u00bb]<\/p>\n<h3>Si quieres impulsar la innovaci\u00f3n en tu empresa garantizando as\u00ed que sea m\u00e1s competitiva, el programa <strong><a href=\"https:\/\/tkgune.eus\/\">TK-Gune de Teknika<\/a><\/strong> en colaboraci\u00f3n con CIFP Agrario Arkaute, te ayuda con ello.<\/h3>\n<p>En nuestro centro estamos concienciados de la importancia de actualizar las competencias de nuestro profesorado y mejorar las habilidades del alumnado a trav\u00e9s de din\u00e1micas relacionadas con empresas.<\/p>\n<p>El programa <strong>TK-Gune de Teknika<\/strong> es una red que nos da esta oportunidad generando una transferencia bidireccional de conocimiento entre los centros de FP y las empresas.<\/p>\n<p>La clave est\u00e1 en desarrollar proyectos de innovaci\u00f3n y mejora, tanto en las peque\u00f1as y medianas empresas, y adaptarlos a las necesidades de ambos; para ello, <strong>nuestro centro pone a disposici\u00f3n de las empresas las potencialidades de nuestro entorno estrat\u00e9gico<\/strong>.[\/vc_column_text][\/vc_column][vc_column width=\u00bb1\/3&#8243; el_class=\u00bbdestacados_hierba\u00bb][vc_single_image image=\u00bb635&#8243; img_size=\u00bb300&#215;200&#8243; css=\u00bb.vc_custom_1734082659919{margin-bottom: 0px !important;padding-top: 35px !important;}\u00bb][vc_column_text css=\u00bb\u00bb]<a href=\"https:\/\/www.arkaute.net\/wp-content\/uploads\/2024\/12\/CIFP_Agrario_Arkaute-TKgune.pdf\" target=\"_blank\" rel=\"noopener\">Descarga el cat\u00e1logo Agrario Arkaute<\/a>[\/vc_column_text][vc_column_text css=\u00bb\u00bb]<a href=\"https:\/\/tkgune.eus\/\" target=\"_blank\" rel=\"noopener\">TK-Gune<\/a>[\/vc_column_text][\/vc_column][\/vc_row][vc_row][vc_column][vc_column_text css=\u00bb\u00bb]<\/p>\n<h3>Proyectos TKGune<\/h3>\n<p>[\/vc_column_text][\/vc_column][\/vc_row][vc_row gap=\u00bb35&#8243; css=\u00bb.vc_custom_1735037876831{margin-right: 0px !important;margin-left: 0px !important;padding-top: 0px !important;padding-right: 0px !important;padding-bottom: 0px !important;padding-left: 0px !important;}\u00bb][vc_column width=\u00bb1\/4&#8243; css=\u00bb.vc_custom_1659350975032{margin: 0px !important;padding: 0px !important;}\u00bb][vc_single_image image=\u00bb2748&#8243; img_size=\u00bbfull\u00bb css=\u00bb\u00bb][\/vc_column][vc_column width=\u00bb3\/4&#8243;][vc_column_text css=\u00bb\u00bb]<strong>TKGUNE- ESTUDIO DEL ENRAIZAMIENTO DEL GIRASOL<\/strong><\/p>\n<p>EL CIFP Agrario Arkaute, junto con el\u00a0<strong>fabricante de maquinaria agr\u00edcola Baabo<\/strong>r, realiz\u00f3 en 2024 un estudio de\u00a0<strong>enraizamiento del cultivo de girasol<\/strong> para diferentes tipos de laboreo presiembra, extrayendo datos que confirman el efecto positivo de las labores de descompactaci\u00f3n del terreno en los cultivos[\/vc_column_text][\/vc_column][\/vc_row][vc_row gap=\u00bb35&#8243; css_animation=\u00bbfadeInRight\u00bb css=\u00bb.vc_custom_1732989117784{margin-bottom: 35px !important;}\u00bb][vc_column][vc_column_text css=\u00bb.vc_custom_1730892451007{margin-top: 0px !important;padding-top: 0px !important;}\u00bb]<\/p>\n<h3>Dentro de nuestra \u00e1rea de influencia en el sector agrario, ofrecemos las siguientes instalaciones y herramientas metodol\u00f3gicas:<\/h3>\n<p>[\/vc_column_text][vc_row_inner equal_height=\u00bbyes\u00bb][vc_column_inner el_class=\u00bbdestacados_hierba_2BC\u00bb width=\u00bb1\/2&#8243; css=\u00bb.vc_custom_1730897952642{padding-top: 0px !important;padding-bottom: 20px !important;}\u00bb][vc_single_image image=\u00bb856&#8243; img_size=\u00bbfull\u00bb css=\u00bb.vc_custom_1730897742917{margin-bottom: 0px !important;padding-bottom: 0px !important;}\u00bb][vc_column_text css=\u00bb.vc_custom_1732989156092{margin-top: 0px !important;margin-bottom: 0px !important;padding-top: 0px !important;}\u00bb]<\/p>\n<h3><strong>Sector agrario y Sector industrial<\/strong><\/h3>\n<ul>\n<li>Tractores equipados con GPS y autoguiado.<\/li>\n<li>Taller mec\u00e1nico para acondicionamiento y adaptaci\u00f3n de aperos.<\/li>\n<li>Fincas para el testaje de cultivos, maquinaria y aperos.<\/li>\n<li>Zona de exposici\u00f3n espec\u00edfica para maquinaria.<\/li>\n<li>Aperos de cultivo.<\/li>\n<li>Invernaderos para la producci\u00f3n de planta y cultivos.<\/li>\n<\/ul>\n<p>[\/vc_column_text][\/vc_column_inner][vc_column_inner el_class=\u00bbdestacados_hierba_2BC\u00bb width=\u00bb1\/2&#8243; css=\u00bb.vc_custom_1730897960917{padding-top: 0px !important;padding-bottom: 20px !important;}\u00bb][vc_single_image image=\u00bb858&#8243; img_size=\u00bbfull\u00bb css=\u00bb.vc_custom_1730897750581{margin-bottom: 0px !important;padding-bottom: 0px !important;}\u00bb][vc_column_text css=\u00bb.vc_custom_1732989161734{margin-top: 0px !important;margin-bottom: 0px !important;padding-top: 0px !important;}\u00bb]<\/p>\n<h3><strong>Sector Ganader\u00eda<\/strong><\/h3>\n<ul>\n<li>Fincas de pastoreo.<\/li>\n<li>Maquinaria espec\u00edfica ganader\u00eda.<\/li>\n<li>Collares de cercados virtuales.<\/li>\n<\/ul>\n<p>[\/vc_column_text][\/vc_column_inner][\/vc_row_inner][vc_row_inner equal_height=\u00bbyes\u00bb][vc_column_inner el_class=\u00bbdestacados_hierba_2BC\u00bb width=\u00bb1\/2&#8243; css=\u00bb.vc_custom_1730897967773{padding-top: 0px !important;padding-bottom: 20px !important;}\u00bb][vc_single_image image=\u00bb860&#8243; img_size=\u00bbfull\u00bb css=\u00bb.vc_custom_1730897758005{margin-bottom: 0px !important;padding-bottom: 0px !important;}\u00bb][vc_column_text css=\u00bb.vc_custom_1732989174253{margin-bottom: 0px !important;}\u00bb]<\/p>\n<h3><strong>Sector Jardiner\u00eda<\/strong><\/h3>\n<ul>\n<li>Espacios ajardinados para el testaje de maquinaria, instalaciones y plantas ornamentales.<\/li>\n<li>Taller mec\u00e1nico para acondicionamiento y adaptaci\u00f3n de aperos.<\/li>\n<li>Zona de exposici\u00f3n espec\u00edfica para maquinaria.<\/li>\n<li>Invernaderos para la producci\u00f3n de planta y cultivos.<\/li>\n<\/ul>\n<p>[\/vc_column_text][\/vc_column_inner][vc_column_inner el_class=\u00bbdestacados_hierba_2BC\u00bb width=\u00bb1\/2&#8243; css=\u00bb.vc_custom_1730897974526{padding-top: 0px !important;padding-bottom: 20px !important;}\u00bb][vc_single_image image=\u00bb862&#8243; img_size=\u00bbfull\u00bb css=\u00bb.vc_custom_1730897764508{margin-bottom: 0px !important;padding-bottom: 0px !important;}\u00bb][vc_column_text css=\u00bb.vc_custom_1732989182428{margin-bottom: 0px !important;}\u00bb]<\/p>\n<h3><strong>Sector Florister\u00eda<\/strong><\/h3>\n<ul>\n<li>Aula &#8211; Taller de florister\u00eda con \u201ctramer\u201d expositor e iluminaci\u00f3n acondicionada.<\/li>\n<\/ul>\n<p>[\/vc_column_text][\/vc_column_inner][\/vc_row_inner][\/vc_column][\/vc_row][vc_row full_width=\u00bbstretch_row\u00bb gap=\u00bb35&#8243; css_animation=\u00bbbounceInRight\u00bb css=\u00bb.vc_custom_1730372500537{margin-top: 30px !important;background-color: #FFFFFF !important;}\u00bb][vc_column el_class=\u00bbdestacado-mov-oscilante\u00bb][vc_column_text css=\u00bb\u00bb]<\/p>\n<h3 style=\"text-align: center;\"><b>\u00bfEres empresa y quieres colaborar en un proyecto de innovaci\u00f3n aplicada con Agrario Arkaute?<\/b><\/h3>\n<p>[\/vc_column_text][vc_row_inner content_placement=\u00bbtop\u00bb css=\u00bb.vc_custom_1730316415236{margin-bottom: 0px !important;padding-bottom: 0px !important;}\u00bb][vc_column_inner width=\u00bb1\/3&#8243;][\/vc_column_inner][vc_column_inner width=\u00bb1\/3&#8243;][vc_column_text css=\u00bb\u00bb]<\/p>\n<p style=\"text-align: center;\"><a href=\"mailto:tkgune@arkaute.net\" target=\"_blank\" rel=\"noopener\">tkgune@arkaute.net<\/a><\/p>\n<p>[\/vc_column_text][\/vc_column_inner][vc_column_inner width=\u00bb1\/3&#8243;][\/vc_column_inner][\/vc_row_inner][\/vc_column][\/vc_row][vc_row full_width=\u00bbstretch_row\u00bb parallax=\u00bbcontent-moving\u00bb parallax_image=\u00bb379&#8243; parallax_speed_bg=\u00bb2&#8243; css_animation=\u00bbbounceInRight\u00bb disable_element=\u00bbyes\u00bb css=\u00bb.vc_custom_1730891138204{background-color: #F6F8F7 !important;}\u00bb][vc_column][vc_column_text css=\u00bb.vc_custom_1730648885524{border-bottom-width: 20px !important;}\u00bb el_class=\u00bblistadososcuro\u00bb]<\/p>\n<h2>C\u00f3mo funciona<\/h2>\n<p>[\/vc_column_text]<div class=\"cq-expandgrid cq-circular- cq-expandgrid- cq-expandgrid-avatar-40 cq-expandgrid-close-yes cq-expandgrid-in4  \" data-itemheight=\"\" data-autoslide=\"no\" data-itemsize=\"\" data-transparentitem=\"yes\" data-openfirst=\"\" data-labelfontsize=\"\" data-nocircular=\"\" data-subfontsize=\"\" data-scrollto=\"\" data-scrolloffset=\"0\"><div class=\"cq-expandgrid-item cq-expandgrid-initstate customized\" data-image=\"https:\/\/www.arkaute.net\/wp-content\/uploads\/2024\/10\/hierba-background-8.jpg\" data-bgstyle=\"customized\" data-backgroundcolor=\"#ADFA3A\" data-backgroundhovercolor=\"\" data-avatartype=\"icon\" data-avatar=\"\" data-contentcolor=\"#000000\" data-iconcolor=\"#000000\" data-iconsize=\"60px\" data-labelcolor=\"#000000\" data-subtitlecolor=\"#000000\" title=\"\"><div class=\"cq-expandgrid-face cq-expandgrid-toggle\" style=\"background-color: #ADFA3A\"><div class=\"cq-expandgrid-facecontent\"><i class=\"cq-expandgrid-icon fas fa-eye\"><\/i><span class=\"cq-expandgrid-title\">1 - Identificaci\u00f3n del proyecto de colaboraci\u00f3n<\/span> <\/div><div class=\"cq-expandgrid-arrow\" style=\"border-bottom:15px solid #ADFA3A\"><\/div><\/div><div class=\"cq-expandgrid-content\" style=\"background-color: #ADFA3A\"><div class=\"cq-expandgrid-text\"><p>Las empresas se acercan a los centros debido a la relaci\u00f3n previa existente o TK-Gune se acerca a las empresas ofreciendo proyectos de colaboraci\u00f3n. Se re\u00fanen con las empresas, identifican sus necesidades y valoran posibles proyectos de colaboraci\u00f3n.<\/p>\n<\/div><i class=\"fa fa-close cq-expandgrid-close\"><\/i><\/div><\/div><div class=\"cq-expandgrid-item cq-expandgrid-initstate customized\" data-image=\"https:\/\/www.arkaute.net\/wp-content\/uploads\/2024\/10\/hierba-background-8.jpg\" data-bgstyle=\"customized\" data-backgroundcolor=\"#ADFA3A\" data-backgroundhovercolor=\"\" data-avatartype=\"icon\" data-avatar=\"\" data-contentcolor=\"#000000\" data-iconcolor=\"#000000\" data-iconsize=\"60px\" data-labelcolor=\"#000000\" data-subtitlecolor=\"#000000\" title=\"\"><div class=\"cq-expandgrid-face cq-expandgrid-toggle\" style=\"background-color: #ADFA3A\"><div class=\"cq-expandgrid-facecontent\"><i class=\"cq-expandgrid-icon fas fa-edit\"><\/i><span class=\"cq-expandgrid-title\">2 - Definici\u00f3n del proyecto de colaboraci\u00f3n<\/span> <\/div><div class=\"cq-expandgrid-arrow\" style=\"border-bottom:15px solid #ADFA3A\"><\/div><\/div><div class=\"cq-expandgrid-content\" style=\"background-color: #ADFA3A\"><div class=\"cq-expandgrid-text\"><p>Se concreta un proyecto para dar respuesta a las carencias detectadas. Se define el proyecto a llevar a cabo (participantes, recursos, equipos, plazos&#8230;). Se acuerda un presupuesto y se firma con la empresa. <\/p>\n<\/div><i class=\"fa fa-close cq-expandgrid-close\"><\/i><\/div><\/div><div class=\"cq-expandgrid-item cq-expandgrid-initstate customized\" data-image=\"https:\/\/www.arkaute.net\/wp-content\/uploads\/2024\/10\/hierba-background-8.jpg\" data-bgstyle=\"customized\" data-backgroundcolor=\"#ADFA3A\" data-backgroundhovercolor=\"\" data-avatartype=\"icon\" data-avatar=\"\" data-contentcolor=\"#6D7174\" data-iconcolor=\"#000000\" data-iconsize=\"60PX\" data-labelcolor=\"#000000\" data-subtitlecolor=\"#000000\" title=\"\"><div class=\"cq-expandgrid-face cq-expandgrid-toggle\" style=\"background-color: #ADFA3A\"><div class=\"cq-expandgrid-facecontent\"><i class=\"cq-expandgrid-icon fas fa-cogs\"><\/i><span class=\"cq-expandgrid-title\">3 - Desarrollo del proyecto de colaboraci\u00f3n<\/span> <\/div><div class=\"cq-expandgrid-arrow\" style=\"border-bottom:15px solid #ADFA3A\"><\/div><\/div><div class=\"cq-expandgrid-content\" style=\"background-color: #ADFA3A\"><div class=\"cq-expandgrid-text\"><p>Se da inicio al proyecto y se hace un seguimiento durante todo el proceso. Al cumplir los compromisos de ambas partes, se factura el servicio y se da por concluido. Se da el cierre al proyecto y se analiza el cumplimiento de los objetivos y el grado de satisfacci\u00f3n. <\/p>\n<\/div><i class=\"fa fa-close cq-expandgrid-close\"><\/i><\/div><\/div><div class=\"cq-expandgrid-item cq-expandgrid-initstate customized\" data-image=\"https:\/\/www.arkaute.net\/wp-content\/uploads\/2024\/10\/hierba-background-8.jpg\" data-bgstyle=\"customized\" data-backgroundcolor=\"#ADFA3A\" data-backgroundhovercolor=\"\" data-avatartype=\"icon\" data-avatar=\"\" data-contentcolor=\"#6D7174\" data-iconcolor=\"#000000\" data-iconsize=\"60PX\" data-labelcolor=\"#000000\" data-subtitlecolor=\"#000000\" title=\"\"><div class=\"cq-expandgrid-face cq-expandgrid-toggle\" style=\"background-color: #ADFA3A\"><div class=\"cq-expandgrid-facecontent\"><i class=\"cq-expandgrid-icon fas fa-paper-plane\"><\/i><span class=\"cq-expandgrid-title\">4 - Transferencia de conocimientos<\/span> <\/div><div class=\"cq-expandgrid-arrow\" style=\"border-bottom:15px solid #ADFA3A\"><\/div><\/div><div class=\"cq-expandgrid-content\" style=\"background-color: #ADFA3A\"><div class=\"cq-expandgrid-text\"><p>Se realiza la difusi\u00f3n del proyecto de colaboraci\u00f3n, realizando la transferencia interna y externa en los t\u00e9rminos acordados con la empresa. Los contenidos trabajados en el proyecto se difunden en el centro, posibilitando as\u00ed la actualizaci\u00f3n de los conocimientos del profesorado y el alumnado.<br \/>\nDifusi\u00f3n de los contenidos hacia la empresa, poniendo a su alcance todo el conocimiento adquirido en el proyecto.<\/p>\n<\/div><i class=\"fa fa-close cq-expandgrid-close\"><\/i><\/div><\/div><\/div>[\/vc_column][\/vc_row]<\/p>\n<\/div>","protected":false},"excerpt":{"rendered":"<p>[vc_row gap=\u00bb35&#8243; css_animation=\u00bbfadeInLeft\u00bb css=\u00bb.vc_custom_1730827939592{margin-bottom: 35px !important;}\u00bb][vc_column width=\u00bb2\/3&#8243;][vc_column_text css=\u00bb.vc_custom_1737308132137{margin-top: 0px !important;margin-bottom: 0px !important;padding-top: 0px !important;}\u00bb] Si quieres impulsar la innovaci\u00f3n en tu empresa garantizando as\u00ed que sea<span class=\"excerpt-hellip\"> [\u2026]<\/span><\/p>\n","protected":false},"author":1,"featured_media":0,"parent":44,"menu_order":0,"comment_status":"closed","ping_status":"closed","template":"","meta":{"footnotes":""},"categories":[],"tags":[],"class_list":["post-50","page","type-page","status-publish","hentry"],"_links":{"self":[{"href":"https:\/\/www.arkaute.net\/es\/wp-json\/wp\/v2\/pages\/50","targetHints":{"allow":["GET"]}}],"collection":[{"href":"https:\/\/www.arkaute.net\/es\/wp-json\/wp\/v2\/pages"}],"about":[{"href":"https:\/\/www.arkaute.net\/es\/wp-json\/wp\/v2\/types\/page"}],"author":[{"embeddable":true,"href":"https:\/\/www.arkaute.net\/es\/wp-json\/wp\/v2\/users\/1"}],"replies":[{"embeddable":true,"href":"https:\/\/www.arkaute.net\/es\/wp-json\/wp\/v2\/comments?post=50"}],"version-history":[{"count":27,"href":"https:\/\/www.arkaute.net\/es\/wp-json\/wp\/v2\/pages\/50\/revisions"}],"predecessor-version":[{"id":2820,"href":"https:\/\/www.arkaute.net\/es\/wp-json\/wp\/v2\/pages\/50\/revisions\/2820"}],"up":[{"embeddable":true,"href":"https:\/\/www.arkaute.net\/es\/wp-json\/wp\/v2\/pages\/44"}],"wp:attachment":[{"href":"https:\/\/www.arkaute.net\/es\/wp-json\/wp\/v2\/media?parent=50"}],"wp:term":[{"taxonomy":"category","embeddable":true,"href":"https:\/\/www.arkaute.net\/es\/wp-json\/wp\/v2\/categories?post=50"},{"taxonomy":"post_tag","embeddable":true,"href":"https:\/\/www.arkaute.net\/es\/wp-json\/wp\/v2\/tags?post=50"}],"curies":[{"name":"wp","href":"https:\/\/api.w.org\/{rel}","templated":true}]}}