{"id":48,"date":"2024-10-20T11:38:23","date_gmt":"2024-10-20T09:38:23","guid":{"rendered":"https:\/\/arkaute.innobask.net\/?page_id=48"},"modified":"2025-02-11T12:31:55","modified_gmt":"2025-02-11T11:31:55","slug":"bolsa-de-trabajo","status":"publish","type":"page","link":"https:\/\/www.arkaute.net\/es\/soy-empresa\/bolsa-de-trabajo\/","title":{"rendered":"Contrata Alumnado"},"content":{"rendered":"<div class=\"wpb-content-wrapper\"><p>[vc_row css_animation=\u00bbfadeInLeft\u00bb][vc_column][vc_row_inner content_placement=\u00bbtop\u00bb gap=\u00bb35&#8243;][vc_column_inner width=\u00bb2\/3&#8243;][vc_column_text css=\u00bb\u00bb]<\/p>\n<h3>Impulsa tu empresa,<br \/>\ncontrata talento<\/h3>\n<p>No hay nada que impulse m\u00e1s la motivaci\u00f3n de una empresa que tener una plantilla comprometida y especializada.<\/p>\n<p>En el <strong>CIFP Agrario Arkaute<\/strong> tenemos a tu disposici\u00f3n una bolsa de perfiles cualificados si necesitas contratar gente para tu empresa.<\/p>\n<p>La formaci\u00f3n del alumnado de FP est\u00e1 en permanente contacto con los sectores productivos y econ\u00f3micos, por lo que conocen las necesidades reales de las empresas.<\/p>\n<p>Algo que supone una ventaja y un valor a\u00f1adido para tu negocio.<\/p>\n<p>A la vez que ponemos en contacto al alumnado que ha terminado los estudios con empresas demandantes de empleo, facilitandoles el paso al mundo laboral, podemos proporcionarte los perfiles profesionales que m\u00e1s te convienen.[\/vc_column_text][\/vc_column_inner][vc_column_inner el_class=\u00bbdestacados_hierba\u00bb width=\u00bb1\/3&#8243; css=\u00bb.vc_custom_1739273502686{padding-top: 15px !important;}\u00bb][vc_column_text css=\u00bb\u00bb]Haznos llegar tus necesidades, el perfil o perfiles que buscas y nos pondremos en contacto con nuestros\/as titulados\/as para encontrarte la persona adecuada.[\/vc_column_text]<div class=\"cq-buttoncontainer  \"><div class=\"animatetype-2\"><div><a href=\"mailto:psaratxo@arkaute.net\" title=\"\" target=\"_blank\" style=\"color:#000000;background-color:#ADFA3A;\" class=\"btn cqbtn-1\"><span class=\"txt\">Escr\u00edbenos<\/span><span class=\"round\"><i style=\"margin-top:-9px;margin-left:-9px;\" class=\"fa fa-arrow-right\"><\/i><\/span><\/a><\/div><\/div><\/div><div class=\"cq-buttoncontainer  \"><div class=\"animatetype-2\"><div><a href=\"http:\/\/634232547\" title=\"\" target=\"\" style=\"color:#000000;background-color:#ADFA3A;\" class=\"btn cqbtn-1\"><span class=\"txt\">Ll\u00e1manos<\/span><span class=\"round\"><i style=\"margin-top:-9px;margin-left:-9px;\" class=\"fa fa-arrow-right\"><\/i><\/span><\/a><\/div><\/div><\/div>[\/vc_column_inner][\/vc_row_inner][\/vc_column][\/vc_row]<\/p>\n<\/div>","protected":false},"excerpt":{"rendered":"<p>[vc_row css_animation=\u00bbfadeInLeft\u00bb][vc_column][vc_row_inner content_placement=\u00bbtop\u00bb gap=\u00bb35&#8243;][vc_column_inner width=\u00bb2\/3&#8243;][vc_column_text css=\u00bb\u00bb] Impulsa tu empresa, contrata talento No hay nada que impulse m\u00e1s la motivaci\u00f3n de una empresa que tener una plantilla<span class=\"excerpt-hellip\"> [\u2026]<\/span><\/p>\n","protected":false},"author":1,"featured_media":0,"parent":44,"menu_order":0,"comment_status":"closed","ping_status":"closed","template":"","meta":{"footnotes":""},"categories":[],"tags":[],"class_list":["post-48","page","type-page","status-publish","hentry"],"_links":{"self":[{"href":"https:\/\/www.arkaute.net\/es\/wp-json\/wp\/v2\/pages\/48","targetHints":{"allow":["GET"]}}],"collection":[{"href":"https:\/\/www.arkaute.net\/es\/wp-json\/wp\/v2\/pages"}],"about":[{"href":"https:\/\/www.arkaute.net\/es\/wp-json\/wp\/v2\/types\/page"}],"author":[{"embeddable":true,"href":"https:\/\/www.arkaute.net\/es\/wp-json\/wp\/v2\/users\/1"}],"replies":[{"embeddable":true,"href":"https:\/\/www.arkaute.net\/es\/wp-json\/wp\/v2\/comments?post=48"}],"version-history":[{"count":11,"href":"https:\/\/www.arkaute.net\/es\/wp-json\/wp\/v2\/pages\/48\/revisions"}],"predecessor-version":[{"id":2671,"href":"https:\/\/www.arkaute.net\/es\/wp-json\/wp\/v2\/pages\/48\/revisions\/2671"}],"up":[{"embeddable":true,"href":"https:\/\/www.arkaute.net\/es\/wp-json\/wp\/v2\/pages\/44"}],"wp:attachment":[{"href":"https:\/\/www.arkaute.net\/es\/wp-json\/wp\/v2\/media?parent=48"}],"wp:term":[{"taxonomy":"category","embeddable":true,"href":"https:\/\/www.arkaute.net\/es\/wp-json\/wp\/v2\/categories?post=48"},{"taxonomy":"post_tag","embeddable":true,"href":"https:\/\/www.arkaute.net\/es\/wp-json\/wp\/v2\/tags?post=48"}],"curies":[{"name":"wp","href":"https:\/\/api.w.org\/{rel}","templated":true}]}}