{"id":46,"date":"2024-10-20T11:37:31","date_gmt":"2024-10-20T09:37:31","guid":{"rendered":"https:\/\/arkaute.innobask.net\/?page_id=46"},"modified":"2024-12-19T19:11:29","modified_gmt":"2024-12-19T18:11:29","slug":"fp-dual-empresas","status":"publish","type":"page","link":"https:\/\/www.arkaute.net\/es\/soy-empresa\/fp-dual-empresas\/","title":{"rendered":"FP Dual empresas"},"content":{"rendered":"<div class=\"wpb-content-wrapper\"><p>[vc_row css_animation=\u00bbfadeInRight\u00bb][vc_column][vc_column_text css=\u00bb.vc_custom_1732987775161{margin-bottom: 0px !important;}\u00bb]<\/p>\n<h3>Descubre el talento en la FP Dual<\/h3>\n<p>La <strong>Formaci\u00f3n Profesional Dual<\/strong> te da la opci\u00f3n de conocer alumnado que est\u00e9 cursando sus estudios y que necesite una empresa donde realizar su periodo de pr\u00e1cticas.<\/p>\n<p>El alumnado empieza desde 1\u00ba a alternar la <strong>formaci\u00f3n en el centro<\/strong> y el <strong>trabajo en la empresa<\/strong>, por lo que sus curvas de <strong>aprendizaje son m\u00e1s r\u00e1pidas<\/strong>.<\/p>\n<p>Es un alumnado motivado, comprometido y dispuesto a adaptarse a las necesidades del tejido productivo vasco, que va a tener la oportunidad de ser formado en los procesos y la cultura empresarial de tu empresa.[\/vc_column_text][\/vc_column][\/vc_row][vc_row full_width=\u00bbstretch_row\u00bb parallax=\u00bbcontent-moving\u00bb parallax_image=\u00bb373&#8243; parallax_speed_bg=\u00bb2&#8243; css_animation=\u00bbbounceInRight\u00bb css=\u00bb.vc_custom_1732988794040{margin-top: 35px !important;padding-bottom: 30px !important;background-color: #F6F8F7 !important;}\u00bb][vc_column width=\u00bb2\/3&#8243; el_class=\u00bbtexto_general\u00bb][vc_column_text css=\u00bb.vc_custom_1732987789154{margin-bottom: 0px !important;}\u00bb]<\/p>\n<h3>Existen dos modalidades:<\/h3>\n<h4>FP Dual general<\/h4>\n<ul>\n<li>Sin relaci\u00f3n contractual, se realiza un convenio de colaboraci\u00f3n, no remunerado. Alta en la Seguridad social (financiado por el Dpto. de Educaci\u00f3n).<\/li>\n<\/ul>\n<h4>FP Dual Intensiva<\/h4>\n<ul>\n<li>Con contrato laboral, alta en la Seguridad Social y remuneraci\u00f3n por parte de la empresa.<\/li>\n<\/ul>\n<p>Esta modalidad de contrato contempla incentivos econ\u00f3micos para la empresa como:<\/p>\n<ul>\n<li>subvenci\u00f3n de LANBIDE (<strong><a href=\"https:\/\/www.lanbide.euskadi.eus\/programa-hezibi\/weblan00-content\/es\/\" target=\"_blank\" rel=\"noopener\">programa espec\u00edfico Hezibi<\/a><\/strong>)<\/li>\n<li>reducci\u00f3n de las cuotas empresariales a la Seguridad Social pueden ser bonificadas seg\u00fan el <a href=\"https:\/\/www.boe.es\/eli\/es\/rdl\/2023\/01\/10\/1\/dof\/spa\/pdf\" target=\"_blank\" rel=\"noopener\"><strong>Art. 23 del Real Decreto-ley 1\/2023, de 10 de enero. Art\u00edculos 23 y 24<\/strong><\/a>.<\/li>\n<\/ul>\n<p>La inversi\u00f3n temprana en estudiantes demuestra el compromiso de tu empresa con el desarrollo del talento, aumentando la posibilidad de retenerlo a largo plazo. Tambi\u00e9n se promueve el relevo generacional y se generan sinergias entre los empleados veteranos y los j\u00f3venes, transfiriendo conocimientos y habilidades de manera directa y pr\u00e1ctica.[\/vc_column_text][\/vc_column][vc_column width=\u00bb1\/3&#8243;][vc_single_image image=\u00bb1563&#8243; img_size=\u00bbfull\u00bb css=\u00bb\u00bb][\/vc_column][\/vc_row][vc_row full_width=\u00bbstretch_row\u00bb css_animation=\u00bbbounceInLeft\u00bb css=\u00bb.vc_custom_1732987740046{background-color: #F6F8F7 !important;}\u00bb][vc_column][vc_column_text css=\u00bb\u00bb]<\/p>\n<h2>Contrata<\/h2>\n<p>[\/vc_column_text][vc_row_inner equal_height=\u00bbyes\u00bb gap=\u00bb35&#8243; css=\u00bb.vc_custom_1730645906426{padding-right: 5% !important;padding-left: 5% !important;}\u00bb][vc_column_inner width=\u00bb1\/4&#8243; css=\u00bb.vc_custom_1730645764495{border-top-width: 2px !important;border-right-width: 2px !important;border-bottom-width: 2px !important;border-left-width: 2px !important;border-left-style: solid !important;border-right-style: solid !important;border-top-style: solid !important;border-bottom-style: solid !important;border-color: #000000 !important;}\u00bb][vc_column_text css_animation=\u00bbnone\u00bb css=\u00bb\u00bb]<\/p>\n<p style=\"text-align: center;\"><strong><img loading=\"lazy\" decoding=\"async\" class=\"aligncenter wp-image-615 size-thumbnail\" role=\"img\" src=\"https:\/\/www.arkaute.net\/wp-content\/uploads\/2024\/11\/Grupo-1256.svg\" alt=\"\" width=\"150\" height=\"150\" \/>TALENTO<\/strong><\/p>\n<p>[\/vc_column_text][\/vc_column_inner][vc_column_inner width=\u00bb1\/4&#8243; css=\u00bb.vc_custom_1730645868894{border: 2px solid #000000 !important;}\u00bb][vc_column_text css_animation=\u00bbnone\u00bb css=\u00bb\u00bb]<\/p>\n<p style=\"text-align: center;\"><strong><img loading=\"lazy\" decoding=\"async\" class=\"alignnone wp-image-625 size-thumbnail\" role=\"img\" src=\"https:\/\/www.arkaute.net\/wp-content\/uploads\/2024\/11\/adaptacion.svg\" alt=\"\" width=\"150\" height=\"150\" \/><br \/>\nCAPACIDAD DE ADAPTACI\u00d3N<\/strong><\/p>\n<p>[\/vc_column_text][\/vc_column_inner][vc_column_inner width=\u00bb1\/4&#8243; css=\u00bb.vc_custom_1730645885067{border-top-width: 2px !important;border-right-width: 2px !important;border-bottom-width: 2px !important;border-left-width: 2px !important;border-left-style: solid !important;border-right-style: solid !important;border-top-style: solid !important;border-bottom-style: solid !important;border-color: #000000 !important;}\u00bb][vc_column_text css_animation=\u00bbnone\u00bb css=\u00bb\u00bb]<\/p>\n<p style=\"text-align: center;\"><strong><img loading=\"lazy\" decoding=\"async\" class=\"alignnone wp-image-619 \" role=\"img\" src=\"https:\/\/www.arkaute.net\/wp-content\/uploads\/2024\/11\/conocimiento.png\" alt=\"\" width=\"140\" height=\"132\" srcset=\"https:\/\/www.arkaute.net\/wp-content\/uploads\/2024\/11\/conocimiento.png 170w, https:\/\/www.arkaute.net\/wp-content\/uploads\/2024\/11\/conocimiento-80x75.png 80w\" sizes=\"auto, (max-width:767px) 140px, 140px\" \/><br \/>\nCONOCIMIENTO ACTUALIZADO<br \/>\n<\/strong><\/p>\n<p>[\/vc_column_text][\/vc_column_inner][vc_column_inner width=\u00bb1\/4&#8243; css=\u00bb.vc_custom_1730645900120{border-top-width: 2px !important;border-right-width: 2px !important;border-bottom-width: 2px !important;border-left-width: 2px !important;border-left-style: solid !important;border-right-style: solid !important;border-top-style: solid !important;border-bottom-style: solid !important;border-color: #000000 !important;}\u00bb][vc_column_text css_animation=\u00bbnone\u00bb css=\u00bb\u00bb]<\/p>\n<p style=\"text-align: center;\"><strong><img loading=\"lazy\" decoding=\"async\" class=\"alignnone wp-image-621 size-thumbnail\" role=\"img\" src=\"https:\/\/www.arkaute.net\/wp-content\/uploads\/2024\/11\/colaboracion.svg\" alt=\"\" width=\"150\" height=\"150\" \/><br \/>\nCOMPROMISO Y MOTIVACI\u00d3N<br \/>\n<\/strong><\/p>\n<p>[\/vc_column_text][\/vc_column_inner][\/vc_row_inner][\/vc_column][\/vc_row][vc_row css_animation=\u00bbbounceInLeft\u00bb el_id=\u00bbACORDEON Y TABS\u00bb css=\u00bb.vc_custom_1730569545914{margin-top: 35px !important;}\u00bb][vc_column width=\u00bb1\/2&#8243;][vc_tta_accordion active_section=\u00bb1&#8243; no_fill=\u00bbtrue\u00bb collapsible_all=\u00bbtrue\u00bb][vc_tta_section title=\u00bbProceso\u00bb tab_id=\u00bb1730106639939-80a9d7a7-3641aa82-ad21&#8243;][vc_column_text css=\u00bb\u00bb]<\/p>\n<ol>\n<li><strong>INICIO<\/strong><br \/>\nEl centro y la empresa definen el plan de aprendizaje-formaci\u00f3n-trabajo para el alumno\/a.<\/li>\n<li><strong>SEGUIMIENTO<\/strong><br \/>\nDurante el proceso de aprendizaje tanto el tutor\/a del centro formativo como el instructor\/a de la empresa realizar\u00e1n un seguimiento del cumplimiento de los objetivos del plan.<\/li>\n<li><strong>EVALUACI\u00d3N<\/strong><br \/>\nLa evaluaci\u00f3n del alumnado ser\u00e1 responsabilidad del profesorado.<\/li>\n<\/ol>\n<p>[\/vc_column_text][\/vc_tta_section][\/vc_tta_accordion][\/vc_column][vc_column width=\u00bb1\/2&#8243; el_class=\u00bbtexto_general\u00bb][vc_tta_accordion active_section=\u00bb1&#8243; no_fill=\u00bbtrue\u00bb collapsible_all=\u00bbtrue\u00bb][vc_tta_section title=\u00bbC\u00f3mo solicitarlo\u00bb tab_id=\u00bb1730565350297-c3f0bfc1-23d2&#8243;][vc_column_text css=\u00bb\u00bb]En nuestro centro tenemos numerosos <strong>perfiles profesionales<\/strong> relacionados con la ganader\u00eda, la agricultura y la jardiner\u00eda, que pueden adecuarse a tus necesidades como empresa.<\/p>\n<p>Puedes ponerte en contacto con nosotros y te asesoraremos sobre el proceso y te daremos toda la informaci\u00f3n que necesites.<\/p>\n<p><a href=\"https:\/\/www.fpeuskadidual.eus\/empresas\/informacion-general\/\" target=\"_blank\" rel=\"noopener\">M\u00e1s informaci\u00f3n sobre la FP Dual para empresas<\/a>[\/vc_column_text]<div class=\"cq-buttoncontainer  \"><div class=\"animatetype-2\"><div><a href=\"mailto:bagirrre@arkaute.net\" title=\"Me interesa\" target=\"_blank\" style=\"color:#000000;background-color:#ADFA3A;\" class=\"btn cqbtn-1\"><span class=\"txt\">Me interesa<\/span><span class=\"round\"><i style=\"margin-top:-9px;margin-left:-9px;\" class=\"fa fa-arrow-right\"><\/i><\/span><\/a><\/div><\/div><\/div>[\/vc_tta_section][\/vc_tta_accordion][\/vc_column][\/vc_row]<\/p>\n<\/div>","protected":false},"excerpt":{"rendered":"<p>[vc_row css_animation=\u00bbfadeInRight\u00bb][vc_column][vc_column_text css=\u00bb.vc_custom_1732987775161{margin-bottom: 0px !important;}\u00bb] Descubre el talento en la FP Dual La Formaci\u00f3n Profesional Dual te da la opci\u00f3n de conocer alumnado que est\u00e9 cursando<span class=\"excerpt-hellip\"> [\u2026]<\/span><\/p>\n","protected":false},"author":1,"featured_media":0,"parent":44,"menu_order":0,"comment_status":"closed","ping_status":"closed","template":"","meta":{"footnotes":""},"categories":[],"tags":[],"class_list":["post-46","page","type-page","status-publish","hentry"],"_links":{"self":[{"href":"https:\/\/www.arkaute.net\/es\/wp-json\/wp\/v2\/pages\/46","targetHints":{"allow":["GET"]}}],"collection":[{"href":"https:\/\/www.arkaute.net\/es\/wp-json\/wp\/v2\/pages"}],"about":[{"href":"https:\/\/www.arkaute.net\/es\/wp-json\/wp\/v2\/types\/page"}],"author":[{"embeddable":true,"href":"https:\/\/www.arkaute.net\/es\/wp-json\/wp\/v2\/users\/1"}],"replies":[{"embeddable":true,"href":"https:\/\/www.arkaute.net\/es\/wp-json\/wp\/v2\/comments?post=46"}],"version-history":[{"count":21,"href":"https:\/\/www.arkaute.net\/es\/wp-json\/wp\/v2\/pages\/46\/revisions"}],"predecessor-version":[{"id":2153,"href":"https:\/\/www.arkaute.net\/es\/wp-json\/wp\/v2\/pages\/46\/revisions\/2153"}],"up":[{"embeddable":true,"href":"https:\/\/www.arkaute.net\/es\/wp-json\/wp\/v2\/pages\/44"}],"wp:attachment":[{"href":"https:\/\/www.arkaute.net\/es\/wp-json\/wp\/v2\/media?parent=46"}],"wp:term":[{"taxonomy":"category","embeddable":true,"href":"https:\/\/www.arkaute.net\/es\/wp-json\/wp\/v2\/categories?post=46"},{"taxonomy":"post_tag","embeddable":true,"href":"https:\/\/www.arkaute.net\/es\/wp-json\/wp\/v2\/tags?post=46"}],"curies":[{"name":"wp","href":"https:\/\/api.w.org\/{rel}","templated":true}]}}