{"id":42,"date":"2024-10-20T11:36:41","date_gmt":"2024-10-20T09:36:41","guid":{"rendered":"https:\/\/arkaute.innobask.net\/?page_id=42"},"modified":"2026-02-26T10:25:44","modified_gmt":"2026-02-26T09:25:44","slug":"certificados-profesionales","status":"publish","type":"page","link":"https:\/\/www.arkaute.net\/es\/estudia\/certificados-profesionales\/","title":{"rendered":"Certificados profesionales"},"content":{"rendered":"<div class=\"wpb-content-wrapper\"><p>[vc_row css_animation=\u00bbfadeInLeft\u00bb][vc_column][vc_row_inner][vc_column_inner width=\u00bb2\/3&#8243;][vc_column_text css=\u00bb.vc_custom_1733815163085{margin-top: 0px !important;margin-bottom: 0px !important;padding-top: 0px !important;}\u00bb]<\/p>\n<h3>Los Certificados Profesionales forman parte de la <strong>Formaci\u00f3n Permanente<\/strong>, esto es, todo tipo de formaci\u00f3n realizada a lo largo de la vida.<\/h3>\n<p>Son el instrumento de <strong>acreditaci\u00f3n oficial de las cualificaciones profesionales<\/strong>. Tienen validez y car\u00e1cter oficial en todo el Estado, y acreditan el conjunto de competencias profesionales necesarias para desarrollar una actividad laboral concreta.<\/p>\n<p>Est\u00e1n organizados por bloques, m\u00f3dulos formativos, lo que posibilita establecer un <strong>itinerario personalizado de cualificaci\u00f3n<\/strong> y permite a la Administraci\u00f3n educativa convalidar las unidades de competencia que coincidan con los t\u00edtulos de Formaci\u00f3n Profesional, de manera que se <strong>facilita la consecuci\u00f3n de un t\u00edtulo reglado de FP<\/strong>.<\/p>\n<p>Si quieres ampliar tus conocimientos sobre un perfil profesional concreto, bien iniciarte en otro \u00e1mbito o acreditar tus competencias, los certificados profesionales son para ti.[\/vc_column_text][\/vc_column_inner][vc_column_inner el_class=\u00bbfondo_degradado_verde\u00bb width=\u00bb1\/3&#8243;][vc_column_text css=\u00bb.vc_custom_1740395792319{margin-top: 0px !important;margin-bottom: 15px !important;padding-top: 0px !important;}\u00bb el_class=\u00bbdestacado-con-fondo\u00bb]<\/p>\n<h3>Certificados profesionales de CIFP Agrario Arkaute<\/h3>\n<p>[\/vc_column_text]<div class=\"cq-buttoncontainer  \"><div class=\"animatetype-2\"><div><a href=\"https:\/\/ivac-eei.eus\/es\/familias-profesionales\/agraria-aga\/certificados-profesionales\/repertorio-de-certificados-de-profesionalidad-2.html\" title=\"\" target=\"\" style=\"color:#000000;background-color:#ADFA3A;\" class=\"btn cqbtn-1\"><span class=\"txt\">Con\u00f3celos<\/span><span class=\"round\"><i style=\"margin-top:-9px;margin-left:-9px;\" class=\"fa fa-arrow-right\"><\/i><\/span><\/a><\/div><\/div><\/div>[\/vc_column_inner][\/vc_row_inner][\/vc_column][\/vc_row][vc_row full_width=\u00bbstretch_row\u00bb css_animation=\u00bbbounceInRight\u00bb css=\u00bb.vc_custom_1732975056423{background-color: #FFFFFF !important;}\u00bb][vc_column][vc_column_text css=\u00bb\u00bb el_class=\u00bbdestacado_intro\u00bb]<\/p>\n<h2>Oferta de certificados profesionales 2026<\/h2>\n<p>[\/vc_column_text][vc_row_inner][vc_column_inner width=\u00bb1\/3&#8243;]<div class=\"cq-ribbon-container \" style=\"max-width:;\" data-ribbonwidth=\"\" data-ribbontop=\"16px\" data-ribbonleft=\"10px\"  data-ribboncolor=\"#000000\" data-containerbg=\"#9EA9A2\" data-textcolor=\"#FFFFFF\" data-textmargintop=\"\"><div style=\"background:#81D742;color:#000000;\nbackground:#81D742;color:#000000;top:10px;bottom:auto\" class=\"cq-ribbon4\"><a href=\"https:\/\/web.lanbide.eus\/apps\/FR_CURSO_DETALLADO?LG=C&ML=FORMEN1&MS=Fcaa&IDRG=25002235&CTRG=1\" target=\"\">Certificados Profesionales<\/a><div class=\"arrow\" style=\"border-color:transparent #81D742\"><\/div><\/div><div class=\"cq-ribbon-content\"><img decoding=\"async\" src=\"https:\/\/www.arkaute.net\/wp-content\/uploads\/2026\/01\/1.png\" alt=\"\" \/><p class=\"cq-ribbon-text\"><strong>Elaboraci\u00f3n de composiciones florales y t\u00e9cnicas de venta en establecimientos de florister\u00eda.<br \/>\n<\/strong>Certificados profesionales nivel 2<br \/>\n<strong>C\u00f3digo<\/strong>: <span class=\"a_GcMg font-feature-liga-off font-feature-clig-off font-feature-calt-off text-decoration-none text-strikethrough-none\">AGA_C_005_4B<\/span><br \/>\n<strong>Fecha<\/strong>: 6 de marzo de 2026- 14 de mayo de 2026<br \/>\n<strong>Duraci\u00f3n<\/strong>: 201HORAS<br \/>\n<strong>Inscripciones: <a href=\"https:\/\/web.lanbide.eus\/apps\/FR_CURSO_DETALLADO?LG=C&amp;ML=FORMEN1&amp;MS=Fcaa&amp;IDRG=25007832&amp;CTRG=1\">www.lanbide.eus<\/a><\/strong><br \/>\n<strong>C\u00f3digo Lanbide<\/strong>: 25011029<\/p><\/div><\/div>[\/vc_column_inner][vc_column_inner width=\u00bb1\/3&#8243;][\/vc_column_inner][\/vc_row_inner][\/vc_column][\/vc_row][vc_row full_width=\u00bbstretch_row\u00bb css_animation=\u00bbbounceInRight\u00bb css=\u00bb.vc_custom_1732975056423{background-color: #FFFFFF !important;}\u00bb][vc_column][vc_column_text css=\u00bb\u00bb el_class=\u00bbdestacado_intro\u00bb]<\/p>\n<h2>Oferta de certificados profesionales 2025<\/h2>\n<p>[\/vc_column_text][vc_row_inner][vc_column_inner width=\u00bb1\/3&#8243;]<div class=\"cq-ribbon-container \" style=\"max-width:;\" data-ribbonwidth=\"\" data-ribbontop=\"16px\" data-ribbonleft=\"10px\"  data-ribboncolor=\"#000000\" data-containerbg=\"#04722A\" data-textcolor=\"#FFFFFF\" data-textmargintop=\"\"><div style=\"background:#81D742;color:#000000;\nbackground:#81D742;color:#000000;top:10px;bottom:auto\" class=\"cq-ribbon4\"><a href=\"https:\/\/web.lanbide.eus\/apps\/FR_CURSO_DETALLADO?LG=C&ML=FORMEN1&MS=Fcaa&IDRG=25002235&CTRG=1\" target=\"\">Certificados Profesionales<\/a><div class=\"arrow\" style=\"border-color:transparent #81D742\"><\/div><\/div><div class=\"cq-ribbon-content\"><img decoding=\"async\" src=\"https:\/\/www.arkaute.net\/wp-content\/uploads\/2024\/11\/f6ff3878-9bd7-417f-a7de-61beb4737e7d-1.jpg\" alt=\"\" \/><p class=\"cq-ribbon-text\"><strong>Operaciones b\u00e1sicas de florister\u00eda y composiciones florales<br \/>\n<\/strong>Certificados profesionales nivel 1<br \/>\n<strong>C\u00f3digo<\/strong>: <span class=\"a_GcMg font-feature-liga-off font-feature-clig-off font-feature-calt-off text-decoration-none text-strikethrough-none\">AGA_C_002_3B<\/span><br \/>\n<strong>Fecha<\/strong>: 24 noviembre 2025- 26 febrero 2026<br \/>\n<strong>Duraci\u00f3n<\/strong>: 270HORAS<br \/>\n<strong>Inscripciones: <a href=\"https:\/\/web.lanbide.eus\/apps\/FR_CURSO_DETALLADO?LG=C&amp;ML=FORMEN1&amp;MS=Fcaa&amp;IDRG=25007831&amp;CTRG=1\">www.lanbide.net<\/a><\/strong><br \/>\n<strong>C\u00f3digo Lanbide<\/strong>: 25011028<\/p><\/div><\/div>[\/vc_column_inner][vc_column_inner width=\u00bb1\/3&#8243;]<div class=\"cq-ribbon-container \" style=\"max-width:;\" data-ribbonwidth=\"\" data-ribbontop=\"16px\" data-ribbonleft=\"10px\"  data-ribboncolor=\"#000000\" data-containerbg=\"#04722A\" data-textcolor=\"#FFFFFF\" data-textmargintop=\"\"><div style=\"background:#81D742;color:#000000;\nbackground:#81D742;color:#000000;top:10px;bottom:auto\" class=\"cq-ribbon4\"><a href=\"https:\/\/web.lanbide.eus\/apps\/FR_CURSO_DETALLADO?LG=C&ML=FORMEN1&MS=Fcaa&IDRG=25002235&CTRG=1\" target=\"\">Certificados Profesionales<\/a><div class=\"arrow\" style=\"border-color:transparent #81D742\"><\/div><\/div><div class=\"cq-ribbon-content\"><img decoding=\"async\" src=\"https:\/\/www.arkaute.net\/wp-content\/uploads\/2024\/11\/jardineria_floristeria_cifp_agrario_arkaute-142.jpg\" alt=\"\" \/><p class=\"cq-ribbon-text\"><strong><span class=\"a_GcMg font-feature-liga-off font-feature-clig-off font-feature-calt-off text-decoration-none text-strikethrough-none\">Operaciones b\u00e1sicas en instalaci\u00f3n y mantenimiento de jardines y zonas verdes<\/span> <\/strong>Certificados profesionales nivel 1<br \/>\n<strong>C\u00f3digo<\/strong>: AGA00208<br \/>\n<strong>Fecha<\/strong>: diciembre 2025-junio 2026<br \/>\n<strong>Duraci\u00f3n<\/strong>: 270HORAS<\/p>\n<p><strong>Inscripciones<\/strong>:: <a href=\"https:\/\/web.lanbide.eus\/apps\/FR_CURSO_DETALLADO?LG=C&amp;ML=FORMEN1&amp;MS=Fcaa&amp;IDRG=25007831&amp;CTRG=1\">www.lanbide.net\u00a0<\/a> C\u00f3digo curso <span class=\"a_GcMg font-feature-liga-off font-feature-clig-off font-feature-calt-off text-decoration-none text-strikethrough-none\">25011028<\/span><\/p><\/div><\/div>[\/vc_column_inner][vc_column_inner width=\u00bb1\/3&#8243;]<div class=\"cq-ribbon-container \" style=\"max-width:;\" data-ribbonwidth=\"\" data-ribbontop=\"16px\" data-ribbonleft=\"10px\"  data-ribboncolor=\"#000000\" data-containerbg=\"#959996\" data-textcolor=\"#FFFFFF\" data-textmargintop=\"\"><div style=\"background:#817F7B;color:#000000;\nbackground:#817F7B;color:#000000;top:10px;bottom:auto\" class=\"cq-ribbon4\"><a href=\"https:\/\/web.lanbide.eus\/apps\/FR_CURSO_DETALLADO?LG=C&ML=FORMEN1&MS=Fcaa&IDRG=25002235&CTRG=1\" target=\"\">M\u00f3dulo Formativo<\/a><div class=\"arrow\" style=\"border-color:transparent #817F7B\"><\/div><\/div><div class=\"cq-ribbon-content\"><img decoding=\"async\" src=\"https:\/\/www.arkaute.net\/wp-content\/uploads\/2025\/02\/1.png\" alt=\"CURSO APEO\" \/><p class=\"cq-ribbon-text\"><strong>MF1116_2 APEO Y PROCESADO DE \u00c1RBOLES CON MOTOSIERRA<br \/>\n<\/strong>Certificado profesional nivel 2<br \/>\n<strong>C\u00f3digo<\/strong>: AGA00208<br \/>\n<strong>Fecha<\/strong>: 19 MAYO 2025-13 JUNIO 2025<br \/>\n<strong>Duraci\u00f3n<\/strong>: 100HORAS<\/p>\n<p><strong>Inscripciones<\/strong>:: <a href=\"https:\/\/web.lanbide.eus\/apps\/FR_CURSO_DETALLADO?LG=C&amp;ML=FORMEN1&amp;MS=Fcaa&amp;IDRG=25002235&amp;CTRG=1\">www.lanbide.net\u00a0<\/a> C\u00f3digo curso 25010010<\/p><\/div><\/div>[\/vc_column_inner][\/vc_row_inner][\/vc_column][\/vc_row][vc_row full_width=\u00bbstretch_row\u00bb css_animation=\u00bbbounceInRight\u00bb css=\u00bb.vc_custom_1732975056423{background-color: #FFFFFF !important;}\u00bb][vc_column][vc_column_text css=\u00bb\u00bb el_class=\u00bbdestacado_intro\u00bb]<\/p>\n<h2>Oferta de certificados profesionales 2024<\/h2>\n<p>[\/vc_column_text][vc_row_inner][vc_column_inner width=\u00bb1\/3&#8243;]<div class=\"cq-ribbon-container \" style=\"max-width:;\" data-ribbonwidth=\"Cerrado\" data-ribbontop=\"16px\" data-ribbonleft=\"10px\"  data-ribboncolor=\"#000000\" data-containerbg=\"#04722A\" data-textcolor=\"#FFFFFF\" data-textmargintop=\"\"><div style=\"background:#ADFA3A;color:#000000;\nbackground:#ADFA3A;color:#000000;top:10px;bottom:auto\" class=\"cq-ribbon4\">Certificados profesionales<div class=\"arrow\" style=\"border-color:transparent #ADFA3A\"><\/div><\/div><div class=\"cq-ribbon-content\"><img decoding=\"async\" src=\"https:\/\/www.arkaute.net\/wp-content\/uploads\/2024\/11\/jardineria_floristeria_cifp_agrario_arkaute-45-1.jpg\" alt=\"\" \/><p class=\"cq-ribbon-text\"><strong>Instalaci\u00f3n y mantenimiento de jardines y zonas verdes<br \/>\n<\/strong>Certificado profesional nivel 2<br \/>\n<strong>C\u00f3digo<\/strong>: AGA00208<br \/>\n<strong>Fecha<\/strong>: Diciembre 2024 &#8211; abril 2025<br \/>\n<strong>Duraci\u00f3n<\/strong>: 390 h. + 40 h. pr\u00e1cticas en empresas<\/p><\/div><\/div>[\/vc_column_inner][vc_column_inner width=\u00bb1\/3&#8243;]<div class=\"cq-ribbon-container \" style=\"max-width:;\" data-ribbonwidth=\"\" data-ribbontop=\"16px\" data-ribbonleft=\"10px\"  data-ribboncolor=\"#000000\" data-containerbg=\"#04722A\" data-textcolor=\"#FFFFFF\" data-textmargintop=\"\"><div style=\"background:#ADFA3A;color:#000000;\nbackground:#ADFA3A;color:#000000;top:10px;bottom:auto\" class=\"cq-ribbon4\">Certificados profesionales<div class=\"arrow\" style=\"border-color:transparent #ADFA3A\"><\/div><\/div><div class=\"cq-ribbon-content\"><img decoding=\"async\" src=\"https:\/\/www.arkaute.net\/wp-content\/uploads\/2024\/11\/jardineria_floristeria_cifp_agrario_arkaute-52.jpg\" alt=\"\" \/><p class=\"cq-ribbon-text\"><strong>Actividades de florister\u00eda<br \/>\n<\/strong>Certificado profesional nivel 2<br \/>\n<strong>C\u00f3digo<\/strong>: AGAJ0110<br \/>\n<strong>Fecha<\/strong>: Septiembre 2024- febrero 2025<br \/>\n<strong>Duraci\u00f3n<\/strong>: 440 h. + 40 h. pr\u00e1cticas en empresas.<\/p><\/div><\/div>[vc_column_text css=\u00bb\u00bb][\/vc_column_text][\/vc_column_inner][\/vc_row_inner][vc_row_inner][vc_column_inner width=\u00bb1\/3&#8243;][\/vc_column_inner][vc_column_inner width=\u00bb1\/3&#8243;][\/vc_column_inner][vc_column_inner width=\u00bb1\/3&#8243;][vc_column_text css=\u00bb\u00bb][\/vc_column_text][\/vc_column_inner][\/vc_row_inner][\/vc_column][\/vc_row][vc_row full_width=\u00bbstretch_row\u00bb equal_height=\u00bbyes\u00bb content_placement=\u00bbmiddle\u00bb css_animation=\u00bbbounceInRight\u00bb css=\u00bb.vc_custom_1730114854187{margin-top: 0px !important;margin-bottom: 0px !important;padding-top: 0px !important;padding-bottom: 0px !important;background: #ACFC3A url(https:\/\/www.arkaute.net\/wp-content\/uploads\/2024\/10\/hierba-background-3.jpg?id=294) !important;background-position: 0 0 !important;background-repeat: repeat !important;}\u00bb][vc_column css=\u00bb.vc_custom_1729841058460{margin-top: 0px !important;margin-bottom: 0px !important;padding-top: 0px !important;padding-bottom: 0px !important;}\u00bb][vc_column_text css=\u00bb.vc_custom_1733815250243{margin-top: 0px !important;margin-bottom: 0px !important;padding-top: 0px !important;}\u00bb]<\/p>\n<h2>CIFP Agrario Arkaute te ofrece<\/h2>\n<p>Certificados profesionales de la familia profesional agraria de nivel 1, 2 y 3. Estos niveles hacen referencia a la complejidad, autonom\u00eda y responsabilidad requeridas en las competencias profesionales que acreditan y corresponden a distintos grados de cualificaci\u00f3n y formaci\u00f3n.<\/p>\n<p>\u00c1mbitos profesionales dentro de la familia agraria en los que puedes realizar los certificados profesionales en CIFP Agrario Arkaute.[\/vc_column_text][vc_row_inner equal_height=\u00bbyes\u00bb content_placement=\u00bbmiddle\u00bb gap=\u00bb35&#8243;][vc_column_inner width=\u00bb1\/4&#8243; css=\u00bb.vc_custom_1730213371463{margin-top: 40px !important;border-top-width: 1px !important;border-right-width: 1px !important;border-bottom-width: 1px !important;border-left-width: 1px !important;background-color: #BDFF5B57 !important;border-left-style: solid !important;border-right-style: solid !important;border-top-style: solid !important;border-bottom-style: solid !important;border-color: #FFFFFF82 !important;}\u00bb][vc_icon icon_fontawesome=\u00bbfas fa-horse\u00bb color=\u00bbcustom\u00bb size=\u00bbxl\u00bb css=\u00bb\u00bb custom_color=\u00bb#6D7174&#8243;][vc_column_text css=\u00bb.vc_custom_1732535575254{margin-top: -20px !important;}\u00bb]<\/p>\n<h3>Ganader\u00eda<\/h3>\n<p>Certificados orientados a formar profesionales en las t\u00e9cnicas y competencias necesarias para el manejo y cuidado de animales de producci\u00f3n, as\u00ed como en la gesti\u00f3n eficiente de explotaciones ganaderas.[\/vc_column_text]<div class=\"cq-buttoncontainer  \"><div class=\"animatetype-2\"><div><a href=\"https:\/\/apps.lanbide.euskadi.net\/apps\/ce_certificados?LG=C&ML=FORMEN21&MS=Feab&IDFA=AGA&IDAR=AGAN&IDUS=\" title=\"\" target=\"_blank\" style=\"color:#000000;background-color:#ADFA3A;\" class=\"btn cqbtn-1\"><span class=\"txt\">+ info<\/span><span class=\"round\"><i style=\"margin-top:-9px;margin-left:-9px;\" class=\"fa fa-arrow-right\"><\/i><\/span><\/a><\/div><\/div><\/div>[\/vc_column_inner][vc_column_inner width=\u00bb1\/4&#8243; css=\u00bb.vc_custom_1730213409629{margin-top: 40px !important;border-top-width: 1px !important;border-right-width: 1px !important;border-bottom-width: 1px !important;border-left-width: 1px !important;background-color: #BDFF5B57 !important;border-left-style: solid !important;border-right-style: solid !important;border-top-style: solid !important;border-bottom-style: solid !important;border-color: #FFFFFF82 !important;}\u00bb][vc_icon icon_fontawesome=\u00bbfas fa-leaf\u00bb color=\u00bbcustom\u00bb size=\u00bbxl\u00bb css=\u00bb\u00bb custom_color=\u00bb#6D7174&#8243;][vc_column_text css=\u00bb.vc_custom_1732535601183{margin-top: -20px !important;}\u00bb]<\/p>\n<h3>Agricultura<\/h3>\n<p>Certificados orientados a la adquisici\u00f3n de competencias relacionadas con la producci\u00f3n agr\u00edcola, el manejo de cultivos, la gesti\u00f3n de explotaciones agropecuarias y la sostenibilidad.[\/vc_column_text]<div class=\"cq-buttoncontainer  \"><div class=\"animatetype-2\"><div><a href=\"https:\/\/apps.lanbide.euskadi.net\/apps\/ce_certificados?LG=C&ML=FORMEN21&MS=Feab&IDFA=AGA&IDAR=AGAU&IDUS=\" title=\"\" target=\"_blank\" style=\"color:#000000;background-color:#ADFA3A;\" class=\"btn cqbtn-1\"><span class=\"txt\">+ info<\/span><span class=\"round\"><i style=\"margin-top:-9px;margin-left:-9px;\" class=\"fa fa-arrow-right\"><\/i><\/span><\/a><\/div><\/div><\/div>[\/vc_column_inner][vc_column_inner width=\u00bb1\/4&#8243; css=\u00bb.vc_custom_1730213424166{margin-top: 40px !important;border-top-width: 1px !important;border-right-width: 1px !important;border-bottom-width: 1px !important;border-left-width: 1px !important;background-color: #BDFF5B4D !important;border-left-style: solid !important;border-right-style: solid !important;border-top-style: solid !important;border-bottom-style: solid !important;border-color: #FFFFFF82 !important;}\u00bb][vc_icon icon_fontawesome=\u00bbfas fa-spa\u00bb color=\u00bbcustom\u00bb size=\u00bbxl\u00bb css=\u00bb\u00bb custom_color=\u00bb#6D7174&#8243;][vc_column_text css=\u00bb.vc_custom_1732535617368{margin-top: -20px !important;}\u00bb]<\/p>\n<h3>Jardiner\u00eda<\/h3>\n<p>Certificados orientados en la adquisici\u00f3n de competencias para realizar trabajos relacionados con el dise\u00f1o, la creaci\u00f3n y el mantenimiento de espacios verdes, jardines y \u00e1reas paisaj\u00edsticas.[\/vc_column_text]<div class=\"cq-buttoncontainer  \"><div class=\"animatetype-2\"><div><a href=\"https:\/\/apps.lanbide.euskadi.net\/apps\/ce_certificados?LG=C&ML=FORMEN21&MS=Feab&IDFA=AGA&IDAR=AGAJ&IDUS=\" title=\"\" target=\"_blank\" style=\"color:#000000;background-color:#ADFA3A;\" class=\"btn cqbtn-1\"><span class=\"txt\">+ info<\/span><span class=\"round\"><i style=\"margin-top:-9px;margin-left:-9px;\" class=\"fa fa-arrow-right\"><\/i><\/span><\/a><\/div><\/div><\/div>[\/vc_column_inner][vc_column_inner width=\u00bb1\/4&#8243; css=\u00bb.vc_custom_1730213449156{margin-top: 40px !important;border-top-width: 1px !important;border-right-width: 1px !important;border-bottom-width: 1px !important;border-left-width: 1px !important;background-color: #BDFF5B57 !important;border-left-style: solid !important;border-right-style: solid !important;border-top-style: solid !important;border-bottom-style: solid !important;border-color: #FFFFFF82 !important;}\u00bb][vc_icon icon_fontawesome=\u00bbfas fa-tree\u00bb color=\u00bbcustom\u00bb size=\u00bbxl\u00bb css=\u00bb\u00bb custom_color=\u00bb#6D7174&#8243;][vc_column_text css=\u00bb.vc_custom_1732538150843{margin-top: -20px !important;}\u00bb]<\/p>\n<h3>Forestal<\/h3>\n<p>Certificados orientados en acreditar las competencias y conocimientos necesarios en el \u00e1mbito de la gesti\u00f3n y aprovechamiento sostenible de los recursos forestales.[\/vc_column_text]<div class=\"cq-buttoncontainer  \"><div class=\"animatetype-2\"><div><a href=\"https:\/\/apps.lanbide.euskadi.net\/apps\/ce_certificados?LG=C&ML=FORMEN21&MS=Feab&IDFA=AGA&IDAR=AGAR&IDUS=\" title=\"\" target=\"_blank\" style=\"color:#000000;background-color:#ADFA3A;\" class=\"btn cqbtn-1\"><span class=\"txt\">+ info<\/span><span class=\"round\"><i style=\"margin-top:-9px;margin-left:-9px;\" class=\"fa fa-arrow-right\"><\/i><\/span><\/a><\/div><\/div><\/div>[\/vc_column_inner][\/vc_row_inner][\/vc_column][\/vc_row][vc_row full_width=\u00bbstretch_row\u00bb css=\u00bb.vc_custom_1733815625903{margin-bottom: 35px !important;background-color: #F8F8F8 !important;}\u00bb][vc_column][vc_column_text css=\u00bb\u00bb]<\/p>\n<h2>\u00bfQuieres saber m\u00e1s sobre los certificados profesionales?<\/h2>\n<p>[\/vc_column_text]<div class=\"cq-expandgrid cq-circular- cq-expandgrid- cq-expandgrid-avatar-40 cq-expandgrid-close-yes cq-expandgrid-in2  \" data-itemheight=\"\" data-autoslide=\"no\" data-itemsize=\"\" data-transparentitem=\"yes\" data-openfirst=\"yes\" data-labelfontsize=\"\" data-nocircular=\"\" data-subfontsize=\"\" data-scrollto=\"\" data-scrolloffset=\"0\"><div class=\"cq-expandgrid-item cq-expandgrid-initstate customized\" data-image=\"https:\/\/www.arkaute.net\/wp-content\/uploads\/2024\/10\/hierba-background-8.jpg\" data-bgstyle=\"customized\" data-backgroundcolor=\"#ADFA3A\" data-backgroundhovercolor=\"\" data-avatartype=\"icon\" data-avatar=\"\" data-contentcolor=\"#000000\" data-iconcolor=\"#000000\" data-iconsize=\"60px\" data-labelcolor=\"#000000\" data-subtitlecolor=\"#000000\" title=\"\"><div class=\"cq-expandgrid-face cq-expandgrid-toggle\" style=\"background-color: #ADFA3A\"><div class=\"cq-expandgrid-facecontent\"><i class=\"cq-expandgrid-icon entypo-icon entypo-icon-help\"><\/i><span class=\"cq-expandgrid-title\">Ventajas de los certificados profesionales<\/span> <\/div><div class=\"cq-expandgrid-arrow\" style=\"border-bottom:15px solid #ADFA3A\"><\/div><\/div><div class=\"cq-expandgrid-content\" style=\"background-color: #ADFA3A\"><div class=\"cq-expandgrid-text\"><ul>\n<li><strong>Acreditar la cualificaci\u00f3n profesional<\/strong> adquirida mediante formaci\u00f3n inicial, experiencia laboral y\/o formaci\u00f3n para el empleo.<\/li>\n<li><strong>Demostrar la posesi\u00f3n de las cualificaciones<\/strong> exigidas en determinadas profesiones reguladas.<\/li>\n<li><strong>Facilitar el aprendizaje permanente<\/strong> mediante una formaci\u00f3n flexible y accesible, estructurada de forma modular.<\/li>\n<li><strong>Favorecer la inserci\u00f3n<\/strong> y la movilidad profesional en Euskadi, el Estado o la Comunidad Europea.<\/li>\n<li><strong>Mejorar la calidad de la formaci\u00f3n<\/strong> para el empleo.<\/li>\n<\/ul>\n<\/div><i class=\"fa fa-close cq-expandgrid-close\"><\/i><\/div><\/div><div class=\"cq-expandgrid-item cq-expandgrid-initstate customized\" data-image=\"https:\/\/www.arkaute.net\/wp-content\/uploads\/2024\/10\/hierba-background-8.jpg\" data-bgstyle=\"customized\" data-backgroundcolor=\"#ADFA3A\" data-backgroundhovercolor=\"\" data-avatartype=\"icon\" data-avatar=\"\" data-contentcolor=\"#000000\" data-iconcolor=\"#000000\" data-iconsize=\"60PX\" data-labelcolor=\"#000000\" data-subtitlecolor=\"#000000\" title=\"\"><div class=\"cq-expandgrid-face cq-expandgrid-toggle\" style=\"background-color: #ADFA3A\"><div class=\"cq-expandgrid-facecontent\"><i class=\"cq-expandgrid-icon entypo-icon entypo-icon-help\"><\/i><span class=\"cq-expandgrid-title\">Requisitos de acceso a los certificados profesionales<\/span> <\/div><div class=\"cq-expandgrid-arrow\" style=\"border-bottom:15px solid #ADFA3A\"><\/div><\/div><div class=\"cq-expandgrid-content\" style=\"background-color: #ADFA3A\"><div class=\"cq-expandgrid-text\"><p>Destinados a <strong>mayores de 18 a\u00f1os. Excepcionalmente, se permitir\u00e1 el acceso a los mayores de 16 a\u00f1os<\/strong> incorporados al mercado laboral y en activo.<\/p>\n<p>Los requisitos se definen en funci\u00f3n de los niveles 1, 2 o 3 de los est\u00e1ndares de competencia profesional.<\/p>\n<h3>Certificados profesionales de nivel 1<\/h3>\n<ul>\n<li>No se exigen requisitos acad\u00e9micos ni profesionales.<\/li>\n<\/ul>\n<h3>Certificados profesionales de nivel 2<\/h3>\n<ul>\n<li>T\u00edtulo de la ESO o equivalente.<\/li>\n<li>Un certificado profesional (grado C) de nivel 2.<\/li>\n<li>Un certificado de competencia (grado B) incluido en la oferta a realizar.<\/li>\n<li>Un certificado profesional de nivel 1 de la misma familia profesional.<\/li>\n<\/ul>\n<h3>Certificados profesionales de nivel 3<\/h3>\n<ul>\n<li>T\u00edtulo de t\u00e9cnico\/a, t\u00e9cnico\/a superior, bachiller o equivalente.<\/li>\n<li>Un certificado profesional (grado C) de nivel 3.<\/li>\n<li>Un certificado de competencia (grado B) incluido en la oferta a realizar.<\/li>\n<li>Un certificado profesional (grado C) de nivel 2 de la misma familia profesional.<\/li>\n<\/ul>\n<\/div><i class=\"fa fa-close cq-expandgrid-close\"><\/i><\/div><\/div><\/div>[\/vc_column][\/vc_row][vc_row el_class=\u00bbdestacado-mov-oscilante\u00bb][vc_column][vc_column_text css=\u00bb.vc_custom_1739273088145{margin-top: 0px !important;margin-bottom: 35px !important;padding-top: 0px !important;}\u00bb]<\/p>\n<h3 style=\"text-align: center;\">Si ya has realizado alg\u00fan curso parcial o todos los m\u00f3dulos de los que consta un certificado profesional, puedes pedir una <strong>Acreditaci\u00f3n Parcial Acumulable<\/strong> o el <strong>Certificado completo<\/strong>.<\/h3>\n<p style=\"text-align: center;\"><a href=\"https:\/\/www.lanbide.euskadi.eus\/informacion\/proceso-de-acreditacion\/weblan00-formacion\/es\/\">Solicita tu acreditaci\u00f3n<\/a><\/p>\n<p>[\/vc_column_text][\/vc_column][\/vc_row]<\/p>\n<\/div>","protected":false},"excerpt":{"rendered":"<p>[vc_row css_animation=\u00bbfadeInLeft\u00bb][vc_column][vc_row_inner][vc_column_inner width=\u00bb2\/3&#8243;][vc_column_text css=\u00bb.vc_custom_1733815163085{margin-top: 0px !important;margin-bottom: 0px !important;padding-top: 0px !important;}\u00bb] Los Certificados Profesionales forman parte de la Formaci\u00f3n Permanente, esto es, todo tipo de formaci\u00f3n realizada<span class=\"excerpt-hellip\"> [\u2026]<\/span><\/p>\n","protected":false},"author":1,"featured_media":0,"parent":28,"menu_order":0,"comment_status":"closed","ping_status":"closed","template":"","meta":{"footnotes":""},"categories":[],"tags":[],"class_list":["post-42","page","type-page","status-publish","hentry"],"_links":{"self":[{"href":"https:\/\/www.arkaute.net\/es\/wp-json\/wp\/v2\/pages\/42","targetHints":{"allow":["GET"]}}],"collection":[{"href":"https:\/\/www.arkaute.net\/es\/wp-json\/wp\/v2\/pages"}],"about":[{"href":"https:\/\/www.arkaute.net\/es\/wp-json\/wp\/v2\/types\/page"}],"author":[{"embeddable":true,"href":"https:\/\/www.arkaute.net\/es\/wp-json\/wp\/v2\/users\/1"}],"replies":[{"embeddable":true,"href":"https:\/\/www.arkaute.net\/es\/wp-json\/wp\/v2\/comments?post=42"}],"version-history":[{"count":73,"href":"https:\/\/www.arkaute.net\/es\/wp-json\/wp\/v2\/pages\/42\/revisions"}],"predecessor-version":[{"id":3602,"href":"https:\/\/www.arkaute.net\/es\/wp-json\/wp\/v2\/pages\/42\/revisions\/3602"}],"up":[{"embeddable":true,"href":"https:\/\/www.arkaute.net\/es\/wp-json\/wp\/v2\/pages\/28"}],"wp:attachment":[{"href":"https:\/\/www.arkaute.net\/es\/wp-json\/wp\/v2\/media?parent=42"}],"wp:term":[{"taxonomy":"category","embeddable":true,"href":"https:\/\/www.arkaute.net\/es\/wp-json\/wp\/v2\/categories?post=42"},{"taxonomy":"post_tag","embeddable":true,"href":"https:\/\/www.arkaute.net\/es\/wp-json\/wp\/v2\/tags?post=42"}],"curies":[{"name":"wp","href":"https:\/\/api.w.org\/{rel}","templated":true}]}}