{"id":40,"date":"2024-10-20T11:36:16","date_gmt":"2024-10-20T09:36:16","guid":{"rendered":"https:\/\/arkaute.innobask.net\/?page_id=40"},"modified":"2025-02-11T11:55:34","modified_gmt":"2025-02-11T10:55:34","slug":"fp-dual","status":"publish","type":"page","link":"https:\/\/www.arkaute.net\/es\/estudia\/fp-dual\/","title":{"rendered":"FP Dual"},"content":{"rendered":"<div class=\"wpb-content-wrapper\"><p>[vc_row css_animation=\u00bbfadeInLeft\u00bb][vc_column][vc_row_inner][vc_column_inner][vc_column_text css=\u00bb\u00bb]<\/p>\n<h3>Aprender a trav\u00e9s del trabajo es una realidad con la FP Dual y en CIFP Agrario Arkaute te impulsamos a que entres cuanto antes en contacto con el mundo laboral y empresarial.<\/h3>\n<p>Combinar\u00e1s los procesos de aprendizaje en la empresa con los periodos de formaci\u00f3n en el centro, para que puedas poner en pr\u00e1ctica casi al mismo tiempo lo que vas aprendiendo.<\/p>\n<p>Adem\u00e1s, Euskadi tiene un alto grado de implicaci\u00f3n por parte de las empresas por lo que el abanico de posibilidades es amplio para poder incorporarte a una de ellas.<\/p>\n<p>Y empezar\u00e1s desde el 1<sup>er<\/sup> curso, <strong>\u00a1nada de esperar a 2\u00ba!<\/strong>[\/vc_column_text][\/vc_column_inner][\/vc_row_inner][\/vc_column][\/vc_row][vc_row full_width=\u00bbstretch_row\u00bb gap=\u00bb35&#8243; parallax=\u00bbcontent-moving\u00bb parallax_image=\u00bb379&#8243; parallax_speed_bg=\u00bb2&#8243; css_animation=\u00bbbounceInRight\u00bb css=\u00bb.vc_custom_1732971828154{background-color: #F6F8F7 !important;}\u00bb][vc_column width=\u00bb2\/3&#8243;][vc_column_text css=\u00bb\u00bb]<\/p>\n<h2><b>FORMACI\u00d3N DUAL R\u00c9GIMEN GENERAL<\/b><\/h2>\n<p>Conocer\u00e1s desde el 1<sup>er<\/sup> curso el entorno laboral donde vas a desarrollar tu formaci\u00f3n, en lugar de como se hac\u00eda anteriormente desde 2\u00ba curso.<\/p>\n<p>Se genera un acuerdo de colaboraci\u00f3n entre el centro formativo y la empresa y por tanto, las horas son de car\u00e1cter curricular, no remuneradas.[\/vc_column_text][vc_column_text css=\u00bb\u00bb]<\/p>\n<h3><b>1\u00ba primer curso<br \/>\n<\/b><\/h3>\n<ul>\n<li><strong>Contrato<\/strong>: sin contrato laboral, alta en la S.Social, no remunerado.<\/li>\n<li><b>Incorporaci\u00f3n a empresa<\/b>: durante el curso escolar alternar\u00e1s la formaci\u00f3n en el centro con la formaci\u00f3n en la empresa.<\/li>\n<li><strong>Duraci\u00f3n<\/strong>: 128 h. \/ 112 h. alumnado menor de edad.<\/li>\n<\/ul>\n<h3><b>2\u00ba primer curso<br \/>\n<\/b><\/h3>\n<p>Podr\u00e1s elegir 2 itinerarios<\/p>\n<p><strong>R\u00e9gimen general<\/strong><\/p>\n<ul>\n<li><strong>Contrato<\/strong>: sin contrato laboral, alta en la S.Social, no remunerado.<\/li>\n<li><strong>Incorporaci\u00f3n a empresa<\/strong>: asistir\u00e1s al centro de FP de septiembre a marzo, y a partir de esa fecha y hasta la finalizaci\u00f3n del curso har\u00e1s la formaci\u00f3n en la empresa u organismo equiparado con una dedicaci\u00f3n horaria de 8h diarias o con una dedicaci\u00f3n horaria de 7 h. diarias para el caso del alumnado menor de edad.<\/li>\n<li><strong>Duraci\u00f3n<\/strong>: 480 h. de marzo a junio.<\/li>\n<\/ul>\n<p><strong>R\u00e9gimen intesivo<\/strong><\/p>\n<ul>\n<li><strong>Contrato<\/strong>: Contrato de trabajo, alta en la SS, remunerado.<\/li>\n<li><strong>Estancia en el centro<\/strong>: alternancia entre centro y empresa en 2\u00ba curso.<\/li>\n<li><strong>Incorporaci\u00f3n a empresa<\/strong>: en junio al final de 1<sup>er<\/sup> curso o en septiembre &#8211; octubre.<\/li>\n<\/ul>\n<p>[\/vc_column_text][\/vc_column][vc_column width=\u00bb1\/3&#8243; el_class=\u00bbdestacados_zoom\u00bb css=\u00bb.vc_custom_1732972001549{border-top-width: 1px !important;border-right-width: 1px !important;border-bottom-width: 1px !important;border-left-width: 1px !important;padding-bottom: 35px !important;background: #ACFC3A66 url(https:\/\/www.arkaute.net\/wp-content\/uploads\/2024\/10\/HIERBA-velado-verde.jpg?id=286) !important;background-position: center !important;background-repeat: no-repeat !important;background-size: cover !important;border-left-style: solid !important;border-right-style: solid !important;border-top-style: solid !important;border-bottom-style: solid !important;border-color: #ACFC3A !important;}\u00bb][vc_icon icon_fontawesome=\u00bbfar fa-comment-alt\u00bb color=\u00bbcustom\u00bb size=\u00bbxl\u00bb css=\u00bb.vc_custom_1732878394406{margin-top: 20px !important;}\u00bb custom_color=\u00bb#6D7174&#8243;][vc_column_text css=\u00bb\u00bb]<\/p>\n<h3><b>\u00bfC\u00f3mo solicitar cursar FP DUAL intensiva ?<\/b><\/h3>\n<p>La \u00fanica manera de solicitar cursar la FP DUAL INTENSIVA es a trav\u00e9s del centro, en Secretar\u00eda o poni\u00e9ndote en contacto con el centro.[\/vc_column_text]<div class=\"cq-buttoncontainer  \"><div class=\"animatetype-2\"><div><a href=\"mailto:arkaute@arkaute.net\" title=\"\" target=\"\" style=\"color:#000000;background-color:#ADFA3A;\" class=\"btn cqbtn-1\"><span class=\"txt\">Escr\u00edbenos<\/span><span class=\"round\"><i style=\"margin-top:-9px;margin-left:-9px;\" class=\"fa fa-arrow-right\"><\/i><\/span><\/a><\/div><\/div><\/div><div class=\"cq-buttoncontainer  \"><div class=\"animatetype-2\"><div><a href=\"https:\/\/www.fpeuskadidual.eus\/que-es-la-fp-dual\/\" title=\"\" target=\"_blank\" style=\"color:#000000;background-color:#ADFA3A;\" class=\"btn cqbtn-1\"><span class=\"txt\">FP Dual \/ FP Dual intensiva<\/span><span class=\"round\"><i style=\"margin-top:-9px;margin-left:-9px;\" class=\"fa fa-arrow-right\"><\/i><\/span><\/a><\/div><\/div><\/div>[\/vc_column][\/vc_row][vc_row css_animation=\u00bbbounceInLeft\u00bb css=\u00bb.vc_custom_1730821694456{margin-top: 30px !important;margin-bottom: 30px !important;background-position: center !important;background-repeat: no-repeat !important;background-size: contain !important;}\u00bb][vc_column el_class=\u00bbdestacado-mov-oscilante\u00bb][vc_column_text css=\u00bb\u00bb]<\/p>\n<h3 style=\"text-align: center;\">M\u00e1s informaci\u00f3n<\/h3>\n<p>[\/vc_column_text][vc_row_inner][vc_column_inner width=\u00bb1\/2&#8243;][vc_column_text css=\u00bb\u00bb]<\/p>\n<p style=\"text-align: center;\"><a href=\"https:\/\/www.fpeuskadidual.eus\/wp-content\/uploads\/2024\/04\/Diptico_DUAL_A4_cas_reducido.pdf\">Consulta el folleto informativo<\/a><\/p>\n<p>[\/vc_column_text][\/vc_column_inner][vc_column_inner width=\u00bb1\/2&#8243;][vc_column_text css=\u00bb\u00bb]<\/p>\n<p style=\"text-align: center;\"><a href=\"https:\/\/www.fpeuskadidual.eus\/nuevo-itinerario-de-formacion-dual-en-empresa-o-cantro-de-trabajo2\/\" target=\"_blank\" rel=\"noopener\">Web FP Euskdi Dual<\/a><\/p>\n<p>[\/vc_column_text][\/vc_column_inner][\/vc_row_inner][\/vc_column][\/vc_row]<\/p>\n<\/div>","protected":false},"excerpt":{"rendered":"<p>[vc_row css_animation=\u00bbfadeInLeft\u00bb][vc_column][vc_row_inner][vc_column_inner][vc_column_text css=\u00bb\u00bb] Aprender a trav\u00e9s del trabajo es una realidad con la FP Dual y en CIFP Agrario Arkaute te impulsamos a que entres cuanto<span class=\"excerpt-hellip\"> [\u2026]<\/span><\/p>\n","protected":false},"author":1,"featured_media":0,"parent":28,"menu_order":0,"comment_status":"closed","ping_status":"closed","template":"","meta":{"footnotes":""},"categories":[],"tags":[],"class_list":["post-40","page","type-page","status-publish","hentry"],"_links":{"self":[{"href":"https:\/\/www.arkaute.net\/es\/wp-json\/wp\/v2\/pages\/40","targetHints":{"allow":["GET"]}}],"collection":[{"href":"https:\/\/www.arkaute.net\/es\/wp-json\/wp\/v2\/pages"}],"about":[{"href":"https:\/\/www.arkaute.net\/es\/wp-json\/wp\/v2\/types\/page"}],"author":[{"embeddable":true,"href":"https:\/\/www.arkaute.net\/es\/wp-json\/wp\/v2\/users\/1"}],"replies":[{"embeddable":true,"href":"https:\/\/www.arkaute.net\/es\/wp-json\/wp\/v2\/comments?post=40"}],"version-history":[{"count":23,"href":"https:\/\/www.arkaute.net\/es\/wp-json\/wp\/v2\/pages\/40\/revisions"}],"predecessor-version":[{"id":2659,"href":"https:\/\/www.arkaute.net\/es\/wp-json\/wp\/v2\/pages\/40\/revisions\/2659"}],"up":[{"embeddable":true,"href":"https:\/\/www.arkaute.net\/es\/wp-json\/wp\/v2\/pages\/28"}],"wp:attachment":[{"href":"https:\/\/www.arkaute.net\/es\/wp-json\/wp\/v2\/media?parent=40"}],"wp:term":[{"taxonomy":"category","embeddable":true,"href":"https:\/\/www.arkaute.net\/es\/wp-json\/wp\/v2\/categories?post=40"},{"taxonomy":"post_tag","embeddable":true,"href":"https:\/\/www.arkaute.net\/es\/wp-json\/wp\/v2\/tags?post=40"}],"curies":[{"name":"wp","href":"https:\/\/api.w.org\/{rel}","templated":true}]}}