{"id":26,"date":"2024-10-20T11:33:48","date_gmt":"2024-10-20T09:33:48","guid":{"rendered":"https:\/\/arkaute.innobask.net\/?page_id=26"},"modified":"2025-11-14T09:30:40","modified_gmt":"2025-11-14T08:30:40","slug":"como-llegar","status":"publish","type":"page","link":"https:\/\/www.arkaute.net\/es\/somos-agrario-arkaute\/como-llegar\/","title":{"rendered":"C\u00f3mo llegar"},"content":{"rendered":"<div class=\"wpb-content-wrapper\"><p>[vc_row][vc_column width=\u00bb1\/2&#8243;][vc_icon icon_fontawesome=\u00bbfas fa-bus\u00bb color=\u00bbcustom\u00bb size=\u00bbxl\u00bb css=\u00bb\u00bb custom_color=\u00bb#6D7174&#8243;][vc_column_text css=\u00bb.vc_custom_1763109022570{margin-top: 0px !important;padding-top: 0px !important;}\u00bb]<\/p>\n<h3>Transporte p\u00fablico<\/h3>\n<p><a href=\"https:\/\/alavabus.eus\/es\/web\/alavabus\/linea-5-vitoria-alegria-araia\" target=\"_blank\" rel=\"noopener\"><span style=\"color: #00ccff;\">L\u00ednea 5 (Alababus) GASTEIZ &#8211; ALEGR\u00cdA \/ DULANTZI (\u00c1LAVA)<\/span><\/a><\/p>\n<h4>Paradas<\/h4>\n<ul>\n<li>Estaci\u00f3n &#8211; VITORIA\/GASTEIZ<\/li>\n<li>Alas \/ Boulevard &#8211; VITORIA\/GASTEIZ<\/li>\n<li>Madrid \/ Arantzabela &#8211; VITORIA\/GASTEIZ<\/li>\n<li>Parada en CIFP Agrario Arkaute<\/li>\n<\/ul>\n<p>[\/vc_column_text][vc_icon icon_fontawesome=\u00bbfas fa-car-side\u00bb color=\u00bbcustom\u00bb size=\u00bbxl\u00bb css=\u00bb\u00bb custom_color=\u00bb#6D7174&#8243;][vc_column_text css=\u00bb.vc_custom_1733322502041{margin-top: 0px !important;padding-top: 0px !important;}\u00bb]<\/p>\n<h3>Coche<\/h3>\n<p>Coordenadas GPS: 42\u00b0 51\u2019 15.6\u201d N ; 2\u00b0 37\u2019 31.5\u201d W<br \/>\nN &#8211;\u00a0104, Km. 355<br \/>\n01192 Vitoria &#8211; Gasteiz\u00a0(\u00c1lava)[\/vc_column_text][\/vc_column][vc_column width=\u00bb1\/2&#8243;][vc_gmaps link=\u00bb#E-8_JTNDaWZyYW1lJTIwc3JjJTNEJTIyaHR0cHMlM0ElMkYlMkZ3d3cuZ29vZ2xlLmNvbSUyRm1hcHMlMkZlbWJlZCUzRnBiJTNEJTIxMW0xOCUyMTFtMTIlMjExbTMlMjExZDM2MzcuMDYyMzM3MjUxMDM4JTIxMmQtMi42MjgwMjA1ODc4MDcyMDA1JTIxM2Q0Mi44NTQxOTAxMDM2MTk5OCUyMTJtMyUyMTFmMCUyMTJmMCUyMTNmMCUyMTNtMiUyMTFpMTAyNCUyMTJpNzY4JTIxNGYxMy4xJTIxM20zJTIxMW0yJTIxMXMweGQ0ZmMyYzljNWQzZTJiYiUyNTNBMHhmNmYzMjVhZjgwMmI4MTk1JTIxMnNDSUZQJTI1MjBJbnN0aXR1dG8lMjUyMEFncmFyaW8lMjUyMEFSS0FVVEUlMjE1ZTElMjEzbTIlMjExc2VzJTIxMnNlcyUyMTR2MTczMjYxMzI3MDk0NCUyMTVtMiUyMTFzZXMlMjEyc2VzJTIyJTIwd2lkdGglM0QlMjI2MDAlMjIlMjBoZWlnaHQlM0QlMjI0NTAlMjIlMjBzdHlsZSUzRCUyMmJvcmRlciUzQTAlM0IlMjIlMjBhbGxvd2Z1bGxzY3JlZW4lM0QlMjIlMjIlMjBsb2FkaW5nJTNEJTIybGF6eSUyMiUyMHJlZmVycmVycG9saWN5JTNEJTIybm8tcmVmZXJyZXItd2hlbi1kb3duZ3JhZGUlMjIlM0UlM0MlMkZpZnJhbWUlM0U=\u00bb size=\u00bb500px\u00bb css=\u00bb\u00bb][vc_column_text css=\u00bb\u00bb el_class=\u00bbtexto_destacado\u00bb]<\/p>\n<p style=\"text-align: center;\"><strong>Telf.: 945 285 387 \u2022 <a href=\"mailto:arkaute@arkaute.net\">arkaute@arkaute.net<\/a><\/strong><\/p>\n<p>[\/vc_column_text][\/vc_column][\/vc_row]<\/p>\n<\/div>","protected":false},"excerpt":{"rendered":"<p>[vc_row][vc_column width=\u00bb1\/2&#8243;][vc_icon icon_fontawesome=\u00bbfas fa-bus\u00bb color=\u00bbcustom\u00bb size=\u00bbxl\u00bb css=\u00bb\u00bb custom_color=\u00bb#6D7174&#8243;][vc_column_text css=\u00bb.vc_custom_1763109022570{margin-top: 0px !important;padding-top: 0px !important;}\u00bb] Transporte p\u00fablico L\u00ednea 5 (Alababus) GASTEIZ &#8211; ALEGR\u00cdA \/ DULANTZI (\u00c1LAVA) Paradas Estaci\u00f3n<span class=\"excerpt-hellip\"> [\u2026]<\/span><\/p>\n","protected":false},"author":1,"featured_media":0,"parent":14,"menu_order":0,"comment_status":"closed","ping_status":"closed","template":"","meta":{"footnotes":""},"categories":[],"tags":[],"class_list":["post-26","page","type-page","status-publish","hentry"],"_links":{"self":[{"href":"https:\/\/www.arkaute.net\/es\/wp-json\/wp\/v2\/pages\/26","targetHints":{"allow":["GET"]}}],"collection":[{"href":"https:\/\/www.arkaute.net\/es\/wp-json\/wp\/v2\/pages"}],"about":[{"href":"https:\/\/www.arkaute.net\/es\/wp-json\/wp\/v2\/types\/page"}],"author":[{"embeddable":true,"href":"https:\/\/www.arkaute.net\/es\/wp-json\/wp\/v2\/users\/1"}],"replies":[{"embeddable":true,"href":"https:\/\/www.arkaute.net\/es\/wp-json\/wp\/v2\/comments?post=26"}],"version-history":[{"count":19,"href":"https:\/\/www.arkaute.net\/es\/wp-json\/wp\/v2\/pages\/26\/revisions"}],"predecessor-version":[{"id":3505,"href":"https:\/\/www.arkaute.net\/es\/wp-json\/wp\/v2\/pages\/26\/revisions\/3505"}],"up":[{"embeddable":true,"href":"https:\/\/www.arkaute.net\/es\/wp-json\/wp\/v2\/pages\/14"}],"wp:attachment":[{"href":"https:\/\/www.arkaute.net\/es\/wp-json\/wp\/v2\/media?parent=26"}],"wp:term":[{"taxonomy":"category","embeddable":true,"href":"https:\/\/www.arkaute.net\/es\/wp-json\/wp\/v2\/categories?post=26"},{"taxonomy":"post_tag","embeddable":true,"href":"https:\/\/www.arkaute.net\/es\/wp-json\/wp\/v2\/tags?post=26"}],"curies":[{"name":"wp","href":"https:\/\/api.w.org\/{rel}","templated":true}]}}