{"id":22,"date":"2024-10-20T11:33:16","date_gmt":"2024-10-20T09:33:16","guid":{"rendered":"https:\/\/arkaute.innobask.net\/?page_id=22"},"modified":"2024-12-04T14:25:20","modified_gmt":"2024-12-04T13:25:20","slug":"proyectos","status":"publish","type":"page","link":"https:\/\/www.arkaute.net\/es\/somos-agrario-arkaute\/proyectos\/","title":{"rendered":"Proyectos"},"content":{"rendered":"<div class=\"wpb-content-wrapper\"><p>[vc_row css_animation=\u00bbfadeInLeft\u00bb][vc_column][vc_column_text css=\u00bb\u00bb]<\/p>\n<h2>Proyectos de innovaci\u00f3n y sostenibilidad<\/h2>\n<p>Nuestros proyectos buscan a trav\u00e9s de la implementaci\u00f3n de nuevas tecnolog\u00edas, pr\u00e1cticas agr\u00edcolas responsables y el fomento de la econom\u00eda circular, transformar el modelo productivo y contribuir a un futuro m\u00e1s eficiente y respetuoso con el medio ambiente.[\/vc_column_text][\/vc_column][\/vc_row][vc_row css_animation=\u00bbbounceInRight\u00bb css=\u00bb.vc_custom_1730725939322{margin-top: 0px !important;padding-top: 0px !important;}\u00bb][vc_column][vc_basic_grid post_type=\u00bbproyecto\u00bb max_items=\u00bb100&#8243; show_filter=\u00bbyes\u00bb filter_color=\u00bbmulled_wine\u00bb filter_size=\u00bblg\u00bb item=\u00bbbasicGrid_VerticalFlip\u00bb css=\u00bb\u00bb grid_id=\u00bbvc_gid:1733145472031-4215859d-346a-8&#8243; taxonomies=\u00bb15, 16&#8243; filter_source=\u00bbproyecto_category\u00bb][\/vc_column][\/vc_row][vc_row disable_element=\u00bbyes\u00bb css=\u00bb.vc_custom_1733145489299{margin-top: 0px !important;padding-top: 0px !important;}\u00bb][vc_column el_class=\u00bbdestacado-mov-oscilante\u00bb][vc_column_text css=\u00bb\u00bb]<\/p>\n<h3 style=\"text-align: center;\">Si quieres echar un ojo a otros proyectos relacionados<\/h3>\n<p style=\"text-align: center;\"><strong><a href=\"https:\/\/tknika.eus\/proyectos-de-viceconsejeria\/\">Visita TKNIKA<\/a><\/strong><\/p>\n<p>[\/vc_column_text][\/vc_column][\/vc_row]<\/p>\n<\/div>","protected":false},"excerpt":{"rendered":"<p>[vc_row css_animation=\u00bbfadeInLeft\u00bb][vc_column][vc_column_text css=\u00bb\u00bb] Proyectos de innovaci\u00f3n y sostenibilidad Nuestros proyectos buscan a trav\u00e9s de la implementaci\u00f3n de nuevas tecnolog\u00edas, pr\u00e1cticas agr\u00edcolas responsables y el fomento de<span class=\"excerpt-hellip\"> [\u2026]<\/span><\/p>\n","protected":false},"author":1,"featured_media":0,"parent":14,"menu_order":0,"comment_status":"closed","ping_status":"closed","template":"","meta":{"footnotes":""},"categories":[],"tags":[],"class_list":["post-22","page","type-page","status-publish","hentry"],"_links":{"self":[{"href":"https:\/\/www.arkaute.net\/es\/wp-json\/wp\/v2\/pages\/22","targetHints":{"allow":["GET"]}}],"collection":[{"href":"https:\/\/www.arkaute.net\/es\/wp-json\/wp\/v2\/pages"}],"about":[{"href":"https:\/\/www.arkaute.net\/es\/wp-json\/wp\/v2\/types\/page"}],"author":[{"embeddable":true,"href":"https:\/\/www.arkaute.net\/es\/wp-json\/wp\/v2\/users\/1"}],"replies":[{"embeddable":true,"href":"https:\/\/www.arkaute.net\/es\/wp-json\/wp\/v2\/comments?post=22"}],"version-history":[{"count":18,"href":"https:\/\/www.arkaute.net\/es\/wp-json\/wp\/v2\/pages\/22\/revisions"}],"predecessor-version":[{"id":2008,"href":"https:\/\/www.arkaute.net\/es\/wp-json\/wp\/v2\/pages\/22\/revisions\/2008"}],"up":[{"embeddable":true,"href":"https:\/\/www.arkaute.net\/es\/wp-json\/wp\/v2\/pages\/14"}],"wp:attachment":[{"href":"https:\/\/www.arkaute.net\/es\/wp-json\/wp\/v2\/media?parent=22"}],"wp:term":[{"taxonomy":"category","embeddable":true,"href":"https:\/\/www.arkaute.net\/es\/wp-json\/wp\/v2\/categories?post=22"},{"taxonomy":"post_tag","embeddable":true,"href":"https:\/\/www.arkaute.net\/es\/wp-json\/wp\/v2\/tags?post=22"}],"curies":[{"name":"wp","href":"https:\/\/api.w.org\/{rel}","templated":true}]}}