{"id":20,"date":"2024-10-20T11:32:38","date_gmt":"2024-10-20T09:32:38","guid":{"rendered":"https:\/\/arkaute.innobask.net\/?page_id=20"},"modified":"2025-10-23T11:30:38","modified_gmt":"2025-10-23T09:30:38","slug":"certificados","status":"publish","type":"page","link":"https:\/\/www.arkaute.net\/es\/somos-agrario-arkaute\/certificados\/","title":{"rendered":"Certificados"},"content":{"rendered":"<div class=\"wpb-content-wrapper\"><p>[vc_row full_width=\u00bbstretch_row\u00bb css_animation=\u00bbbounceInLeft\u00bb css=\u00bb.vc_custom_1730706899367{margin-bottom: 0px !important;}\u00bb][vc_column width=\u00bb2\/3&#8243;][vc_column_text css=\u00bb.vc_custom_1730706839500{margin-top: 0px !important;margin-bottom: 35px !important;padding-top: 0px !important;}\u00bb]<\/p>\n<h2>CERTIFICADO DE CALIDAD<\/h2>\n<p>[\/vc_column_text][vc_row_inner css=\u00bb.vc_custom_1730706920076{margin-bottom: 0px !important;padding-bottom: 0px !important;}\u00bb][vc_column_inner][vc_column_text css=\u00bb.vc_custom_1761032144716{margin-top: 0px !important;margin-bottom: 35px !important;padding-top: 0px !important;}\u00bb]EL<strong> CIFP Agrario Arkaute<\/strong> entiende la calidad como parte fundamental de su filosof\u00eda y de su estrategia. Por ello se responsabiliza y adquiere el compromiso de establecer, desarrollar y mejorar continuamente un sistema de Calidad basado en la norma UNE-EN ISO 9001:2015, con el fin de conseguir su objetivo fundamental:<\/p>\n<p><em>\u201csatisfacer las necesidades y expectativas de sus clientes y de los grupos de inter\u00e9s conforme a la Misi\u00f3n y al Proyecto Estrat\u00e9gico de la entidad\u201d<\/em><\/p>\n<p>El compromiso con la calidad afecta a toda la organizaci\u00f3n. Todas las personas del centro entienden y aceptan este compromiso y su responsabilidad en el cumplimiento de los requisitos establecidos, y participan activamente en la mejora continua de la calidad y de la gesti\u00f3n, y en el logro de los objetivos institucionales.<\/p>\n<p>La Direcci\u00f3n facilitar\u00e1 los medios y la formaci\u00f3n necesarios para el desarrollo exitoso de las actividades.<\/p>\n<p>La filosof\u00eda y estrategia del CIFP Agrario Arkaute, fundamentada en la calidad, se identifica con las siguientes directrices:<\/p>\n<ul>\n<li>El trabajo bien hecho y la mejora continua de nuestras actividades, de los servicios que prestamos y de los procesos de trabajo.<\/li>\n<li>La aportaci\u00f3n de valor al alumnado, a los grupos de inter\u00e9s, al personal del centro y al personal colaborador externo, escuchando su voz y procurando satisfacer sus expectativas.<\/li>\n<li>El alineamiento de nuestros procesos y de nuestros proyectos con la misi\u00f3n, su visi\u00f3n y sus estrategias, procurando actuar conforme a las conductas que se recogen en la formulaci\u00f3n de los valores.<\/li>\n<li>La adopci\u00f3n de metodolog\u00edas de trabajo basadas en la cultura de la evidencia, la gesti\u00f3n a partir de datos y la disciplina del trabajo en equipo.<\/li>\n<li>La gesti\u00f3n de los procesos orientada a la mejora continua mediante la planificaci\u00f3n, el desarrollo y la revisi\u00f3n y mejora de los mismos.<\/li>\n<li>La mejora de los resultados definiendo los indicadores y objetivos y evaluando el nivel de logro de los mismos.<\/li>\n<\/ul>\n<p>Estas directrices se despliegan a trav\u00e9s de los siguientes procesos y proyectos:<\/p>\n<ul>\n<li>A trav\u00e9s de la formulaci\u00f3n Planes de Anuales y el cumplimiento de los objetivos.<\/li>\n<li>Implantaci\u00f3n y desarrollo de un sistema de la calidad seg\u00fan los requisitos de la norma UNE-EN ISO 9001:2015.<\/li>\n<li>Cumplimiento de requisitos legales y reglamentarios que afectan a nuestra actividad.<\/li>\n<li>Medici\u00f3n y an\u00e1lisis peri\u00f3dico de la satisfacci\u00f3n de clientes.<\/li>\n<li>Revisi\u00f3n del sistema de la calidad y mejora contin\u00faa de procesos.<\/li>\n<li>Auditor\u00edas internas y externas del sistema de la calidad.<\/li>\n<\/ul>\n<p>Reconociendo que los recursos y una prestaci\u00f3n del servicio basada en la calidad y la mejora continua es indispensable para nuestro futuro, el abajo firmante, en representaci\u00f3n de todo el personal que integra el CIFP Agrario Arkaute se compromete a ofrecer servicios que respondan a lo requerido por nuestros clientes.[\/vc_column_text][\/vc_column_inner][\/vc_row_inner][\/vc_column][vc_column width=\u00bb1\/3&#8243;][vc_single_image image=\u00bb3399&#8243; img_size=\u00bbfull\u00bb onclick=\u00bblink_image\u00bb css=\u00bb\u00bb][vc_single_image image=\u00bb3422&#8243; img_size=\u00bbfull\u00bb onclick=\u00bblink_image\u00bb css=\u00bb\u00bb][\/vc_column][\/vc_row][vc_row full_width=\u00bbstretch_row\u00bb parallax=\u00bbcontent-moving\u00bb parallax_image=\u00bb373&#8243; css_animation=\u00bbbounceInRight\u00bb css=\u00bb.vc_custom_1730706954322{margin-top: 0px !important;margin-bottom: 0px !important;}\u00bb][vc_column][vc_column_text css=\u00bb.vc_custom_1730273445181{margin-top: 0px !important;padding-top: 0px !important;}\u00bb]<\/p>\n<h2>CERTIFICADOS ECOL\u00d3GICOS<\/h2>\n<p>[\/vc_column_text][vc_row_inner css=\u00bb.vc_custom_1730706939937{margin-bottom: 0px !important;padding-bottom: 0px !important;}\u00bb][vc_column_inner width=\u00bb2\/3&#8243;][vc_column_text css=\u00bb.vc_custom_1732608607960{margin-top: 0px !important;padding-top: 0px !important;}\u00bb]El trabajo realizado por el <strong>CIFP Agrario Arkaute<\/strong> durante los \u00faltimos veinte a\u00f1os nos recompens\u00f3 con el <b>sello Ekolurra<\/b>. Mientras el modelo de agricultura fue cambiando, nosotros intentamos promover una <b>agricultura innovadora, ejemplar, sostenible<\/b> y<b> conservadora<\/b>.<\/p>\n<p>Se tom\u00f3 en cuenta el modelo de Agricultura Ecol\u00f3gica y se paut\u00f3 el cambio en las parcelas, huertas e invernaderos del centro. El trabajo realizado se consider\u00f3 oportuno y en 2018 dimos el paso necesario para conseguir el sello con nuestro vecino y colaborador <a href=\"https:\/\/neiker.eus\/es\/\">Neiker-Tecnalia<\/a>.[\/vc_column_text]<div class=\"cq-buttoncontainer  \"><div class=\"animatetype-2\"><div><a href=\"https:\/\/arkaute.net\/wp-content\/uploads\/2024\/11\/Certificados-Ekolurra-Neiker.pdf\" title=\"\" target=\"_blank\" style=\"color:#000000;background-color:#ADFA3A;\" class=\"btn cqbtn-1\"><span class=\"txt\">Descarga Ekolurra<\/span><span class=\"round\"><i style=\"margin-top:-9px;margin-left:-9px;\" class=\"fa fa-arrow-right\"><\/i><\/span><\/a><\/div><\/div><\/div>[\/vc_column_inner][vc_column_inner width=\u00bb1\/3&#8243;][vc_single_image image=\u00bb519&#8243; img_size=\u00bbfull\u00bb css=\u00bb\u00bb][\/vc_column_inner][\/vc_row_inner][\/vc_column][\/vc_row]<\/p>\n<\/div>","protected":false},"excerpt":{"rendered":"<p>[vc_row full_width=\u00bbstretch_row\u00bb css_animation=\u00bbbounceInLeft\u00bb css=\u00bb.vc_custom_1730706899367{margin-bottom: 0px !important;}\u00bb][vc_column width=\u00bb2\/3&#8243;][vc_column_text css=\u00bb.vc_custom_1730706839500{margin-top: 0px !important;margin-bottom: 35px !important;padding-top: 0px !important;}\u00bb] CERTIFICADO DE CALIDAD [\/vc_column_text][vc_row_inner css=\u00bb.vc_custom_1730706920076{margin-bottom: 0px !important;padding-bottom: 0px !important;}\u00bb][vc_column_inner][vc_column_text css=\u00bb.vc_custom_1761032144716{margin-top: 0px !important;margin-bottom:<span class=\"excerpt-hellip\"> [\u2026]<\/span><\/p>\n","protected":false},"author":1,"featured_media":0,"parent":14,"menu_order":0,"comment_status":"closed","ping_status":"closed","template":"","meta":{"footnotes":""},"categories":[],"tags":[],"class_list":["post-20","page","type-page","status-publish","hentry"],"_links":{"self":[{"href":"https:\/\/www.arkaute.net\/es\/wp-json\/wp\/v2\/pages\/20","targetHints":{"allow":["GET"]}}],"collection":[{"href":"https:\/\/www.arkaute.net\/es\/wp-json\/wp\/v2\/pages"}],"about":[{"href":"https:\/\/www.arkaute.net\/es\/wp-json\/wp\/v2\/types\/page"}],"author":[{"embeddable":true,"href":"https:\/\/www.arkaute.net\/es\/wp-json\/wp\/v2\/users\/1"}],"replies":[{"embeddable":true,"href":"https:\/\/www.arkaute.net\/es\/wp-json\/wp\/v2\/comments?post=20"}],"version-history":[{"count":39,"href":"https:\/\/www.arkaute.net\/es\/wp-json\/wp\/v2\/pages\/20\/revisions"}],"predecessor-version":[{"id":3426,"href":"https:\/\/www.arkaute.net\/es\/wp-json\/wp\/v2\/pages\/20\/revisions\/3426"}],"up":[{"embeddable":true,"href":"https:\/\/www.arkaute.net\/es\/wp-json\/wp\/v2\/pages\/14"}],"wp:attachment":[{"href":"https:\/\/www.arkaute.net\/es\/wp-json\/wp\/v2\/media?parent=20"}],"wp:term":[{"taxonomy":"category","embeddable":true,"href":"https:\/\/www.arkaute.net\/es\/wp-json\/wp\/v2\/categories?post=20"},{"taxonomy":"post_tag","embeddable":true,"href":"https:\/\/www.arkaute.net\/es\/wp-json\/wp\/v2\/tags?post=20"}],"curies":[{"name":"wp","href":"https:\/\/api.w.org\/{rel}","templated":true}]}}