{"id":162,"date":"2024-10-20T11:58:25","date_gmt":"2024-10-20T09:58:25","guid":{"rendered":"https:\/\/arkaute.innobask.net\/?page_id=162"},"modified":"2025-01-29T09:36:39","modified_gmt":"2025-01-29T08:36:39","slug":"mapa-del-sitio","status":"publish","type":"page","link":"https:\/\/www.arkaute.net\/es\/mapa-del-sitio\/","title":{"rendered":"Mapa del sitio"},"content":{"rendered":"<div class=\"wsp-container\"><h2 class=\"wsp-pages-title\">P\u00e1ginas<\/h2>\n<ul class=\"wsp-pages-list\">\n<li class=\"page_item page-item-2\"><a href=\"https:\/\/www.arkaute.net\/es\/\">Inicio<\/a><\/li>\n<li class=\"page_item page-item-2573\"><a href=\"https:\/\/www.arkaute.net\/es\/politica-privacidad\/\">Pol\u00edtica de privacidad<\/a><\/li>\n<li class=\"page_item page-item-14 page_item_has_children\"><a href=\"https:\/\/www.arkaute.net\/es\/somos-agrario-arkaute\/\">Con\u00f3cenos<\/a>\n<ul class='children'>\n\t<li class=\"page_item page-item-16\"><a href=\"https:\/\/www.arkaute.net\/es\/somos-agrario-arkaute\/quienes-somos\/\">Qui\u00e9nes somos<\/a><\/li>\n\t<li class=\"page_item page-item-18\"><a href=\"https:\/\/www.arkaute.net\/es\/somos-agrario-arkaute\/nuestras-instalaciones\/\">Nuestras instalaciones &#8211; Servicios<\/a><\/li>\n\t<li class=\"page_item page-item-20\"><a href=\"https:\/\/www.arkaute.net\/es\/somos-agrario-arkaute\/certificados\/\">Certificados<\/a><\/li>\n\t<li class=\"page_item page-item-22\"><a href=\"https:\/\/www.arkaute.net\/es\/somos-agrario-arkaute\/proyectos\/\">Proyectos<\/a><\/li>\n\t<li class=\"page_item page-item-24\"><a href=\"https:\/\/www.arkaute.net\/es\/somos-agrario-arkaute\/noticias\/\">Noticias<\/a><\/li>\n\t<li class=\"page_item page-item-26\"><a href=\"https:\/\/www.arkaute.net\/es\/somos-agrario-arkaute\/como-llegar\/\">C\u00f3mo llegar<\/a><\/li>\n<\/ul>\n<\/li>\n<li class=\"page_item page-item-28 page_item_has_children\"><a href=\"https:\/\/www.arkaute.net\/es\/estudia\/\">Estudia<\/a>\n<ul class='children'>\n\t<li class=\"page_item page-item-30\"><a href=\"https:\/\/www.arkaute.net\/es\/estudia\/actividades-agropecuarias-grado-basico\/\">Actividades agropecuarias GB<\/a><\/li>\n\t<li class=\"page_item page-item-32\"><a href=\"https:\/\/www.arkaute.net\/es\/estudia\/jardineria-y-floristeria-grado-medio\/\">Jardiner\u00eda y florister\u00eda GM<\/a><\/li>\n\t<li class=\"page_item page-item-34\"><a href=\"https:\/\/www.arkaute.net\/es\/estudia\/produccion-agroecologica-grado-medio\/\">Producci\u00f3n Agroecol\u00f3gica GM<\/a><\/li>\n\t<li class=\"page_item page-item-36\"><a href=\"https:\/\/www.arkaute.net\/es\/estudia\/paisajismo-y-medio-rural-grado-superior\/\">Paisajismo y Medio rural GS<\/a><\/li>\n\t<li class=\"page_item page-item-40\"><a href=\"https:\/\/www.arkaute.net\/es\/estudia\/fp-dual\/\">FP Dual<\/a><\/li>\n\t<li class=\"page_item page-item-42\"><a href=\"https:\/\/www.arkaute.net\/es\/estudia\/certificados-profesionales\/\">Certificados profesionales<\/a><\/li>\n\t<li class=\"page_item page-item-1438\"><a href=\"https:\/\/www.arkaute.net\/es\/estudia\/otros-cursos\/\">Otros cursos<\/a><\/li>\n\t<li class=\"page_item page-item-3761\"><a href=\"https:\/\/www.arkaute.net\/es\/estudia\/floristeria-y-arte-floral-grado-e\/\">Floristeria y Arte Floral<\/a><\/li>\n<\/ul>\n<\/li>\n<li class=\"page_item page-item-44 page_item_has_children\"><a href=\"https:\/\/www.arkaute.net\/es\/soy-empresa\/\">Eres empresa<\/a>\n<ul class='children'>\n\t<li class=\"page_item page-item-46\"><a href=\"https:\/\/www.arkaute.net\/es\/soy-empresa\/fp-dual-empresas\/\">FP Dual empresas<\/a><\/li>\n\t<li class=\"page_item page-item-48\"><a href=\"https:\/\/www.arkaute.net\/es\/soy-empresa\/bolsa-de-trabajo\/\">Contrata Alumnado<\/a><\/li>\n\t<li class=\"page_item page-item-50\"><a href=\"https:\/\/www.arkaute.net\/es\/soy-empresa\/tk-gune\/\">TKGune<\/a><\/li>\n\t<li class=\"page_item page-item-52\"><a href=\"https:\/\/www.arkaute.net\/es\/soy-empresa\/formacion-para-empresas\/\">Formaci\u00f3n para empresas<\/a><\/li>\n\t<li class=\"page_item page-item-54\"><a href=\"https:\/\/www.arkaute.net\/es\/soy-empresa\/acreditaciones-de-competencias\/\">Acredita tus competencias<\/a><\/li>\n<\/ul>\n<\/li>\n<li class=\"page_item page-item-56 page_item_has_children\"><a href=\"https:\/\/www.arkaute.net\/es\/eres-alumnado\/\">Eres alumnado<\/a>\n<ul class='children'>\n\t<li class=\"page_item page-item-58\"><a href=\"https:\/\/www.arkaute.net\/es\/eres-alumnado\/bolsas-de-trabajo\/\">Bolsa de trabajo<\/a><\/li>\n\t<li class=\"page_item page-item-60\"><a href=\"https:\/\/www.arkaute.net\/es\/eres-alumnado\/orientacion\/\">Orientaci\u00f3n<\/a><\/li>\n\t<li class=\"page_item page-item-62\"><a href=\"https:\/\/www.arkaute.net\/es\/eres-alumnado\/recursos-alumnado\/\">Recursos alumnado<\/a><\/li>\n\t<li class=\"page_item page-item-64\"><a href=\"https:\/\/www.arkaute.net\/es\/eres-alumnado\/becas\/\">Becas<\/a><\/li>\n\t<li class=\"page_item page-item-66\"><a href=\"https:\/\/www.arkaute.net\/es\/eres-alumnado\/programas-emprendimiento\/\">Programas emprendimiento<\/a><\/li>\n\t<li class=\"page_item page-item-68\"><a href=\"https:\/\/www.arkaute.net\/es\/eres-alumnado\/erasmus\/\">Erasmus +<\/a><\/li>\n<\/ul>\n<\/li>\n<li class=\"page_item page-item-70 page_item_has_children\"><a href=\"https:\/\/www.arkaute.net\/es\/secretaria\/\">Secretar\u00eda<\/a>\n<ul class='children'>\n\t<li class=\"page_item page-item-72\"><a href=\"https:\/\/www.arkaute.net\/es\/secretaria\/requisitos-de-acceso\/\">Requisitos de acceso<\/a><\/li>\n\t<li class=\"page_item page-item-74\"><a href=\"https:\/\/www.arkaute.net\/es\/secretaria\/admision-y-matriculas\/\">Admisi\u00f3n y matr\u00edculas<\/a><\/li>\n\t<li class=\"page_item page-item-76\"><a href=\"https:\/\/www.arkaute.net\/es\/secretaria\/puertas-abiertas\/\">Puertas abiertas<\/a><\/li>\n\t<li class=\"page_item page-item-78\"><a href=\"https:\/\/www.arkaute.net\/es\/secretaria\/tramites\/\">Otros tr\u00e1mites<\/a><\/li>\n\t<li class=\"page_item page-item-80\"><a href=\"https:\/\/www.arkaute.net\/es\/secretaria\/contacto\/\">Contacto<\/a><\/li>\n<\/ul>\n<\/li>\n<\/ul>\n<\/div>\n","protected":false},"excerpt":{"rendered":"P\u00e1ginas Inicio Pol\u00edtica de privacidad Con\u00f3cenos Qui\u00e9nes somos Nuestras instalaciones &#8211; Servicios Certificados Proyectos Noticias C\u00f3mo llegar Estudia Actividades agropecuarias GB Jardiner\u00eda y florister\u00eda GM Producci\u00f3n<span class=\"excerpt-hellip\"> [\u2026]<\/span>","protected":false},"author":1,"featured_media":0,"parent":0,"menu_order":0,"comment_status":"closed","ping_status":"closed","template":"","meta":{"footnotes":""},"categories":[],"tags":[],"class_list":["post-162","page","type-page","status-publish","hentry"],"_links":{"self":[{"href":"https:\/\/www.arkaute.net\/es\/wp-json\/wp\/v2\/pages\/162","targetHints":{"allow":["GET"]}}],"collection":[{"href":"https:\/\/www.arkaute.net\/es\/wp-json\/wp\/v2\/pages"}],"about":[{"href":"https:\/\/www.arkaute.net\/es\/wp-json\/wp\/v2\/types\/page"}],"author":[{"embeddable":true,"href":"https:\/\/www.arkaute.net\/es\/wp-json\/wp\/v2\/users\/1"}],"replies":[{"embeddable":true,"href":"https:\/\/www.arkaute.net\/es\/wp-json\/wp\/v2\/comments?post=162"}],"version-history":[{"count":3,"href":"https:\/\/www.arkaute.net\/es\/wp-json\/wp\/v2\/pages\/162\/revisions"}],"predecessor-version":[{"id":165,"href":"https:\/\/www.arkaute.net\/es\/wp-json\/wp\/v2\/pages\/162\/revisions\/165"}],"wp:attachment":[{"href":"https:\/\/www.arkaute.net\/es\/wp-json\/wp\/v2\/media?parent=162"}],"wp:term":[{"taxonomy":"category","embeddable":true,"href":"https:\/\/www.arkaute.net\/es\/wp-json\/wp\/v2\/categories?post=162"},{"taxonomy":"post_tag","embeddable":true,"href":"https:\/\/www.arkaute.net\/es\/wp-json\/wp\/v2\/tags?post=162"}],"curies":[{"name":"wp","href":"https:\/\/api.w.org\/{rel}","templated":true}]}}