{"id":1438,"date":"2024-11-28T13:18:08","date_gmt":"2024-11-28T12:18:08","guid":{"rendered":"https:\/\/arkaute.innobask.net\/?page_id=1438"},"modified":"2026-02-26T13:25:07","modified_gmt":"2026-02-26T12:25:07","slug":"otros-cursos","status":"publish","type":"page","link":"https:\/\/www.arkaute.net\/es\/estudia\/otros-cursos\/","title":{"rendered":"Otros cursos"},"content":{"rendered":"<div class=\"wpb-content-wrapper\"><p>[vc_row full_width=\u00bbstretch_row\u00bb parallax=\u00bbcontent-moving\u00bb parallax_image=\u00bb373&#8243; parallax_speed_bg=\u00bb2&#8243; css_animation=\u00bbbounceInRight\u00bb css=\u00bb.vc_custom_1732990692888{background-color: #F6F8F7 !important;}\u00bb el_id=\u00bbcursos\u00bb][vc_column][vc_column_text css=\u00bb.vc_custom_1772108171930{margin-top: -20px !important;}\u00bb el_class=\u00bbtextos_iconos_ciclos\u00bb]<\/p>\n<h2 style=\"text-align: left;\">Cursos 2025 (finalizados)<\/h2>\n<p>[\/vc_column_text][vc_btn title=\u00bbInscripciones\u00bb color=\u00bbgreen\u00bb css_animation=\u00bbflipInX\u00bb css=\u00bb\u00bb link=\u00bburl:https%3A%2F%2Fdocs.google.com%2Fforms%2Fd%2Fe%2F1FAIpQLSfuE85V-iF6NLtb4El-7rfV1xOpej2_9CBOnFf8J0WUceO-EQ%2Fviewform%3Fusp%3Dheader|target:_blank\u00bb][vc_row_inner css=\u00bb.vc_custom_1732989866367{margin-bottom: 0px !important;padding-bottom: 0px !important;}\u00bb][vc_column_inner width=\u00bb1\/3&#8243;]<div class=\"cq-ribbon-container \" style=\"max-width:;\" data-ribbonwidth=\"https:\/\/docs.google.com\/forms\/d\/e\/1FAIpQLSfuE85V-iF6NLtb4El-7rfV1xOpej2_9CBOnFf8J0WUceO-EQ\/viewform?usp=header\" data-ribbontop=\"16px\" data-ribbonleft=\"10px\"  data-ribboncolor=\"#000000\" data-containerbg=\"#04722A\" data-textcolor=\"#FFFFFF\" data-textmargintop=\"\"><div style=\"background:#ADFA3A;color:#000000;\nbackground:#ADFA3A;color:#000000;top:10px;bottom:auto\" class=\"cq-ribbon4\">CURSOS<div class=\"arrow\" style=\"border-color:transparent #ADFA3A\"><\/div><\/div><div class=\"cq-ribbon-content\"><img decoding=\"async\" src=\"https:\/\/www.arkaute.net\/wp-content\/uploads\/2025\/09\/1-1.png\" alt=\"\" \/><p class=\"cq-ribbon-text\"><strong>SketchUp<\/strong><br \/>\n<strong>Duraci\u00f3n<\/strong>: 16 h.<br \/>\n<strong>Fecha<\/strong>: 29 octubre y 5-12-19 noviembre 2025<br \/>\n<strong>Horario<\/strong>: 10:15-14:15<br \/>\n<strong>Imparte<\/strong>: Argi Intxausti<\/p>\n<p><span style=\"color: #ffffff;\"><strong>Matr\u00edcula:\u00a0 Subvencionado por Diputaci\u00f3n Foral de Alava<\/strong><\/span><\/p><\/div><\/div><div class=\"cq-ribbon-container \" style=\"max-width:;\" data-ribbonwidth=\"https:\/\/docs.google.com\/forms\/d\/e\/1FAIpQLSfuE85V-iF6NLtb4El-7rfV1xOpej2_9CBOnFf8J0WUceO-EQ\/viewform?usp=header\" data-ribbontop=\"16px\" data-ribbonleft=\"10px\"  data-ribboncolor=\"#000000\" data-containerbg=\"#04722A\" data-textcolor=\"#FFFFFF\" data-textmargintop=\"\"><div style=\"background:#ADFA3A;color:#000000;\nbackground:#ADFA3A;color:#000000;top:10px;bottom:auto\" class=\"cq-ribbon4\">CURSOS<div class=\"arrow\" style=\"border-color:transparent #ADFA3A\"><\/div><\/div><div class=\"cq-ribbon-content\"><img decoding=\"async\" src=\"https:\/\/www.arkaute.net\/wp-content\/uploads\/2025\/09\/sistemas-radiculares-3.png\" alt=\"\" \/><p class=\"cq-ribbon-text\"><strong>Curso Integral de Sistemas Radiculares del Arbolado<\/strong><br \/>\n<strong>Duraci\u00f3n<\/strong>: 16 h.<br \/>\n<strong>Fecha<\/strong>: 27 al 30 octubre<br \/>\n<strong>Horario<\/strong>: 15:30h-19:30h<br \/>\n<strong>Imparte<\/strong>: Alejandro Ruiz Rolle<br \/>\n<strong> Subvencionado por Diputaci\u00f3n Foral de Alava\u00a0<\/strong><\/p><\/div><\/div>[\/vc_column_inner][vc_column_inner width=\u00bb1\/3&#8243;]<div class=\"cq-ribbon-container \" style=\"max-width:;\" data-ribbonwidth=\"\" data-ribbontop=\"16px\" data-ribbonleft=\"10px\"  data-ribboncolor=\"#000000\" data-containerbg=\"#04722A\" data-textcolor=\"#FFFFFF\" data-textmargintop=\"\"><div style=\"background:#ADFA3A;color:#000000;\nbackground:#ADFA3A;color:#000000;top:10px;bottom:auto\" class=\"cq-ribbon4\">CURSOS<div class=\"arrow\" style=\"border-color:transparent #ADFA3A\"><\/div><\/div><div class=\"cq-ribbon-content\"><img decoding=\"async\" src=\"https:\/\/www.arkaute.net\/wp-content\/uploads\/2025\/09\/diseno-jardines-domesticos-1-2-pdf.jpg\" alt=\"\" \/><p class=\"cq-ribbon-text\"><strong><span class=\"OYPEnA font-feature-liga-off font-feature-clig-off font-feature-calt-off text-decoration-none text-strikethrough-none\">DISE\u00d1O DE JARDINES DOM\u00c9STICOS<\/span><\/strong><br \/>\n<strong>Duraci\u00f3n:<\/strong> 20 HORAS.<strong><br \/>\nFecha<\/strong>: 5,\u00a0 6, 18, 19 y 20 de noviembre<br \/>\n<strong>Horario<\/strong>: 15:30 &#8211; 19:30<br \/>\n<strong>Imparte<\/strong>: Joaqu\u00edn Garc\u00eda Purroy<br \/>\n<strong>Matr\u00edcula: Curso subvencionado por Diputaci\u00f3n Foral de \u00c1lava<\/strong><\/p><\/div><\/div><div class=\"cq-ribbon-container \" style=\"max-width:;\" data-ribbonwidth=\"\" data-ribbontop=\"16px\" data-ribbonleft=\"10px\"  data-ribboncolor=\"#000000\" data-containerbg=\"#04722A\" data-textcolor=\"#FFFFFF\" data-textmargintop=\"\"><div style=\"background:#1E73BE;color:#000000;\nbackground:#1E73BE;color:#000000;top:10px;bottom:auto\" class=\"cq-ribbon4\">JORNADAS<div class=\"arrow\" style=\"border-color:transparent #1E73BE\"><\/div><\/div><div class=\"cq-ribbon-content\"><img decoding=\"async\" src=\"https:\/\/www.arkaute.net\/wp-content\/uploads\/2025\/10\/Jornada-Riego-automatico-en-zonas-verdes-2-pdf.jpg\" alt=\"\" \/><p class=\"cq-ribbon-text\"><strong>Riego autom\u00e1tico en zonas verdes<\/strong><br \/>\n<strong>Duraci\u00f3n:<\/strong> 12 horas<br \/>\n<strong>Fechas:<\/strong>\u00a04 y 5 de noviembre<br \/>\n<strong>Horario:\u00a0<\/strong>8:30 &#8211; 14:30<br \/>\n<strong>Imparte:\u00a0<\/strong>Juan Garc\u00eda Barbero<br \/>\n<strong>Subvencionado por Diputaci\u00f3n Foral de Alava<\/strong><\/p><\/div><\/div>[\/vc_column_inner][vc_column_inner width=\u00bb1\/3&#8243;]<div class=\"cq-ribbon-container \" style=\"max-width:;\" data-ribbonwidth=\"\" data-ribbontop=\"16px\" data-ribbonleft=\"10px\"  data-ribboncolor=\"#000000\" data-containerbg=\"#04722A\" data-textcolor=\"#FFFFFF\" data-textmargintop=\"\"><div style=\"background:#ADFA3A;color:#000000;\nbackground:#ADFA3A;color:#000000;top:10px;bottom:auto\" class=\"cq-ribbon4\">CURSOS<div class=\"arrow\" style=\"border-color:transparent #ADFA3A\"><\/div><\/div><div class=\"cq-ribbon-content\"><img decoding=\"async\" src=\"https:\/\/www.arkaute.net\/wp-content\/uploads\/2025\/09\/poda-en-el-arbolado-urbano-5.png\" alt=\"\" \/><p class=\"cq-ribbon-text\"><strong>Evaluaci\u00f3n visual para una correcta aplicaci\u00f3n de la poda en el arbolado urbano<\/strong><br \/>\n<strong>Duraci\u00f3n: 16h<br \/>\n<strong>Fecha<\/strong>: 6 al 9\u00a0 octubre<br \/>\n<strong>Horario<\/strong>:15:30h-19:30h<br \/>\n<strong>Imparte:Alejandro Ruiz Rolle<br \/>\n<strong>Matr\u00edcula: Subvencionado Diputaci\u00f3n Foral de \u00c1lava<\/strong><\/strong><\/strong><\/p><\/div><\/div>[\/vc_column_inner][\/vc_row_inner][vc_row_inner css=\u00bb.vc_custom_1732989866367{margin-bottom: 0px !important;padding-bottom: 0px !important;}\u00bb][vc_column_inner width=\u00bb1\/3&#8243;]<div class=\"cq-ribbon-container \" style=\"max-width:;\" data-ribbonwidth=\"https:\/\/docs.google.com\/forms\/d\/e\/1FAIpQLSfuE85V-iF6NLtb4El-7rfV1xOpej2_9CBOnFf8J0WUceO-EQ\/viewform?usp=header\" data-ribbontop=\"16px\" data-ribbonleft=\"10px\"  data-ribboncolor=\"#000000\" data-containerbg=\"#D1C9C9\" data-textcolor=\"#FFFFFF\" data-textmargintop=\"\"><div style=\"background:#D3D7CE;color:#000000;\nbackground:#D3D7CE;color:#000000;top:10px;bottom:auto\" class=\"cq-ribbon4\">CURSOS<div class=\"arrow\" style=\"border-color:transparent #D3D7CE\"><\/div><\/div><div class=\"cq-ribbon-content\"><img decoding=\"async\" src=\"https:\/\/www.arkaute.net\/wp-content\/uploads\/2025\/09\/inicacion-a-la-horticultura-ecologica.png\" alt=\"\" \/><p class=\"cq-ribbon-text\"><strong>Iniciaci\u00f3n a la horticultura ecol\u00f3gica<\/strong><br \/>\n<strong>Duraci\u00f3n<\/strong>: 16 horas<br \/>\n<strong>Fecha<\/strong>: 7 al 10 de abril 2025<br \/>\n<strong>Horario<\/strong>: 15:00 h. &#8211; 19:00 h.<br \/>\n<strong>Imparte<\/strong>: Julen Azkoaga<\/p>\n<p><span style=\"color: #ffffff;\"><strong>Matr\u00edcula:<\/strong> 70\u20ac<\/span><\/p><\/div><\/div>[\/vc_column_inner][vc_column_inner width=\u00bb1\/3&#8243;]<div class=\"cq-ribbon-container \" style=\"max-width:;\" data-ribbonwidth=\"\" data-ribbontop=\"16px\" data-ribbonleft=\"10px\"  data-ribboncolor=\"#000000\" data-containerbg=\"#ABAEAC\" data-textcolor=\"#FFFFFF\" data-textmargintop=\"\"><div style=\"background:#B8BDB2;color:#000000;\nbackground:#B8BDB2;color:#000000;top:10px;bottom:auto\" class=\"cq-ribbon4\">CURSOS<div class=\"arrow\" style=\"border-color:transparent #B8BDB2\"><\/div><\/div><div class=\"cq-ribbon-content\"><img decoding=\"async\" src=\"https:\/\/www.arkaute.net\/wp-content\/uploads\/2025\/03\/conduccion-de-tractor-agricola.png\" alt=\"\" \/><p class=\"cq-ribbon-text\"><strong><span class=\"OYPEnA font-feature-liga-off font-feature-clig-off font-feature-calt-off text-decoration-none text-strikethrough-none\">CONDUCCI\u00d3N DE TRACTOR AGR\u00cdCOLA<\/span><\/strong><br \/>\n<strong>Duraci\u00f3n:<\/strong> 40 HORAS.<strong><br \/>\nFecha<\/strong>: 12 mayo de 2025 a 27 de mayo 2025 (lunes a jueves)<br \/>\n<strong>Horario<\/strong>: 15:30 h. &#8211; 19:30 h.<br \/>\n<b>INSCRIPCIONES <a href=\"https:\/\/sedeelectronica.vitoria-gasteiz.org\/h01-01s\/cursoAction.do?accion=detalle&amp;idioma=es&amp;id=5074&amp;inscripcionWeb=true&amp;lang=es&amp;locale=es\">www.vitoriagasteiz.org\u00a0<\/a><\/b><\/p>\n<p><span style=\"color: #ffffff;\"><strong>Matr\u00edcula:\u00a0<\/strong><\/span><\/p><\/div><\/div>[\/vc_column_inner][vc_column_inner width=\u00bb1\/3&#8243;]<div class=\"cq-ribbon-container \" style=\"max-width:;\" data-ribbonwidth=\"\" data-ribbontop=\"16px\" data-ribbonleft=\"10px\"  data-ribboncolor=\"#000000\" data-containerbg=\"#A8ADAA\" data-textcolor=\"#000000\" data-textmargintop=\"\"><div style=\"background:#C8CCC2;color:#000000;\nbackground:#C8CCC2;color:#000000;top:10px;bottom:auto\" class=\"cq-ribbon4\">CURSOS<div class=\"arrow\" style=\"border-color:transparent #C8CCC2\"><\/div><\/div><div class=\"cq-ribbon-content\"><img decoding=\"async\" src=\"https:\/\/www.arkaute.net\/wp-content\/uploads\/2025\/02\/QGIS-2.png\" alt=\"QGIS\" \/><p class=\"cq-ribbon-text\"><strong>Curso de QGIS<\/strong><br \/>\n<strong>Duraci\u00f3n<\/strong>: 16 h.<br \/>\n<strong>Fecha<\/strong>: 1-2-8-9 ABRIL 2025<br \/>\n<strong>Horario<\/strong>: 15:30 h. &#8211; 19:30 h.<br \/>\n<strong>Imparte<\/strong>: Argi Intxausti<\/p>\n<p><span style=\"color: #ffffff;\"><b>Matr\u00edcula:<\/b> 120\u20ac<\/span><\/p><\/div><\/div>[\/vc_column_inner][\/vc_row_inner][vc_column_inner width=\u00bb1\/3&#8243;]<div class=\"cq-ribbon-container \" style=\"max-width:;\" data-ribbonwidth=\"https:\/\/docs.google.com\/forms\/d\/e\/1FAIpQLSfuE85V-iF6NLtb4El-7rfV1xOpej2_9CBOnFf8J0WUceO-EQ\/viewform?usp=header\" data-ribbontop=\"16px\" data-ribbonleft=\"10px\"  data-ribboncolor=\"#000000\" data-containerbg=\"#B3B8B5\" data-textcolor=\"#FFFFFF\" data-textmargintop=\"\"><div style=\"background:#A7A9A4;color:#000000;\nbackground:#A7A9A4;color:#000000;top:10px;bottom:auto\" class=\"cq-ribbon4\">CURSOS<div class=\"arrow\" style=\"border-color:transparent #A7A9A4\"><\/div><\/div><div class=\"cq-ribbon-content\"><img decoding=\"async\" src=\"https:\/\/www.arkaute.net\/wp-content\/uploads\/2025\/02\/1-1.png\" alt=\"\" \/><p class=\"cq-ribbon-text\"><span style=\"color: #808080;\"><strong><span class=\"OYPEnA font-feature-liga-off font-feature-clig-off font-feature-calt-off text-decoration-none text-strikethrough-none\">APLICADOR DE PRODUCTOS FITOSANITARIOS. NIVEL B\u00c1SICO<\/span><\/strong><\/span><br \/>\n<span style=\"color: #808080;\"><strong>Duraci\u00f3n:<\/strong> 25 horas<strong><br \/>\nFecha<\/strong>: 25-26 de marzo y 1-2 de abril 2025<\/span><br \/>\n<span style=\"color: #808080;\"><strong>Horario<\/strong>: 8:15 h. &#8211; 14:30 h.<\/span><br \/>\n<span style=\"color: #808080;\"><strong>Imparte<\/strong>: Roberto Puch<\/span><\/p>\n<p><span style=\"color: #ffffff;\"><strong>Matr\u00edcula: 60\u20ac<\/strong><\/span><\/p><\/div><\/div>[\/vc_column_inner][vc_column_inner width=\u00bb1\/3&#8243;]<div class=\"cq-ribbon-container \" style=\"max-width:;\" data-ribbonwidth=\"https:\/\/docs.google.com\/forms\/d\/e\/1FAIpQLSfuE85V-iF6NLtb4El-7rfV1xOpej2_9CBOnFf8J0WUceO-EQ\/viewform?usp=header\" data-ribbontop=\"16px\" data-ribbonleft=\"10px\"  data-ribboncolor=\"#000000\" data-containerbg=\"#B6BAB7\" data-textcolor=\"#FFFFFF\" data-textmargintop=\"\"><div style=\"background:#91928E;color:#000000;\nbackground:#91928E;color:#000000;top:10px;bottom:auto\" class=\"cq-ribbon4\">CURSOS<div class=\"arrow\" style=\"border-color:transparent #91928E\"><\/div><\/div><div class=\"cq-ribbon-content\"><img decoding=\"async\" src=\"https:\/\/www.arkaute.net\/wp-content\/uploads\/2025\/02\/planta-horticola.png\" alt=\"produccion de planta horticola en semillero\" \/><p class=\"cq-ribbon-text\"><span style=\"color: #808080;\"><strong><span class=\"OYPEnA font-feature-liga-off font-feature-clig-off font-feature-calt-off text-decoration-none text-strikethrough-none\">PRODUCCI\u00d3N DE PLANTA HORT\u00cdCOLA EN SEMILLERO<\/span><\/strong><\/span><br \/>\n<span style=\"color: #808080;\"><strong>Duraci\u00f3n:<\/strong> 20 h.<strong><br \/>\nFecha<\/strong>: 24,25,26,31 de marzo y 1 de abril 2025<\/span><br \/>\n<span style=\"color: #808080;\"><strong>Horario<\/strong>: 15:30 h. &#8211; 19:30 h.<\/span><br \/>\n<span style=\"color: #808080;\"><strong>Imparte<\/strong>: Ignacio L\u00f3pez<\/span><\/p>\n<p><span style=\"color: #ffffff;\"><strong>Matr\u00edcula: 80\u20ac<\/strong><\/span><\/p><\/div><\/div>[\/vc_column_inner][vc_column_inner width=\u00bb1\/3&#8243;][\/vc_column_inner][\/vc_column][\/vc_row][vc_row full_width=\u00bbstretch_row\u00bb gap=\u00bb35&#8243; css_animation=\u00bbbounceInRight\u00bb css=\u00bb.vc_custom_1730372500537{margin-top: 30px !important;background-color: #FFFFFF !important;}\u00bb][vc_column el_class=\u00bbdestacado-mov-oscilante\u00bb][vc_column_text css=\u00bb\u00bb]<\/p>\n<h2 style=\"text-align: center;\">\u00bfQuieres m\u00e1s informaci\u00f3n?<\/h2>\n<p>[\/vc_column_text][vc_row_inner content_placement=\u00bbtop\u00bb css=\u00bb.vc_custom_1730316415236{margin-bottom: 0px !important;padding-bottom: 0px !important;}\u00bb][vc_column_inner width=\u00bb1\/4&#8243;][\/vc_column_inner][vc_column_inner width=\u00bb1\/4&#8243; css=\u00bb.vc_custom_1730315057041{margin-bottom: 0px !important;padding-bottom: 0px !important;}\u00bb][vc_icon icon_fontawesome=\u00bbfar fa-edit\u00bb color=\u00bbblack\u00bb size=\u00bbxl\u00bb align=\u00bbcenter\u00bb css=\u00bb\u00bb][\/vc_column_inner][vc_column_inner width=\u00bb1\/4&#8243; css=\u00bb.vc_custom_1730315049742{margin-bottom: 0px !important;padding-bottom: 0px !important;}\u00bb][vc_column_text css=\u00bb\u00bb]<a href=\"mailto:psaratxo@arkaute.net\">psaratxo@arkaute.net<\/a>[\/vc_column_text][vc_column_text css=\u00bb\u00bb]<a href=\"http:\/\/634 232 485\">634 232 485<\/a>[\/vc_column_text][\/vc_column_inner][vc_column_inner width=\u00bb1\/4&#8243;][\/vc_column_inner][\/vc_row_inner][\/vc_column][\/vc_row]<\/p>\n<\/div>","protected":false},"excerpt":{"rendered":"<p>[vc_row full_width=\u00bbstretch_row\u00bb parallax=\u00bbcontent-moving\u00bb parallax_image=\u00bb373&#8243; parallax_speed_bg=\u00bb2&#8243; css_animation=\u00bbbounceInRight\u00bb css=\u00bb.vc_custom_1732990692888{background-color: #F6F8F7 !important;}\u00bb el_id=\u00bbcursos\u00bb][vc_column][vc_column_text css=\u00bb.vc_custom_1772108171930{margin-top: -20px !important;}\u00bb el_class=\u00bbtextos_iconos_ciclos\u00bb] Cursos 2025 (finalizados) [\/vc_column_text][vc_btn title=\u00bbInscripciones\u00bb color=\u00bbgreen\u00bb css_animation=\u00bbflipInX\u00bb css=\u00bb\u00bb link=\u00bburl:https%3A%2F%2Fdocs.google.com%2Fforms%2Fd%2Fe%2F1FAIpQLSfuE85V-iF6NLtb4El-7rfV1xOpej2_9CBOnFf8J0WUceO-EQ%2Fviewform%3Fusp%3Dheader|target:_blank\u00bb][vc_row_inner css=\u00bb.vc_custom_1732989866367{margin-bottom: 0px !important;padding-bottom:<span class=\"excerpt-hellip\"> [\u2026]<\/span><\/p>\n","protected":false},"author":2,"featured_media":2928,"parent":28,"menu_order":0,"comment_status":"closed","ping_status":"closed","template":"","meta":{"footnotes":""},"categories":[],"tags":[],"class_list":["post-1438","page","type-page","status-publish","has-post-thumbnail","hentry"],"_links":{"self":[{"href":"https:\/\/www.arkaute.net\/es\/wp-json\/wp\/v2\/pages\/1438","targetHints":{"allow":["GET"]}}],"collection":[{"href":"https:\/\/www.arkaute.net\/es\/wp-json\/wp\/v2\/pages"}],"about":[{"href":"https:\/\/www.arkaute.net\/es\/wp-json\/wp\/v2\/types\/page"}],"author":[{"embeddable":true,"href":"https:\/\/www.arkaute.net\/es\/wp-json\/wp\/v2\/users\/2"}],"replies":[{"embeddable":true,"href":"https:\/\/www.arkaute.net\/es\/wp-json\/wp\/v2\/comments?post=1438"}],"version-history":[{"count":160,"href":"https:\/\/www.arkaute.net\/es\/wp-json\/wp\/v2\/pages\/1438\/revisions"}],"predecessor-version":[{"id":3630,"href":"https:\/\/www.arkaute.net\/es\/wp-json\/wp\/v2\/pages\/1438\/revisions\/3630"}],"up":[{"embeddable":true,"href":"https:\/\/www.arkaute.net\/es\/wp-json\/wp\/v2\/pages\/28"}],"wp:featuredmedia":[{"embeddable":true,"href":"https:\/\/www.arkaute.net\/es\/wp-json\/wp\/v2\/media\/2928"}],"wp:attachment":[{"href":"https:\/\/www.arkaute.net\/es\/wp-json\/wp\/v2\/media?parent=1438"}],"wp:term":[{"taxonomy":"category","embeddable":true,"href":"https:\/\/www.arkaute.net\/es\/wp-json\/wp\/v2\/categories?post=1438"},{"taxonomy":"post_tag","embeddable":true,"href":"https:\/\/www.arkaute.net\/es\/wp-json\/wp\/v2\/tags?post=1438"}],"curies":[{"name":"wp","href":"https:\/\/api.w.org\/{rel}","templated":true}]}}